{"id":60791,"date":"2025-04-20T14:03:16","date_gmt":"2025-04-20T14:03:16","guid":{"rendered":"https:\/\/staging2.stylingagenten.com\/sv\/produkt\/banila-co-clean-it-zero-original-cleansing-balm-50ml\/"},"modified":"2025-12-18T21:31:19","modified_gmt":"2025-12-18T21:31:19","slug":"banila-co-clean-it-zero-original-cleansing-balm-50ml","status":"publish","type":"product","link":"https:\/\/stylingagenten.com\/sv\/produkt\/banila-co-clean-it-zero-original-cleansing-balm-50ml\/","title":{"rendered":"Banila Co Clean it Zero Original Cleansing Balm 50ml"},"content":{"rendered":"<p>Banila Clean It Zero Cleansing Balm i originalutf\u00f6rande. Ett reng\u00f6ringsbalm som effektivt sm\u00e4lter bort smuts och makeuprester utan att torka ut huden och kan anv\u00e4ndas som ett f\u00f6rsta steg i dubbelreng\u00f6ring. Appliceras i fast form och f\u00f6rvandlas till olja n\u00e4r den masseras in i huden. Inneh\u00e5ller esterolja och vitamin E som v\u00e5rdar och m\u00f6jligg\u00f6r anv\u00e4ndning f\u00f6r alla hudtyper.<\/p>\n<p>50ml<\/p>\n","protected":false},"excerpt":{"rendered":"<p>Banila Clean It Zero Cleansing Balm i originalutf\u00f6rande. Ett reng\u00f6ringsbalm som effektivt sm\u00e4lter bort smuts och makeuprester utan att torka ut huden och kan anv\u00e4ndas som ett f\u00f6rsta steg i dubbelreng\u00f6ring. Appliceras i fast form och f\u00f6rvandlas till olja n\u00e4r den masseras in i huden. Inneh\u00e5ller esterolja och vitamin E som v\u00e5rdar och m\u00f6jligg\u00f6r anv\u00e4ndning [&hellip;]<\/p>\n","protected":false},"featured_media":60785,"comment_status":"open","ping_status":"closed","template":"","meta":{"_trash_the_other_posts":false},"product_brand":[],"product_cat":[609],"product_tag":[2463],"berocket_brand":[1394],"class_list":{"0":"post-60791","1":"product","2":"type-product","3":"status-publish","4":"has-post-thumbnail","6":"product_cat-ansiktsrengoring","7":"product_tag-banila-co-clean-it-zero-original-cleansing-balm","8":"pa_brand-banila-co","9":"pa_variant-50ml","10":"berocket_brand-banila-co","12":"first","13":"instock","14":"sale","15":"taxable","16":"shipping-taxable","17":"purchasable","18":"product-type-simple"},"_links":{"self":[{"href":"https:\/\/stylingagenten.com\/sv\/wp-json\/wp\/v2\/product\/60791","targetHints":{"allow":["GET"]}}],"collection":[{"href":"https:\/\/stylingagenten.com\/sv\/wp-json\/wp\/v2\/product"}],"about":[{"href":"https:\/\/stylingagenten.com\/sv\/wp-json\/wp\/v2\/types\/product"}],"replies":[{"embeddable":true,"href":"https:\/\/stylingagenten.com\/sv\/wp-json\/wp\/v2\/comments?post=60791"}],"version-history":[{"count":0,"href":"https:\/\/stylingagenten.com\/sv\/wp-json\/wp\/v2\/product\/60791\/revisions"}],"wp:featuredmedia":[{"embeddable":true,"href":"https:\/\/stylingagenten.com\/sv\/wp-json\/wp\/v2\/media\/60785"}],"wp:attachment":[{"href":"https:\/\/stylingagenten.com\/sv\/wp-json\/wp\/v2\/media?parent=60791"}],"wp:term":[{"taxonomy":"product_brand","embeddable":true,"href":"https:\/\/stylingagenten.com\/sv\/wp-json\/wp\/v2\/product_brand?post=60791"},{"taxonomy":"product_cat","embeddable":true,"href":"https:\/\/stylingagenten.com\/sv\/wp-json\/wp\/v2\/product_cat?post=60791"},{"taxonomy":"product_tag","embeddable":true,"href":"https:\/\/stylingagenten.com\/sv\/wp-json\/wp\/v2\/product_tag?post=60791"},{"taxonomy":"berocket_brand","embeddable":true,"href":"https:\/\/stylingagenten.com\/sv\/wp-json\/wp\/v2\/berocket_brand?post=60791"}],"curies":[{"name":"wp","href":"https:\/\/api.w.org\/{rel}","templated":true}]}}