{"id":60783,"date":"2025-04-20T14:03:14","date_gmt":"2025-04-20T14:03:14","guid":{"rendered":"https:\/\/staging2.stylingagenten.com\/sv\/produkt\/banila-co-clean-it-zero-cleansing-balm-brightening-100ml\/"},"modified":"2025-12-18T21:31:38","modified_gmt":"2025-12-18T21:31:38","slug":"banila-co-clean-it-zero-cleansing-balm-brightening-100ml","status":"publish","type":"product","link":"https:\/\/stylingagenten.com\/sv\/produkt\/banila-co-clean-it-zero-cleansing-balm-brightening-100ml\/","title":{"rendered":"Banila Co Clean It Zero Cleansing Balm Brightening 100ml"},"content":{"rendered":"<p>Banila Co Clean It Zero Cleansing Balm Brightening \u00e4r ett reng\u00f6ringsbalm som effektivt sm\u00e4lter bort smuts och makeuprester utan att torka ut huden och kan anv\u00e4ndas som ett f\u00f6rsta steg i dubbelreng\u00f6ring. Appliceras i fast form och f\u00f6rvandlas till olja n\u00e4r den masseras in i huden.<\/p>\n<p>Mandarin-C \u2122 &#8211; Inneh\u00e5ller mandarin peel olja och vitaminer f\u00f6r att ge en klar hudton och str\u00e5lande lyster efter reng\u00f6ring.<\/p>\n<p>Det fr\u00e4scha och \u00e5terfuktande cleansing balmet levererar vitaminer och fukt in i huden, samtidigt som den reng\u00f6r.<\/p>\n<p>100ml<\/p>\n","protected":false},"excerpt":{"rendered":"<p>Banila Co Clean It Zero Cleansing Balm Brightening \u00e4r ett reng\u00f6ringsbalm som effektivt sm\u00e4lter bort smuts och makeuprester utan att torka ut huden och kan anv\u00e4ndas som ett f\u00f6rsta steg i dubbelreng\u00f6ring. Appliceras i fast form och f\u00f6rvandlas till olja n\u00e4r den masseras in i huden. Mandarin-C \u2122 &#8211; Inneh\u00e5ller mandarin peel olja och vitaminer [&hellip;]<\/p>\n","protected":false},"featured_media":60754,"comment_status":"open","ping_status":"closed","template":"","meta":{"_trash_the_other_posts":false},"product_brand":[],"product_cat":[609],"product_tag":[],"berocket_brand":[1394],"class_list":{"0":"post-60783","1":"product","2":"type-product","3":"status-publish","4":"has-post-thumbnail","6":"product_cat-ansiktsrengoring","7":"pa_brand-banila-co","8":"berocket_brand-banila-co","10":"first","11":"instock","12":"sale","13":"taxable","14":"shipping-taxable","15":"purchasable","16":"product-type-simple"},"_links":{"self":[{"href":"https:\/\/stylingagenten.com\/sv\/wp-json\/wp\/v2\/product\/60783","targetHints":{"allow":["GET"]}}],"collection":[{"href":"https:\/\/stylingagenten.com\/sv\/wp-json\/wp\/v2\/product"}],"about":[{"href":"https:\/\/stylingagenten.com\/sv\/wp-json\/wp\/v2\/types\/product"}],"replies":[{"embeddable":true,"href":"https:\/\/stylingagenten.com\/sv\/wp-json\/wp\/v2\/comments?post=60783"}],"version-history":[{"count":0,"href":"https:\/\/stylingagenten.com\/sv\/wp-json\/wp\/v2\/product\/60783\/revisions"}],"wp:featuredmedia":[{"embeddable":true,"href":"https:\/\/stylingagenten.com\/sv\/wp-json\/wp\/v2\/media\/60754"}],"wp:attachment":[{"href":"https:\/\/stylingagenten.com\/sv\/wp-json\/wp\/v2\/media?parent=60783"}],"wp:term":[{"taxonomy":"product_brand","embeddable":true,"href":"https:\/\/stylingagenten.com\/sv\/wp-json\/wp\/v2\/product_brand?post=60783"},{"taxonomy":"product_cat","embeddable":true,"href":"https:\/\/stylingagenten.com\/sv\/wp-json\/wp\/v2\/product_cat?post=60783"},{"taxonomy":"product_tag","embeddable":true,"href":"https:\/\/stylingagenten.com\/sv\/wp-json\/wp\/v2\/product_tag?post=60783"},{"taxonomy":"berocket_brand","embeddable":true,"href":"https:\/\/stylingagenten.com\/sv\/wp-json\/wp\/v2\/berocket_brand?post=60783"}],"curies":[{"name":"wp","href":"https:\/\/api.w.org\/{rel}","templated":true}]}}