{"id":60780,"date":"2025-04-20T14:03:13","date_gmt":"2025-04-20T14:03:13","guid":{"rendered":"https:\/\/staging2.stylingagenten.com\/sv\/produkt\/babor-gentle-cleansing-cream-100ml\/"},"modified":"2026-04-05T20:28:48","modified_gmt":"2026-04-05T20:28:48","slug":"babor-gentle-cleansing-cream-100ml","status":"publish","type":"product","link":"https:\/\/stylingagenten.com\/sv\/produkt\/babor-gentle-cleansing-cream-100ml\/","title":{"rendered":"BABOR Gentle Cleansing Cream 100ml"},"content":{"rendered":"<p>BABOR Gentle Cleansing Cream \u00e4r en mild, parfymfri reng\u00f6ringskr\u00e4m med rik textur anpassad f\u00f6r k\u00e4nslig hud. Med en formula baserad p\u00e5 utvalda naturliga oljor som tillsammans med E-vitamin reng\u00f6r huden effektivt och skonsamt samt bibeh\u00e5ller ett balanserat mikrobiom. Naturliga lipider och ceramider av havre bevarar hudens naturligt skyddande barri\u00e4r och polysackarider fr\u00e5n majs balanserar fukthalten i huden. Proteinextrakt fr\u00e5n moringafr\u00f6n skyddar huden mot negativ milj\u00f6relaterad stress. Resultatet \u00e4r en perfekt rengjord och balanserad hud.<\/p>\n<p>100ml<\/p>\n","protected":false},"excerpt":{"rendered":"<p>BABOR Gentle Cleansing Cream \u00e4r en mild, parfymfri reng\u00f6ringskr\u00e4m med rik textur anpassad f\u00f6r k\u00e4nslig hud. Med en formula baserad p\u00e5 utvalda naturliga oljor som tillsammans med E-vitamin reng\u00f6r huden effektivt och skonsamt samt bibeh\u00e5ller ett balanserat mikrobiom. Naturliga lipider och ceramider av havre bevarar hudens naturligt skyddande barri\u00e4r och polysackarider fr\u00e5n majs balanserar fukthalten [&hellip;]<\/p>\n","protected":false},"featured_media":60770,"comment_status":"open","ping_status":"closed","template":"","meta":{"_trash_the_other_posts":false},"product_brand":[],"product_cat":[609,735,999,1000],"product_tag":[],"berocket_brand":[1987],"class_list":{"0":"post-60780","1":"product","2":"type-product","3":"status-publish","4":"has-post-thumbnail","6":"product_cat-ansiktsrengoring","7":"product_cat-kampanj","8":"product_cat-kampanj-for-henne","9":"product_cat-kampanj-for-honom","10":"pa_brand-babor","11":"berocket_brand-babor","13":"first","14":"instock","15":"sale","16":"taxable","17":"shipping-taxable","18":"purchasable","19":"product-type-simple"},"_links":{"self":[{"href":"https:\/\/stylingagenten.com\/sv\/wp-json\/wp\/v2\/product\/60780","targetHints":{"allow":["GET"]}}],"collection":[{"href":"https:\/\/stylingagenten.com\/sv\/wp-json\/wp\/v2\/product"}],"about":[{"href":"https:\/\/stylingagenten.com\/sv\/wp-json\/wp\/v2\/types\/product"}],"replies":[{"embeddable":true,"href":"https:\/\/stylingagenten.com\/sv\/wp-json\/wp\/v2\/comments?post=60780"}],"version-history":[{"count":0,"href":"https:\/\/stylingagenten.com\/sv\/wp-json\/wp\/v2\/product\/60780\/revisions"}],"wp:featuredmedia":[{"embeddable":true,"href":"https:\/\/stylingagenten.com\/sv\/wp-json\/wp\/v2\/media\/60770"}],"wp:attachment":[{"href":"https:\/\/stylingagenten.com\/sv\/wp-json\/wp\/v2\/media?parent=60780"}],"wp:term":[{"taxonomy":"product_brand","embeddable":true,"href":"https:\/\/stylingagenten.com\/sv\/wp-json\/wp\/v2\/product_brand?post=60780"},{"taxonomy":"product_cat","embeddable":true,"href":"https:\/\/stylingagenten.com\/sv\/wp-json\/wp\/v2\/product_cat?post=60780"},{"taxonomy":"product_tag","embeddable":true,"href":"https:\/\/stylingagenten.com\/sv\/wp-json\/wp\/v2\/product_tag?post=60780"},{"taxonomy":"berocket_brand","embeddable":true,"href":"https:\/\/stylingagenten.com\/sv\/wp-json\/wp\/v2\/berocket_brand?post=60780"}],"curies":[{"name":"wp","href":"https:\/\/api.w.org\/{rel}","templated":true}]}}