{"id":60771,"date":"2025-04-20T14:03:12","date_gmt":"2025-04-20T14:03:12","guid":{"rendered":"https:\/\/staging2.stylingagenten.com\/sv\/produkt\/babor-hy-ol-cleanser-200ml\/"},"modified":"2026-04-09T06:40:00","modified_gmt":"2026-04-09T06:40:00","slug":"babor-hy-ol-cleanser-200ml","status":"publish","type":"product","link":"https:\/\/stylingagenten.com\/sv\/produkt\/babor-hy-ol-cleanser-200ml\/","title":{"rendered":"BABOR HY-\u00d6l Cleanser 200ml"},"content":{"rendered":"<p>BABOR HY-\u00d6l Cleanser \u00e4r en unik 2-fas reng\u00f6ring framtagen med patent sedan 1955. Dr Michael BABOR var f\u00f6rst med att uppt\u00e4cka kombinationen av olja och vatten som ger den mest ideala djupreng\u00f6rande effekten p\u00e5 huden. Hydrofila, vatten\u00e4lskande v\u00e4xtoljor som tillsammans med Phyto HY-\u00d6L\u00ae Booster binder och avl\u00e4gsnar vatten- och fettl\u00f6sliga substanser p\u00e5 huden. Effektiv djupreng\u00f6ring som bevarar hudens naturligt skyddande barri\u00e4r. Huden blir perfekt rengjord, k\u00e4nns inte fet, inte stram utan balanserad och framf\u00f6r allt ren. Passar alla hudtyper\/hudtillst\u00e5nd.<\/p>\n<p>200ml<\/p>\n","protected":false},"excerpt":{"rendered":"<p>BABOR HY-\u00d6l Cleanser \u00e4r en unik 2-fas reng\u00f6ring framtagen med patent sedan 1955. Dr Michael BABOR var f\u00f6rst med att uppt\u00e4cka kombinationen av olja och vatten som ger den mest ideala djupreng\u00f6rande effekten p\u00e5 huden. Hydrofila, vatten\u00e4lskande v\u00e4xtoljor som tillsammans med Phyto HY-\u00d6L\u00ae Booster binder och avl\u00e4gsnar vatten- och fettl\u00f6sliga substanser p\u00e5 huden. Effektiv djupreng\u00f6ring [&hellip;]<\/p>\n","protected":false},"featured_media":60758,"comment_status":"open","ping_status":"closed","template":"","meta":{"_trash_the_other_posts":false},"product_brand":[],"product_cat":[609,735,999,1000],"product_tag":[],"berocket_brand":[1987],"class_list":{"0":"post-60771","1":"product","2":"type-product","3":"status-publish","4":"has-post-thumbnail","6":"product_cat-ansiktsrengoring","7":"product_cat-kampanj","8":"product_cat-kampanj-for-henne","9":"product_cat-kampanj-for-honom","10":"pa_brand-babor","11":"berocket_brand-babor","13":"first","14":"instock","15":"sale","16":"taxable","17":"shipping-taxable","18":"purchasable","19":"product-type-simple"},"_links":{"self":[{"href":"https:\/\/stylingagenten.com\/sv\/wp-json\/wp\/v2\/product\/60771","targetHints":{"allow":["GET"]}}],"collection":[{"href":"https:\/\/stylingagenten.com\/sv\/wp-json\/wp\/v2\/product"}],"about":[{"href":"https:\/\/stylingagenten.com\/sv\/wp-json\/wp\/v2\/types\/product"}],"replies":[{"embeddable":true,"href":"https:\/\/stylingagenten.com\/sv\/wp-json\/wp\/v2\/comments?post=60771"}],"version-history":[{"count":0,"href":"https:\/\/stylingagenten.com\/sv\/wp-json\/wp\/v2\/product\/60771\/revisions"}],"wp:featuredmedia":[{"embeddable":true,"href":"https:\/\/stylingagenten.com\/sv\/wp-json\/wp\/v2\/media\/60758"}],"wp:attachment":[{"href":"https:\/\/stylingagenten.com\/sv\/wp-json\/wp\/v2\/media?parent=60771"}],"wp:term":[{"taxonomy":"product_brand","embeddable":true,"href":"https:\/\/stylingagenten.com\/sv\/wp-json\/wp\/v2\/product_brand?post=60771"},{"taxonomy":"product_cat","embeddable":true,"href":"https:\/\/stylingagenten.com\/sv\/wp-json\/wp\/v2\/product_cat?post=60771"},{"taxonomy":"product_tag","embeddable":true,"href":"https:\/\/stylingagenten.com\/sv\/wp-json\/wp\/v2\/product_tag?post=60771"},{"taxonomy":"berocket_brand","embeddable":true,"href":"https:\/\/stylingagenten.com\/sv\/wp-json\/wp\/v2\/berocket_brand?post=60771"}],"curies":[{"name":"wp","href":"https:\/\/api.w.org\/{rel}","templated":true}]}}