{"id":60753,"date":"2025-04-20T14:03:09","date_gmt":"2025-04-20T14:03:09","guid":{"rendered":"https:\/\/staging2.stylingagenten.com\/sv\/produkt\/babor-hyaluronic-cleansing-balm-150ml\/"},"modified":"2026-03-02T20:57:27","modified_gmt":"2026-03-02T20:57:27","slug":"babor-hyaluronic-cleansing-balm-150ml","status":"publish","type":"product","link":"https:\/\/stylingagenten.com\/sv\/produkt\/babor-hyaluronic-cleansing-balm-150ml\/","title":{"rendered":"BABOR Hyaluronic Cleansing Balm 150ml"},"content":{"rendered":"<p>BABOR Hyaluronic Cleansing Balm \u00e4r ett reng\u00f6ringsbalm med naturliga, vatten\u00e4lskade v\u00e4xtoljor som sm\u00e4lter i kontakt med huden. Marula-, argan- och macadamian\u00f6tsolja binder och avl\u00e4gsnar vatten- och fettl\u00f6sliga substanser p\u00e5 huden vilket ger en effektiv men mild reng\u00f6ring. Samtidigt som hudens naturligt skyddande barri\u00e4r bevaras och bibeh\u00e5ller ett balanserat mikrobiom. Formulan inneh\u00e5ller 3D hyaluronsyra, k\u00e4nd f\u00f6r sin \u00e5terfuktande och utfyllande effekt. N\u00e4rande och fuktbevarande reng\u00f6ring som skyddar huden fr\u00e5n uttorkning och ger en ren, silkeslen hud. Speciellt rekommenderad torr och mogen hud.<\/p>\n<p>150ml<\/p>\n","protected":false},"excerpt":{"rendered":"<p>BABOR Hyaluronic Cleansing Balm \u00e4r ett reng\u00f6ringsbalm med naturliga, vatten\u00e4lskade v\u00e4xtoljor som sm\u00e4lter i kontakt med huden. Marula-, argan- och macadamian\u00f6tsolja binder och avl\u00e4gsnar vatten- och fettl\u00f6sliga substanser p\u00e5 huden vilket ger en effektiv men mild reng\u00f6ring. Samtidigt som hudens naturligt skyddande barri\u00e4r bevaras och bibeh\u00e5ller ett balanserat mikrobiom. Formulan inneh\u00e5ller 3D hyaluronsyra, k\u00e4nd f\u00f6r [&hellip;]<\/p>\n","protected":false},"featured_media":60743,"comment_status":"open","ping_status":"closed","template":"","meta":{"_trash_the_other_posts":false},"product_brand":[],"product_cat":[609,735,999,1000],"product_tag":[],"berocket_brand":[1987],"class_list":{"0":"post-60753","1":"product","2":"type-product","3":"status-publish","4":"has-post-thumbnail","6":"product_cat-ansiktsrengoring","7":"product_cat-kampanj","8":"product_cat-kampanj-for-henne","9":"product_cat-kampanj-for-honom","10":"pa_brand-babor","11":"berocket_brand-babor","13":"first","14":"instock","15":"sale","16":"taxable","17":"shipping-taxable","18":"purchasable","19":"product-type-simple"},"_links":{"self":[{"href":"https:\/\/stylingagenten.com\/sv\/wp-json\/wp\/v2\/product\/60753","targetHints":{"allow":["GET"]}}],"collection":[{"href":"https:\/\/stylingagenten.com\/sv\/wp-json\/wp\/v2\/product"}],"about":[{"href":"https:\/\/stylingagenten.com\/sv\/wp-json\/wp\/v2\/types\/product"}],"replies":[{"embeddable":true,"href":"https:\/\/stylingagenten.com\/sv\/wp-json\/wp\/v2\/comments?post=60753"}],"version-history":[{"count":0,"href":"https:\/\/stylingagenten.com\/sv\/wp-json\/wp\/v2\/product\/60753\/revisions"}],"wp:featuredmedia":[{"embeddable":true,"href":"https:\/\/stylingagenten.com\/sv\/wp-json\/wp\/v2\/media\/60743"}],"wp:attachment":[{"href":"https:\/\/stylingagenten.com\/sv\/wp-json\/wp\/v2\/media?parent=60753"}],"wp:term":[{"taxonomy":"product_brand","embeddable":true,"href":"https:\/\/stylingagenten.com\/sv\/wp-json\/wp\/v2\/product_brand?post=60753"},{"taxonomy":"product_cat","embeddable":true,"href":"https:\/\/stylingagenten.com\/sv\/wp-json\/wp\/v2\/product_cat?post=60753"},{"taxonomy":"product_tag","embeddable":true,"href":"https:\/\/stylingagenten.com\/sv\/wp-json\/wp\/v2\/product_tag?post=60753"},{"taxonomy":"berocket_brand","embeddable":true,"href":"https:\/\/stylingagenten.com\/sv\/wp-json\/wp\/v2\/berocket_brand?post=60753"}],"curies":[{"name":"wp","href":"https:\/\/api.w.org\/{rel}","templated":true}]}}