{"id":60663,"date":"2025-04-20T13:59:19","date_gmt":"2025-04-20T13:59:19","guid":{"rendered":"https:\/\/staging2.stylingagenten.com\/sv\/produkt\/anua-peach-77-niacin-enriched-cream-50ml\/"},"modified":"2025-12-18T21:28:53","modified_gmt":"2025-12-18T21:28:53","slug":"anua-peach-77-niacin-enriched-cream-50ml","status":"publish","type":"product","link":"https:\/\/stylingagenten.com\/sv\/produkt\/anua-peach-77-niacin-enriched-cream-50ml\/","title":{"rendered":"Anua Peach 77% Niacin Enriched Cream 50ml"},"content":{"rendered":"<p>ANUA Peach 77% Niacin Enriched Cream \u00e4r en \u00e5terfuktande och uppljusande ansiktskr\u00e4m som ger en str\u00e5lande och frisk hudton.<\/p>\n<p>Den \u00e5terfuktande och uppljusande ansiktskr\u00e4men passar alla hudtyper och dig som vill ha en gl\u00f6dande och frisk hud. Kr\u00e4men inneh\u00e5ller 77 % persikoextrakt, som \u00e4r rikt p\u00e5 vitaminer och antioxidanter, och hj\u00e4lper till att \u00e5terfukta huden och ge den lyster. Niacinamid (Vitamin B3) g\u00f6r hyperpigmentering mindre framtr\u00e4dande och j\u00e4mnar ut hudtonen. Ceramider st\u00e4rker hudbarri\u00e4ren och kapslar in fukt, medan kollagen f\u00f6rb\u00e4ttrar hudens elasticitet och minskar uppkomsten av fina rynkor. Panthenol (Vitamin B5) \u00e5terfuktar och lugnar huden. Kr\u00e4men har en l\u00e4tt konsistens som snabbt absorberas av huden.<\/p>\n<p>50ml<\/p>\n","protected":false},"excerpt":{"rendered":"<p>ANUA Peach 77% Niacin Enriched Cream \u00e4r en \u00e5terfuktande och uppljusande ansiktskr\u00e4m som ger en str\u00e5lande och frisk hudton. Den \u00e5terfuktande och uppljusande ansiktskr\u00e4men passar alla hudtyper och dig som vill ha en gl\u00f6dande och frisk hud. Kr\u00e4men inneh\u00e5ller 77 % persikoextrakt, som \u00e4r rikt p\u00e5 vitaminer och antioxidanter, och hj\u00e4lper till att \u00e5terfukta huden [&hellip;]<\/p>\n","protected":false},"featured_media":60658,"comment_status":"open","ping_status":"closed","template":"","meta":{"_trash_the_other_posts":false},"product_brand":[],"product_cat":[559],"product_tag":[],"berocket_brand":[1421],"class_list":{"0":"post-60663","1":"product","2":"type-product","3":"status-publish","4":"has-post-thumbnail","6":"product_cat-ansiktskram","7":"pa_brand-anua","8":"berocket_brand-anua","10":"first","11":"instock","12":"sale","13":"taxable","14":"shipping-taxable","15":"purchasable","16":"product-type-simple"},"_links":{"self":[{"href":"https:\/\/stylingagenten.com\/sv\/wp-json\/wp\/v2\/product\/60663","targetHints":{"allow":["GET"]}}],"collection":[{"href":"https:\/\/stylingagenten.com\/sv\/wp-json\/wp\/v2\/product"}],"about":[{"href":"https:\/\/stylingagenten.com\/sv\/wp-json\/wp\/v2\/types\/product"}],"replies":[{"embeddable":true,"href":"https:\/\/stylingagenten.com\/sv\/wp-json\/wp\/v2\/comments?post=60663"}],"version-history":[{"count":0,"href":"https:\/\/stylingagenten.com\/sv\/wp-json\/wp\/v2\/product\/60663\/revisions"}],"wp:featuredmedia":[{"embeddable":true,"href":"https:\/\/stylingagenten.com\/sv\/wp-json\/wp\/v2\/media\/60658"}],"wp:attachment":[{"href":"https:\/\/stylingagenten.com\/sv\/wp-json\/wp\/v2\/media?parent=60663"}],"wp:term":[{"taxonomy":"product_brand","embeddable":true,"href":"https:\/\/stylingagenten.com\/sv\/wp-json\/wp\/v2\/product_brand?post=60663"},{"taxonomy":"product_cat","embeddable":true,"href":"https:\/\/stylingagenten.com\/sv\/wp-json\/wp\/v2\/product_cat?post=60663"},{"taxonomy":"product_tag","embeddable":true,"href":"https:\/\/stylingagenten.com\/sv\/wp-json\/wp\/v2\/product_tag?post=60663"},{"taxonomy":"berocket_brand","embeddable":true,"href":"https:\/\/stylingagenten.com\/sv\/wp-json\/wp\/v2\/berocket_brand?post=60663"}],"curies":[{"name":"wp","href":"https:\/\/api.w.org\/{rel}","templated":true}]}}