{"id":60615,"date":"2025-04-20T13:58:49","date_gmt":"2025-04-20T13:58:49","guid":{"rendered":"https:\/\/staging2.stylingagenten.com\/sv\/produkt\/babor-skinovage-calming-cream-50ml\/"},"modified":"2026-04-15T07:49:39","modified_gmt":"2026-04-15T07:49:39","slug":"babor-skinovage-calming-cream-50ml","status":"publish","type":"product","link":"https:\/\/stylingagenten.com\/sv\/produkt\/babor-skinovage-calming-cream-50ml\/","title":{"rendered":"BABOR Skinovage Calming Cream 50ml"},"content":{"rendered":"<p>BABOR Skinovage Calming Cream \u00e4r en ansiktskr\u00e4m med speciellt INTENSE CALM extrakt kombinerat med allantoin och panthenol som tillsammans minskar irritationer, k\u00e4nslan av hud som stramar och stressrelaterad rodnad*. Huden blir lugnare och mer motst\u00e5ndskraftig mot stress och hudens naturligt skyddande barri\u00e4r st\u00e4rks*. Fri fr\u00e5n parfym och f\u00e4rg\u00e4mnen. Calming Cream \u00e4r \u00e4ven baserat p\u00e5 forskningsresultat och inneh\u00e5ller en specifik power peptid som f\u00f6rb\u00e4ttrar hudens regenrationsprocesser f\u00f6r en j\u00e4mnare mer vital hud.<\/p>\n<p>*Effektivitetsstudier av CALMING CREAM i kombination med CALMING SERUM.<\/p>\n<p>Passar till k\u00e4nslig hud<\/p>\n<p>50ml<\/p>\n","protected":false},"excerpt":{"rendered":"<p>BABOR Skinovage Calming Cream \u00e4r en ansiktskr\u00e4m med speciellt INTENSE CALM extrakt kombinerat med allantoin och panthenol som tillsammans minskar irritationer, k\u00e4nslan av hud som stramar och stressrelaterad rodnad*. Huden blir lugnare och mer motst\u00e5ndskraftig mot stress och hudens naturligt skyddande barri\u00e4r st\u00e4rks*. Fri fr\u00e5n parfym och f\u00e4rg\u00e4mnen. Calming Cream \u00e4r \u00e4ven baserat p\u00e5 forskningsresultat [&hellip;]<\/p>\n","protected":false},"featured_media":60610,"comment_status":"open","ping_status":"closed","template":"","meta":{"_trash_the_other_posts":false},"product_brand":[],"product_cat":[559,735,999,1000],"product_tag":[],"berocket_brand":[1987],"class_list":{"0":"post-60615","1":"product","2":"type-product","3":"status-publish","4":"has-post-thumbnail","6":"product_cat-ansiktskram","7":"product_cat-kampanj","8":"product_cat-kampanj-for-henne","9":"product_cat-kampanj-for-honom","10":"pa_brand-babor","11":"berocket_brand-babor","13":"first","14":"instock","15":"sale","16":"taxable","17":"shipping-taxable","18":"purchasable","19":"product-type-simple"},"_links":{"self":[{"href":"https:\/\/stylingagenten.com\/sv\/wp-json\/wp\/v2\/product\/60615","targetHints":{"allow":["GET"]}}],"collection":[{"href":"https:\/\/stylingagenten.com\/sv\/wp-json\/wp\/v2\/product"}],"about":[{"href":"https:\/\/stylingagenten.com\/sv\/wp-json\/wp\/v2\/types\/product"}],"replies":[{"embeddable":true,"href":"https:\/\/stylingagenten.com\/sv\/wp-json\/wp\/v2\/comments?post=60615"}],"version-history":[{"count":0,"href":"https:\/\/stylingagenten.com\/sv\/wp-json\/wp\/v2\/product\/60615\/revisions"}],"wp:featuredmedia":[{"embeddable":true,"href":"https:\/\/stylingagenten.com\/sv\/wp-json\/wp\/v2\/media\/60610"}],"wp:attachment":[{"href":"https:\/\/stylingagenten.com\/sv\/wp-json\/wp\/v2\/media?parent=60615"}],"wp:term":[{"taxonomy":"product_brand","embeddable":true,"href":"https:\/\/stylingagenten.com\/sv\/wp-json\/wp\/v2\/product_brand?post=60615"},{"taxonomy":"product_cat","embeddable":true,"href":"https:\/\/stylingagenten.com\/sv\/wp-json\/wp\/v2\/product_cat?post=60615"},{"taxonomy":"product_tag","embeddable":true,"href":"https:\/\/stylingagenten.com\/sv\/wp-json\/wp\/v2\/product_tag?post=60615"},{"taxonomy":"berocket_brand","embeddable":true,"href":"https:\/\/stylingagenten.com\/sv\/wp-json\/wp\/v2\/berocket_brand?post=60615"}],"curies":[{"name":"wp","href":"https:\/\/api.w.org\/{rel}","templated":true}]}}