{"id":53760,"date":"2025-02-27T12:29:27","date_gmt":"2025-02-27T12:29:27","guid":{"rendered":"https:\/\/staging2.stylingagenten.com\/sv\/produkt\/coach-dreams-edp-60ml\/"},"modified":"2026-03-11T22:05:52","modified_gmt":"2026-03-11T22:05:52","slug":"coach-dreams-edp-60ml","status":"publish","type":"product","link":"https:\/\/stylingagenten.com\/sv\/produkt\/coach-dreams-edp-60ml\/","title":{"rendered":"Coach Dreams Edp 60ml"},"content":{"rendered":"<p>Coach Dreams. En rolig och unik historia, som talar till oss alla.Coach Dreams Doften h\u00e4mtar inspiration fr\u00e5n Kaliforniens vackra och of\u00f6ruts\u00e4gbara \u00f6ken som inspirerar och lockar dig till att uppt\u00e4cka dina dr\u00f6mmar. Det \u00e4r en delikat och feminin doft, med en twist av en fruktig friskhet.<\/p>\n<p>Toppnoter: P\u00e4ron, Pomerans.<\/p>\n<p>Hj\u00e4rtnoter: Gardenia, Kaktusblomma.<\/p>\n<p>Basnoter: Ambroxan, Joshua Tr\u00e4.<\/p>\n<p>60 ml<\/p>\n","protected":false},"excerpt":{"rendered":"<p>Coach Dreams. En rolig och unik historia, som talar till oss alla.Coach Dreams Doften h\u00e4mtar inspiration fr\u00e5n Kaliforniens vackra och of\u00f6ruts\u00e4gbara \u00f6ken som inspirerar och lockar dig till att uppt\u00e4cka dina dr\u00f6mmar. Det \u00e4r en delikat och feminin doft, med en twist av en fruktig friskhet. Toppnoter: P\u00e4ron, Pomerans. Hj\u00e4rtnoter: Gardenia, Kaktusblomma. Basnoter: Ambroxan, Joshua [&hellip;]<\/p>\n","protected":false},"featured_media":53756,"comment_status":"open","ping_status":"closed","template":"","meta":{"_trash_the_other_posts":false},"product_brand":[],"product_cat":[706,735,999],"product_tag":[2752],"berocket_brand":[1991],"class_list":{"0":"post-53760","1":"product","2":"type-product","3":"status-publish","4":"has-post-thumbnail","6":"product_cat-eau-de-parfum-dam","7":"product_cat-kampanj","8":"product_cat-kampanj-for-henne","9":"product_tag-coach-dreams-edp","10":"pa_brand-coach","11":"pa_variant-60ml","12":"berocket_brand-coach","14":"first","15":"instock","16":"sale","17":"taxable","18":"shipping-taxable","19":"purchasable","20":"product-type-simple"},"_links":{"self":[{"href":"https:\/\/stylingagenten.com\/sv\/wp-json\/wp\/v2\/product\/53760","targetHints":{"allow":["GET"]}}],"collection":[{"href":"https:\/\/stylingagenten.com\/sv\/wp-json\/wp\/v2\/product"}],"about":[{"href":"https:\/\/stylingagenten.com\/sv\/wp-json\/wp\/v2\/types\/product"}],"replies":[{"embeddable":true,"href":"https:\/\/stylingagenten.com\/sv\/wp-json\/wp\/v2\/comments?post=53760"}],"version-history":[{"count":0,"href":"https:\/\/stylingagenten.com\/sv\/wp-json\/wp\/v2\/product\/53760\/revisions"}],"wp:featuredmedia":[{"embeddable":true,"href":"https:\/\/stylingagenten.com\/sv\/wp-json\/wp\/v2\/media\/53756"}],"wp:attachment":[{"href":"https:\/\/stylingagenten.com\/sv\/wp-json\/wp\/v2\/media?parent=53760"}],"wp:term":[{"taxonomy":"product_brand","embeddable":true,"href":"https:\/\/stylingagenten.com\/sv\/wp-json\/wp\/v2\/product_brand?post=53760"},{"taxonomy":"product_cat","embeddable":true,"href":"https:\/\/stylingagenten.com\/sv\/wp-json\/wp\/v2\/product_cat?post=53760"},{"taxonomy":"product_tag","embeddable":true,"href":"https:\/\/stylingagenten.com\/sv\/wp-json\/wp\/v2\/product_tag?post=53760"},{"taxonomy":"berocket_brand","embeddable":true,"href":"https:\/\/stylingagenten.com\/sv\/wp-json\/wp\/v2\/berocket_brand?post=53760"}],"curies":[{"name":"wp","href":"https:\/\/api.w.org\/{rel}","templated":true}]}}