{"id":53751,"date":"2025-02-27T12:28:24","date_gmt":"2025-02-27T12:28:24","guid":{"rendered":"https:\/\/staging2.stylingagenten.com\/sv\/produkt\/coach-edp-30ml\/"},"modified":"2025-12-18T21:30:49","modified_gmt":"2025-12-18T21:30:49","slug":"coach-edp-30ml","status":"publish","type":"product","link":"https:\/\/stylingagenten.com\/sv\/produkt\/coach-edp-30ml\/","title":{"rendered":"Coach Edp 30ml"},"content":{"rendered":"<p>COACH introducerar en tidl\u00f6s och universell skapelse f\u00f6r den moderna kvinnan med karakt\u00e4r och en autentisk, naturligt elegant stil. En cool urban attityd, inspirerad av energin i New York och de klassiska ikonerna fr\u00e5n COACH varum\u00e4rket. COACH Eau de parfume \u00e4r en fruktblommig doft som \u00e4r full av kontraster &#8211; b\u00e5de pigg och sprakande, men \u00e4nd\u00e5 sensuell och feminin. Med noter av hallonblad, Turkisk ros samt Mocka mysk.<\/p>\n<p>30 ml<\/p>\n","protected":false},"excerpt":{"rendered":"<p>COACH introducerar en tidl\u00f6s och universell skapelse f\u00f6r den moderna kvinnan med karakt\u00e4r och en autentisk, naturligt elegant stil. En cool urban attityd, inspirerad av energin i New York och de klassiska ikonerna fr\u00e5n COACH varum\u00e4rket. COACH Eau de parfume \u00e4r en fruktblommig doft som \u00e4r full av kontraster &#8211; b\u00e5de pigg och sprakande, men [&hellip;]<\/p>\n","protected":false},"featured_media":53748,"comment_status":"open","ping_status":"closed","template":"","meta":{"_trash_the_other_posts":false},"product_brand":[],"product_cat":[706],"product_tag":[2753],"berocket_brand":[1991],"class_list":{"0":"post-53751","1":"product","2":"type-product","3":"status-publish","4":"has-post-thumbnail","6":"product_cat-eau-de-parfum-dam","7":"product_tag-coach-edp","8":"pa_brand-coach","9":"pa_variant-30ml","10":"berocket_brand-coach","12":"first","13":"outofstock","14":"sale","15":"taxable","16":"shipping-taxable","17":"purchasable","18":"product-type-simple"},"_links":{"self":[{"href":"https:\/\/stylingagenten.com\/sv\/wp-json\/wp\/v2\/product\/53751","targetHints":{"allow":["GET"]}}],"collection":[{"href":"https:\/\/stylingagenten.com\/sv\/wp-json\/wp\/v2\/product"}],"about":[{"href":"https:\/\/stylingagenten.com\/sv\/wp-json\/wp\/v2\/types\/product"}],"replies":[{"embeddable":true,"href":"https:\/\/stylingagenten.com\/sv\/wp-json\/wp\/v2\/comments?post=53751"}],"version-history":[{"count":0,"href":"https:\/\/stylingagenten.com\/sv\/wp-json\/wp\/v2\/product\/53751\/revisions"}],"wp:featuredmedia":[{"embeddable":true,"href":"https:\/\/stylingagenten.com\/sv\/wp-json\/wp\/v2\/media\/53748"}],"wp:attachment":[{"href":"https:\/\/stylingagenten.com\/sv\/wp-json\/wp\/v2\/media?parent=53751"}],"wp:term":[{"taxonomy":"product_brand","embeddable":true,"href":"https:\/\/stylingagenten.com\/sv\/wp-json\/wp\/v2\/product_brand?post=53751"},{"taxonomy":"product_cat","embeddable":true,"href":"https:\/\/stylingagenten.com\/sv\/wp-json\/wp\/v2\/product_cat?post=53751"},{"taxonomy":"product_tag","embeddable":true,"href":"https:\/\/stylingagenten.com\/sv\/wp-json\/wp\/v2\/product_tag?post=53751"},{"taxonomy":"berocket_brand","embeddable":true,"href":"https:\/\/stylingagenten.com\/sv\/wp-json\/wp\/v2\/berocket_brand?post=53751"}],"curies":[{"name":"wp","href":"https:\/\/api.w.org\/{rel}","templated":true}]}}