{"id":53649,"date":"2025-02-25T16:11:02","date_gmt":"2025-02-25T16:11:02","guid":{"rendered":"https:\/\/staging2.stylingagenten.com\/sv\/produkt\/batiste-bare-dry-shampoo-200ml\/"},"modified":"2026-04-14T07:09:20","modified_gmt":"2026-04-14T07:09:20","slug":"batiste-bare-dry-shampoo-200ml","status":"publish","type":"product","link":"https:\/\/stylingagenten.com\/sv\/produkt\/batiste-bare-dry-shampoo-200ml\/","title":{"rendered":"Batiste Bare Dry Shampoo 200ml"},"content":{"rendered":"<p>Batiste torrschampo \u00e4r den perfekta produkten som omedelbart reng\u00f6r och fr\u00e4schar upp ditt h\u00e5r mellan tv\u00e4ttarna. Batiste torrschampo finns i flera olika sorter och \u00e4r l\u00e4tta att applicera.<\/p>\n<p>Bare har en l\u00e4ttare och l\u00e5gm\u00e4ld doft som inte t\u00e4vlar med din favoritparfym. Milda blommor, ett sprut av citrus, gr\u00f6na blad och en hint av vanilj.<\/p>\n<p><\/p>\n","protected":false},"excerpt":{"rendered":"<p>Batiste torrschampo \u00e4r den perfekta produkten som omedelbart reng\u00f6r och fr\u00e4schar upp ditt h\u00e5r mellan tv\u00e4ttarna. Batiste torrschampo finns i flera olika sorter och \u00e4r l\u00e4tta att applicera. Bare har en l\u00e4ttare och l\u00e5gm\u00e4ld doft som inte t\u00e4vlar med din favoritparfym. Milda blommor, ett sprut av citrus, gr\u00f6na blad och en hint av vanilj.<\/p>\n","protected":false},"featured_media":53642,"comment_status":"open","ping_status":"closed","template":"","meta":{"_trash_the_other_posts":false},"product_brand":[],"product_cat":[575],"product_tag":[],"berocket_brand":[1136],"class_list":{"0":"post-53649","1":"product","2":"type-product","3":"status-publish","4":"has-post-thumbnail","6":"product_cat-torrschampo","7":"pa_brand-batiste","8":"berocket_brand-batiste","10":"first","11":"instock","12":"sale","13":"taxable","14":"shipping-taxable","15":"purchasable","16":"product-type-simple"},"_links":{"self":[{"href":"https:\/\/stylingagenten.com\/sv\/wp-json\/wp\/v2\/product\/53649","targetHints":{"allow":["GET"]}}],"collection":[{"href":"https:\/\/stylingagenten.com\/sv\/wp-json\/wp\/v2\/product"}],"about":[{"href":"https:\/\/stylingagenten.com\/sv\/wp-json\/wp\/v2\/types\/product"}],"replies":[{"embeddable":true,"href":"https:\/\/stylingagenten.com\/sv\/wp-json\/wp\/v2\/comments?post=53649"}],"version-history":[{"count":0,"href":"https:\/\/stylingagenten.com\/sv\/wp-json\/wp\/v2\/product\/53649\/revisions"}],"wp:featuredmedia":[{"embeddable":true,"href":"https:\/\/stylingagenten.com\/sv\/wp-json\/wp\/v2\/media\/53642"}],"wp:attachment":[{"href":"https:\/\/stylingagenten.com\/sv\/wp-json\/wp\/v2\/media?parent=53649"}],"wp:term":[{"taxonomy":"product_brand","embeddable":true,"href":"https:\/\/stylingagenten.com\/sv\/wp-json\/wp\/v2\/product_brand?post=53649"},{"taxonomy":"product_cat","embeddable":true,"href":"https:\/\/stylingagenten.com\/sv\/wp-json\/wp\/v2\/product_cat?post=53649"},{"taxonomy":"product_tag","embeddable":true,"href":"https:\/\/stylingagenten.com\/sv\/wp-json\/wp\/v2\/product_tag?post=53649"},{"taxonomy":"berocket_brand","embeddable":true,"href":"https:\/\/stylingagenten.com\/sv\/wp-json\/wp\/v2\/berocket_brand?post=53649"}],"curies":[{"name":"wp","href":"https:\/\/api.w.org\/{rel}","templated":true}]}}