{"id":53356,"date":"2025-02-25T16:10:21","date_gmt":"2025-02-25T16:10:21","guid":{"rendered":"https:\/\/staging2.stylingagenten.com\/sv\/produkt\/brave-new-hair-keratin-shampoo-250ml\/"},"modified":"2026-04-11T13:37:26","modified_gmt":"2026-04-11T13:37:26","slug":"brave-new-hair-keratin-shampoo-250ml","status":"publish","type":"product","link":"https:\/\/stylingagenten.com\/sv\/produkt\/brave-new-hair-keratin-shampoo-250ml\/","title":{"rendered":"Brave. New. Hair. Keratin Shampoo 250ml"},"content":{"rendered":"<p id=\"isPasted\" style=\"margin-top:0cm;margin-right:0cm;margin-bottom:7.5pt;margin-left:0cm;background:white\">Keratin Shampoo fr\u00e5n Brave New Hair \u00e4r ett sulfatfritt schampo som ger omedelbart mjukt och motst\u00e5ndskraftigt h\u00e5r med keratinaminosyror, baobab och tamanu.<\/p>\n<p style=\"margin-top:0cm;margin-right:0cm;margin-bottom:7.5pt;margin-left:0cm;background:white\">10 f\u00f6rdelar:<\/p>\n<p style=\"margin-top:0cm;margin-right:0cm;margin-bottom:7.5pt;margin-left:0cm;background:white\">\u2014 Sl\u00e4tar ut och kontrollerar h\u00e5ret<br \/>\u2014 Ger h\u00e5ret motst\u00e5ndskraft och elasticitet<br \/>\u2014 Bevarar fukten i h\u00e5ret<br \/>\u2014 F\u00f6rb\u00e4ttrar hanterbarheten<br \/>\u2014 St\u00e4rker h\u00e5ret<br \/>\u2014 \u00d6kar flexibiliteten<br \/>\u2014 Minskar risken f\u00f6r kluvna h\u00e5rtoppar&nbsp;<br \/>\u2014 Mjukg\u00f6r&nbsp;<br \/>\u2014 Ger h\u00e5ret \u00f6kad glans och mjukhet<br \/>\u2014 Antistatisk effekt<\/p>\n<p style=\"margin-top:0cm;margin-right:0cm;margin-bottom:7.5pt;margin-left:0cm;background:white\">Anv\u00e4ndning: Massera in schampot i v\u00e5tt h\u00e5r och sk\u00f6lj ur med vatten. Upprepa processen och massera h\u00e5r och h\u00e5rbotten tills det l\u00f6ddrar ordentligt, sk\u00f6lj d\u00e4refter noggrant med vatten. Regelbunden anv\u00e4ndning rekommenderas f\u00f6r optimalt resultat.<\/p>\n<p style=\"margin-top:0cm;margin-right:0cm;margin-bottom:7.5pt;margin-left:0cm;background:white\">Fri fr\u00e5n:<br \/>&nbsp;Sulfater<br \/>&nbsp;Silikoner<br \/>&nbsp;Tillsatt salt<br \/>&nbsp;Petrolatum<\/p>\n","protected":false},"excerpt":{"rendered":"<p>Keratin Shampoo fr\u00e5n Brave New Hair \u00e4r ett sulfatfritt schampo som ger omedelbart mjukt och motst\u00e5ndskraftigt h\u00e5r med keratinaminosyror, baobab och tamanu. 10 f\u00f6rdelar: \u2014 Sl\u00e4tar ut och kontrollerar h\u00e5ret\u2014 Ger h\u00e5ret motst\u00e5ndskraft och elasticitet\u2014 Bevarar fukten i h\u00e5ret\u2014 F\u00f6rb\u00e4ttrar hanterbarheten\u2014 St\u00e4rker h\u00e5ret\u2014 \u00d6kar flexibiliteten\u2014 Minskar risken f\u00f6r kluvna h\u00e5rtoppar&nbsp;\u2014 Mjukg\u00f6r&nbsp;\u2014 Ger h\u00e5ret \u00f6kad glans [&hellip;]<\/p>\n","protected":false},"featured_media":53351,"comment_status":"open","ping_status":"closed","template":"","meta":{"_trash_the_other_posts":false},"product_brand":[],"product_cat":[563],"product_tag":[],"berocket_brand":[1211],"class_list":{"0":"post-53356","1":"product","2":"type-product","3":"status-publish","4":"has-post-thumbnail","6":"product_cat-schampo","7":"pa_brand-brave-new-hair","8":"berocket_brand-brave-new-hair","10":"first","11":"instock","12":"taxable","13":"shipping-taxable","14":"purchasable","15":"product-type-simple"},"_links":{"self":[{"href":"https:\/\/stylingagenten.com\/sv\/wp-json\/wp\/v2\/product\/53356","targetHints":{"allow":["GET"]}}],"collection":[{"href":"https:\/\/stylingagenten.com\/sv\/wp-json\/wp\/v2\/product"}],"about":[{"href":"https:\/\/stylingagenten.com\/sv\/wp-json\/wp\/v2\/types\/product"}],"replies":[{"embeddable":true,"href":"https:\/\/stylingagenten.com\/sv\/wp-json\/wp\/v2\/comments?post=53356"}],"version-history":[{"count":0,"href":"https:\/\/stylingagenten.com\/sv\/wp-json\/wp\/v2\/product\/53356\/revisions"}],"wp:featuredmedia":[{"embeddable":true,"href":"https:\/\/stylingagenten.com\/sv\/wp-json\/wp\/v2\/media\/53351"}],"wp:attachment":[{"href":"https:\/\/stylingagenten.com\/sv\/wp-json\/wp\/v2\/media?parent=53356"}],"wp:term":[{"taxonomy":"product_brand","embeddable":true,"href":"https:\/\/stylingagenten.com\/sv\/wp-json\/wp\/v2\/product_brand?post=53356"},{"taxonomy":"product_cat","embeddable":true,"href":"https:\/\/stylingagenten.com\/sv\/wp-json\/wp\/v2\/product_cat?post=53356"},{"taxonomy":"product_tag","embeddable":true,"href":"https:\/\/stylingagenten.com\/sv\/wp-json\/wp\/v2\/product_tag?post=53356"},{"taxonomy":"berocket_brand","embeddable":true,"href":"https:\/\/stylingagenten.com\/sv\/wp-json\/wp\/v2\/berocket_brand?post=53356"}],"curies":[{"name":"wp","href":"https:\/\/api.w.org\/{rel}","templated":true}]}}