{"id":53337,"date":"2025-02-25T16:10:17","date_gmt":"2025-02-25T16:10:17","guid":{"rendered":"https:\/\/staging2.stylingagenten.com\/sv\/produkt\/brave-new-hair-reboot-conditioner-250ml\/"},"modified":"2026-04-11T13:37:23","modified_gmt":"2026-04-11T13:37:23","slug":"brave-new-hair-reboot-conditioner-250ml","status":"publish","type":"product","link":"https:\/\/stylingagenten.com\/sv\/produkt\/brave-new-hair-reboot-conditioner-250ml\/","title":{"rendered":"Brave. New. Hair. Reboot Conditioner 250ml"},"content":{"rendered":"<p>Reboot Conditioner fr\u00e5n Brave New Hair \u00e4r ett l\u00e4tt h\u00e5rbalsam med reparerande och fuktgivande egenskaper tack vare hyaluronsyra, panthenol och BRAVE PLEX teknologi.<\/p>\n<p>10 f\u00f6rdelar:<\/p>\n<p>\u00e2\u2014 Unik h\u00e5rbindningsmultiplikator<\/p>\n<p>\u00e2\u2014 R\u00e4tar ut h\u00e5ret upp till tre g\u00e5nger<\/p>\n<p>\u00e2\u2014 \u00c5terst\u00e4ller h\u00e5rets inre struktur<\/p>\n<p>\u00e2\u2014 Minskar kluvna toppar<\/p>\n<p>\u00e2\u2014 Ger glans och mjukhet<\/p>\n<p>\u00e2\u2014 Djupkonditionering<\/p>\n<p>\u00e2\u2014 Ger textur till h\u00e5rets fibrer<\/p>\n<p>\u00e2\u2014 Antistatisk effekt<\/p>\n<p>\u00e2\u2014 Minskar skador fr\u00e5n h\u00e5rda kemiska behandlingar<\/p>\n<p>\u00e2\u2014 \u00d6kar h\u00e5rets hanterbarhet<\/p>\n<p>Anv\u00e4ndning: Efter schamponering med Reboot schampot i samma serie, applicera en gener\u00f6s m\u00e4ngd h\u00e5rbalsam. Arbeta f\u00f6rsiktigt balsamet genom h\u00e5ret, se till att det t\u00e4cker \u00e4nda ut i topparna. V\u00e4nta i tre minuter, sk\u00f6lj sedan noggrant ur med vatten.<\/p>\n<p>Fri fr\u00e5n:<\/p>\n<p>Sulfater<\/p>\n<p>Silikoner<\/p>\n<p>Tillsatt salt<\/p>\n<p>Ingredienser av animaliskt ursprung <\/p>\n<p>Petrolatum<\/p>\n","protected":false},"excerpt":{"rendered":"<p>Reboot Conditioner fr\u00e5n Brave New Hair \u00e4r ett l\u00e4tt h\u00e5rbalsam med reparerande och fuktgivande egenskaper tack vare hyaluronsyra, panthenol och BRAVE PLEX teknologi. 10 f\u00f6rdelar: \u00e2\u2014 Unik h\u00e5rbindningsmultiplikator \u00e2\u2014 R\u00e4tar ut h\u00e5ret upp till tre g\u00e5nger \u00e2\u2014 \u00c5terst\u00e4ller h\u00e5rets inre struktur \u00e2\u2014 Minskar kluvna toppar \u00e2\u2014 Ger glans och mjukhet \u00e2\u2014 Djupkonditionering \u00e2\u2014 Ger textur [&hellip;]<\/p>\n","protected":false},"featured_media":53332,"comment_status":"open","ping_status":"closed","template":"","meta":{"_trash_the_other_posts":false},"product_brand":[],"product_cat":[587],"product_tag":[],"berocket_brand":[1211],"class_list":{"0":"post-53337","1":"product","2":"type-product","3":"status-publish","4":"has-post-thumbnail","6":"product_cat-balsam","7":"pa_brand-brave-new-hair","8":"berocket_brand-brave-new-hair","10":"first","11":"instock","12":"taxable","13":"shipping-taxable","14":"purchasable","15":"product-type-simple"},"_links":{"self":[{"href":"https:\/\/stylingagenten.com\/sv\/wp-json\/wp\/v2\/product\/53337","targetHints":{"allow":["GET"]}}],"collection":[{"href":"https:\/\/stylingagenten.com\/sv\/wp-json\/wp\/v2\/product"}],"about":[{"href":"https:\/\/stylingagenten.com\/sv\/wp-json\/wp\/v2\/types\/product"}],"replies":[{"embeddable":true,"href":"https:\/\/stylingagenten.com\/sv\/wp-json\/wp\/v2\/comments?post=53337"}],"version-history":[{"count":0,"href":"https:\/\/stylingagenten.com\/sv\/wp-json\/wp\/v2\/product\/53337\/revisions"}],"wp:featuredmedia":[{"embeddable":true,"href":"https:\/\/stylingagenten.com\/sv\/wp-json\/wp\/v2\/media\/53332"}],"wp:attachment":[{"href":"https:\/\/stylingagenten.com\/sv\/wp-json\/wp\/v2\/media?parent=53337"}],"wp:term":[{"taxonomy":"product_brand","embeddable":true,"href":"https:\/\/stylingagenten.com\/sv\/wp-json\/wp\/v2\/product_brand?post=53337"},{"taxonomy":"product_cat","embeddable":true,"href":"https:\/\/stylingagenten.com\/sv\/wp-json\/wp\/v2\/product_cat?post=53337"},{"taxonomy":"product_tag","embeddable":true,"href":"https:\/\/stylingagenten.com\/sv\/wp-json\/wp\/v2\/product_tag?post=53337"},{"taxonomy":"berocket_brand","embeddable":true,"href":"https:\/\/stylingagenten.com\/sv\/wp-json\/wp\/v2\/berocket_brand?post=53337"}],"curies":[{"name":"wp","href":"https:\/\/api.w.org\/{rel}","templated":true}]}}