{"id":53336,"date":"2025-02-25T16:10:17","date_gmt":"2025-02-25T16:10:17","guid":{"rendered":"https:\/\/staging2.stylingagenten.com\/sv\/produkt\/brave-new-hair-keratin-conditioner-250ml\/"},"modified":"2026-03-24T16:23:41","modified_gmt":"2026-03-24T16:23:41","slug":"brave-new-hair-keratin-conditioner-250ml","status":"publish","type":"product","link":"https:\/\/stylingagenten.com\/sv\/produkt\/brave-new-hair-keratin-conditioner-250ml\/","title":{"rendered":"Brave. New. Hair. Keratin Conditioner 250ml"},"content":{"rendered":"<p id=\"isPasted\" style=\"margin-top:0cm;margin-right:0cm;margin-bottom:7.5pt;margin-left:0cm;background:white\">Keratin Conditioner fr\u00e5n Brave New Hair \u00e4r ett l\u00e4tt h\u00e5rbalsam som ger omedelbart mjukt och motst\u00e5ndskraftigt h\u00e5r med keratin, aminosyror, baobab och tamanu.<\/p>\n<p style=\"margin-top:0cm;margin-right:0cm;margin-bottom:7.5pt;margin-left:0cm;background:white\">F\u00f6rdelar:<\/p>\n<p style=\"margin-top:0cm;margin-right:0cm;margin-bottom:7.5pt;margin-left:0cm;background:white\">\u2014 Sl\u00e4tar ut och kontrollerar h\u00e5ret<br \/>\u2014 Ers\u00e4tter h\u00e5rets naturliga protein f\u00f6r att f\u00f6rb\u00e4ttra h\u00e5rets motst\u00e5ndskraft och elasticitet<br \/>\u2014 St\u00e4rker h\u00e5ret<br \/>\u2014 Bevarar fukten i h\u00e5ret<br \/>\u2014 Minskar risken f\u00f6r kluvna h\u00e5rtoppar<br \/>\u2014 Ger h\u00e5ret \u00f6kad glans och mjukhet<br \/>\u2014 F\u00f6rb\u00e4ttrar hanterbarheten<br \/>\u2014 Antistatisk effekt<\/p>\n<p style=\"margin-top:0cm;margin-right:0cm;margin-bottom:7.5pt;margin-left:0cm;background:white\">Anv\u00e4ndning: Efter schamponering med keratinschampot i samma serie applicera en gener\u00f6s m\u00e4ngd h\u00e5rbalsam. Arbeta f\u00f6rsiktigt balsamet genom h\u00e5ret, se till att det t\u00e4cker \u00e4nda ut i topparna. V\u00e4nta i tre minuter, sk\u00f6lj sedan noggrant ur med vatten.<\/p>\n<p style=\"margin-top:0cm;margin-right:0cm;margin-bottom:7.5pt;margin-left:0cm;background:white\">Fri fr\u00e5n:<br \/>&nbsp;Sulfater<br \/>&nbsp;Silikoner<br \/>&nbsp;Tillsatt salt<br \/>&nbsp;Petrolatum<\/p>\n","protected":false},"excerpt":{"rendered":"<p>Keratin Conditioner fr\u00e5n Brave New Hair \u00e4r ett l\u00e4tt h\u00e5rbalsam som ger omedelbart mjukt och motst\u00e5ndskraftigt h\u00e5r med keratin, aminosyror, baobab och tamanu. F\u00f6rdelar: \u2014 Sl\u00e4tar ut och kontrollerar h\u00e5ret\u2014 Ers\u00e4tter h\u00e5rets naturliga protein f\u00f6r att f\u00f6rb\u00e4ttra h\u00e5rets motst\u00e5ndskraft och elasticitet\u2014 St\u00e4rker h\u00e5ret\u2014 Bevarar fukten i h\u00e5ret\u2014 Minskar risken f\u00f6r kluvna h\u00e5rtoppar\u2014 Ger h\u00e5ret \u00f6kad [&hellip;]<\/p>\n","protected":false},"featured_media":53329,"comment_status":"open","ping_status":"closed","template":"","meta":{"_trash_the_other_posts":false},"product_brand":[],"product_cat":[587],"product_tag":[],"berocket_brand":[1211],"class_list":{"0":"post-53336","1":"product","2":"type-product","3":"status-publish","4":"has-post-thumbnail","6":"product_cat-balsam","7":"pa_brand-brave-new-hair","8":"berocket_brand-brave-new-hair","10":"first","11":"instock","12":"taxable","13":"shipping-taxable","14":"purchasable","15":"product-type-simple"},"_links":{"self":[{"href":"https:\/\/stylingagenten.com\/sv\/wp-json\/wp\/v2\/product\/53336","targetHints":{"allow":["GET"]}}],"collection":[{"href":"https:\/\/stylingagenten.com\/sv\/wp-json\/wp\/v2\/product"}],"about":[{"href":"https:\/\/stylingagenten.com\/sv\/wp-json\/wp\/v2\/types\/product"}],"replies":[{"embeddable":true,"href":"https:\/\/stylingagenten.com\/sv\/wp-json\/wp\/v2\/comments?post=53336"}],"version-history":[{"count":0,"href":"https:\/\/stylingagenten.com\/sv\/wp-json\/wp\/v2\/product\/53336\/revisions"}],"wp:featuredmedia":[{"embeddable":true,"href":"https:\/\/stylingagenten.com\/sv\/wp-json\/wp\/v2\/media\/53329"}],"wp:attachment":[{"href":"https:\/\/stylingagenten.com\/sv\/wp-json\/wp\/v2\/media?parent=53336"}],"wp:term":[{"taxonomy":"product_brand","embeddable":true,"href":"https:\/\/stylingagenten.com\/sv\/wp-json\/wp\/v2\/product_brand?post=53336"},{"taxonomy":"product_cat","embeddable":true,"href":"https:\/\/stylingagenten.com\/sv\/wp-json\/wp\/v2\/product_cat?post=53336"},{"taxonomy":"product_tag","embeddable":true,"href":"https:\/\/stylingagenten.com\/sv\/wp-json\/wp\/v2\/product_tag?post=53336"},{"taxonomy":"berocket_brand","embeddable":true,"href":"https:\/\/stylingagenten.com\/sv\/wp-json\/wp\/v2\/berocket_brand?post=53336"}],"curies":[{"name":"wp","href":"https:\/\/api.w.org\/{rel}","templated":true}]}}