{"id":52930,"date":"2025-02-25T16:09:06","date_gmt":"2025-02-25T16:09:06","guid":{"rendered":"https:\/\/staging2.stylingagenten.com\/sv\/produkt\/lanza-keratin-healing-oil-hair-treatment-50ml\/"},"modified":"2026-04-08T15:25:55","modified_gmt":"2026-04-08T15:25:55","slug":"lanza-keratin-healing-oil-hair-treatment-50ml","status":"publish","type":"product","link":"https:\/\/stylingagenten.com\/sv\/produkt\/lanza-keratin-healing-oil-hair-treatment-50ml\/","title":{"rendered":"L&#8217;anza Keratin Healing Oil Hair Treatment 50ml"},"content":{"rendered":"<p><strong>Healing Oil Hair Treatment 50ml&nbsp;<\/strong>Ger v\u00e4rmeskydd och f\u00f6rkortar torktiden. H\u00e5rets kvalitet f\u00f6rb\u00e4ttras redan efter f\u00f6rsta anv\u00e4ndningen. \u00c5teruppbyggande, ger volym och styrka med koncentrerade reparerande egenskaper. Optimal \u00e5terfuktning samtidigt som elasticitet och glans \u00e5terst\u00e4lls.<\/p>\n<p>\u2022 Extremt \u00e5teruppbyggande.<br \/>\u2022 Den enda oljan som ger volym.<br \/>\u2022 Fyllighet.<br \/>\u2022 Fullt UV-skydd.<br \/>\u2022 F\u00e4rgbevarande.<br \/>\u2022 V\u00e4rmeskydd 260\u00b0C.<\/p>\n","protected":false},"excerpt":{"rendered":"<p>Healing Oil Hair Treatment 50ml&nbsp;Ger v\u00e4rmeskydd och f\u00f6rkortar torktiden. H\u00e5rets kvalitet f\u00f6rb\u00e4ttras redan efter f\u00f6rsta anv\u00e4ndningen. \u00c5teruppbyggande, ger volym och styrka med koncentrerade reparerande egenskaper. Optimal \u00e5terfuktning samtidigt som elasticitet och glans \u00e5terst\u00e4lls. \u2022 Extremt \u00e5teruppbyggande.\u2022 Den enda oljan som ger volym.\u2022 Fyllighet.\u2022 Fullt UV-skydd.\u2022 F\u00e4rgbevarande.\u2022 V\u00e4rmeskydd 260\u00b0C.<\/p>\n","protected":false},"featured_media":52929,"comment_status":"open","ping_status":"closed","template":"","meta":{"_trash_the_other_posts":false},"product_brand":[],"product_cat":[610],"product_tag":[3297],"berocket_brand":[1082],"class_list":{"0":"post-52930","1":"product","2":"type-product","3":"status-publish","4":"has-post-thumbnail","6":"product_cat-harolja","7":"product_tag-lanza-keratin-healing-oil-hair-treatment","8":"pa_brand-lanza","9":"pa_variant-50ml","10":"berocket_brand-lanza","12":"first","13":"outofstock","14":"sale","15":"taxable","16":"shipping-taxable","17":"purchasable","18":"product-type-simple"},"_links":{"self":[{"href":"https:\/\/stylingagenten.com\/sv\/wp-json\/wp\/v2\/product\/52930","targetHints":{"allow":["GET"]}}],"collection":[{"href":"https:\/\/stylingagenten.com\/sv\/wp-json\/wp\/v2\/product"}],"about":[{"href":"https:\/\/stylingagenten.com\/sv\/wp-json\/wp\/v2\/types\/product"}],"replies":[{"embeddable":true,"href":"https:\/\/stylingagenten.com\/sv\/wp-json\/wp\/v2\/comments?post=52930"}],"version-history":[{"count":0,"href":"https:\/\/stylingagenten.com\/sv\/wp-json\/wp\/v2\/product\/52930\/revisions"}],"wp:featuredmedia":[{"embeddable":true,"href":"https:\/\/stylingagenten.com\/sv\/wp-json\/wp\/v2\/media\/52929"}],"wp:attachment":[{"href":"https:\/\/stylingagenten.com\/sv\/wp-json\/wp\/v2\/media?parent=52930"}],"wp:term":[{"taxonomy":"product_brand","embeddable":true,"href":"https:\/\/stylingagenten.com\/sv\/wp-json\/wp\/v2\/product_brand?post=52930"},{"taxonomy":"product_cat","embeddable":true,"href":"https:\/\/stylingagenten.com\/sv\/wp-json\/wp\/v2\/product_cat?post=52930"},{"taxonomy":"product_tag","embeddable":true,"href":"https:\/\/stylingagenten.com\/sv\/wp-json\/wp\/v2\/product_tag?post=52930"},{"taxonomy":"berocket_brand","embeddable":true,"href":"https:\/\/stylingagenten.com\/sv\/wp-json\/wp\/v2\/berocket_brand?post=52930"}],"curies":[{"name":"wp","href":"https:\/\/api.w.org\/{rel}","templated":true}]}}