{"id":52504,"date":"2025-02-25T16:07:44","date_gmt":"2025-02-25T16:07:44","guid":{"rendered":"https:\/\/staging2.stylingagenten.com\/sv\/produkt\/calvin-klein-ck-free-deostick-75ml\/"},"modified":"2026-04-11T15:38:32","modified_gmt":"2026-04-11T15:38:32","slug":"calvin-klein-ck-free-deostick-75ml","status":"publish","type":"product","link":"https:\/\/stylingagenten.com\/sv\/produkt\/calvin-klein-ck-free-deostick-75ml\/","title":{"rendered":"Calvin Klein CK Free Deostick 75ml"},"content":{"rendered":"<p>Calvin Klein CK Free for Men Deostick \u00e4r en aromatisk, varm och tr\u00e4ig doft av upplyftande fr\u00e4sch\u00f6r och varm maskulinitet.<\/p>\n<p><strong>Doftnoter:<\/strong> absint, jackfrukt, stj\u00e4rnanis, enb\u00e4r, buchuruta, mocka, kaffe, tobaksl\u00f6v, costarican j\u00e4rntr\u00e4d, ek, patchouli och cedertr\u00e4.<\/p>\n<p>\u00a0<\/p>\n<p>\u00a0<\/p>\n<p>\u00a0<\/p>\n","protected":false},"excerpt":{"rendered":"<p>Calvin Klein CK Free for Men Deostick \u00e4r en aromatisk, varm och tr\u00e4ig doft av upplyftande fr\u00e4sch\u00f6r och varm maskulinitet. Doftnoter: absint, jackfrukt, stj\u00e4rnanis, enb\u00e4r, buchuruta, mocka, kaffe, tobaksl\u00f6v, costarican j\u00e4rntr\u00e4d, ek, patchouli och cedertr\u00e4. \u00a0 \u00a0 \u00a0<\/p>\n","protected":false},"featured_media":52502,"comment_status":"open","ping_status":"closed","template":"","meta":{"_trash_the_other_posts":false},"product_brand":[],"product_cat":[720,735,1000,1003],"product_tag":[],"berocket_brand":[1014],"class_list":{"0":"post-52504","1":"product","2":"type-product","3":"status-publish","4":"has-post-thumbnail","6":"product_cat-deostick-herr","7":"product_cat-kampanj","8":"product_cat-kampanj-for-honom","9":"product_cat-toppsaljare","10":"pa_brand-calvin-klein","11":"berocket_brand-calvin-klein","13":"first","14":"instock","15":"sale","16":"taxable","17":"shipping-taxable","18":"purchasable","19":"product-type-simple"},"_links":{"self":[{"href":"https:\/\/stylingagenten.com\/sv\/wp-json\/wp\/v2\/product\/52504","targetHints":{"allow":["GET"]}}],"collection":[{"href":"https:\/\/stylingagenten.com\/sv\/wp-json\/wp\/v2\/product"}],"about":[{"href":"https:\/\/stylingagenten.com\/sv\/wp-json\/wp\/v2\/types\/product"}],"replies":[{"embeddable":true,"href":"https:\/\/stylingagenten.com\/sv\/wp-json\/wp\/v2\/comments?post=52504"}],"version-history":[{"count":0,"href":"https:\/\/stylingagenten.com\/sv\/wp-json\/wp\/v2\/product\/52504\/revisions"}],"wp:featuredmedia":[{"embeddable":true,"href":"https:\/\/stylingagenten.com\/sv\/wp-json\/wp\/v2\/media\/52502"}],"wp:attachment":[{"href":"https:\/\/stylingagenten.com\/sv\/wp-json\/wp\/v2\/media?parent=52504"}],"wp:term":[{"taxonomy":"product_brand","embeddable":true,"href":"https:\/\/stylingagenten.com\/sv\/wp-json\/wp\/v2\/product_brand?post=52504"},{"taxonomy":"product_cat","embeddable":true,"href":"https:\/\/stylingagenten.com\/sv\/wp-json\/wp\/v2\/product_cat?post=52504"},{"taxonomy":"product_tag","embeddable":true,"href":"https:\/\/stylingagenten.com\/sv\/wp-json\/wp\/v2\/product_tag?post=52504"},{"taxonomy":"berocket_brand","embeddable":true,"href":"https:\/\/stylingagenten.com\/sv\/wp-json\/wp\/v2\/berocket_brand?post=52504"}],"curies":[{"name":"wp","href":"https:\/\/api.w.org\/{rel}","templated":true}]}}