{"id":52226,"date":"2025-02-25T16:06:45","date_gmt":"2025-02-25T16:06:45","guid":{"rendered":"https:\/\/staging2.stylingagenten.com\/sv\/produkt\/2-pack-hugo-boss-hugo-man-deo-spray-150ml\/"},"modified":"2026-04-14T19:58:56","modified_gmt":"2026-04-14T19:58:56","slug":"2-pack-hugo-boss-hugo-man-deo-spray-150ml","status":"publish","type":"product","link":"https:\/\/stylingagenten.com\/sv\/produkt\/2-pack-hugo-boss-hugo-man-deo-spray-150ml\/","title":{"rendered":"2-pack Hugo Boss Hugo Man Deo Spray 150ml"},"content":{"rendered":"<p>Hugo Boss Hugo Man \u00e4r en frisk och sportig doft med noter av citrus, \u00e4pple och sandeltr\u00e4.<\/p>\n<p><strong>Doftnoter: <\/strong>citrus, \u00e4pple, spearmint, lavendel, jasmin, salvia, tallbarr, kryddnejlika, rom &amp; sandeltr\u00e4.<\/p>\n","protected":false},"excerpt":{"rendered":"<p>Hugo Boss Hugo Man \u00e4r en frisk och sportig doft med noter av citrus, \u00e4pple och sandeltr\u00e4. Doftnoter: citrus, \u00e4pple, spearmint, lavendel, jasmin, salvia, tallbarr, kryddnejlika, rom &amp; sandeltr\u00e4.<\/p>\n","protected":false},"featured_media":52224,"comment_status":"open","ping_status":"closed","template":"","meta":{"_trash_the_other_posts":false},"product_brand":[],"product_cat":[670],"product_tag":[],"berocket_brand":[1339],"class_list":{"0":"post-52226","1":"product","2":"type-product","3":"status-publish","4":"has-post-thumbnail","6":"product_cat-flerpack-deodorant","7":"pa_brand-hugo-boss","8":"berocket_brand-hugo-boss","10":"first","11":"instock","12":"sale","13":"taxable","14":"shipping-taxable","15":"purchasable","16":"product-type-simple"},"_links":{"self":[{"href":"https:\/\/stylingagenten.com\/sv\/wp-json\/wp\/v2\/product\/52226","targetHints":{"allow":["GET"]}}],"collection":[{"href":"https:\/\/stylingagenten.com\/sv\/wp-json\/wp\/v2\/product"}],"about":[{"href":"https:\/\/stylingagenten.com\/sv\/wp-json\/wp\/v2\/types\/product"}],"replies":[{"embeddable":true,"href":"https:\/\/stylingagenten.com\/sv\/wp-json\/wp\/v2\/comments?post=52226"}],"version-history":[{"count":0,"href":"https:\/\/stylingagenten.com\/sv\/wp-json\/wp\/v2\/product\/52226\/revisions"}],"wp:featuredmedia":[{"embeddable":true,"href":"https:\/\/stylingagenten.com\/sv\/wp-json\/wp\/v2\/media\/52224"}],"wp:attachment":[{"href":"https:\/\/stylingagenten.com\/sv\/wp-json\/wp\/v2\/media?parent=52226"}],"wp:term":[{"taxonomy":"product_brand","embeddable":true,"href":"https:\/\/stylingagenten.com\/sv\/wp-json\/wp\/v2\/product_brand?post=52226"},{"taxonomy":"product_cat","embeddable":true,"href":"https:\/\/stylingagenten.com\/sv\/wp-json\/wp\/v2\/product_cat?post=52226"},{"taxonomy":"product_tag","embeddable":true,"href":"https:\/\/stylingagenten.com\/sv\/wp-json\/wp\/v2\/product_tag?post=52226"},{"taxonomy":"berocket_brand","embeddable":true,"href":"https:\/\/stylingagenten.com\/sv\/wp-json\/wp\/v2\/berocket_brand?post=52226"}],"curies":[{"name":"wp","href":"https:\/\/api.w.org\/{rel}","templated":true}]}}