{"id":52145,"date":"2025-02-25T16:06:24","date_gmt":"2025-02-25T16:06:24","guid":{"rendered":"https:\/\/staging2.stylingagenten.com\/sv\/produkt\/ralph-lauren-big-pony-pink-for-women-edt-100-ml\/"},"modified":"2026-04-14T10:58:46","modified_gmt":"2026-04-14T10:58:46","slug":"ralph-lauren-big-pony-pink-for-women-edt-100-ml","status":"publish","type":"product","link":"https:\/\/stylingagenten.com\/sv\/produkt\/ralph-lauren-big-pony-pink-for-women-edt-100-ml\/","title":{"rendered":"Ralph Lauren Big Pony Pink for Women EdT 100 ml"},"content":{"rendered":"<p><strong>Ralph Lauren Big Pony Women Pink EdT<\/strong> \u00e4r f\u00f6r den flirtiga tjejen som bidrar med gl\u00e4dje och personlighet! En fruktig och romantisk doft med florientala inslag. Tranb\u00e4r och tonka b\u00f6nor utg\u00f6r huvudingredienserna i denna h\u00e4rliga och gl\u00e4djefyllda doft.<\/p>\n","protected":false},"excerpt":{"rendered":"<p>Ralph Lauren Big Pony Women Pink EdT \u00e4r f\u00f6r den flirtiga tjejen som bidrar med gl\u00e4dje och personlighet! En fruktig och romantisk doft med florientala inslag. Tranb\u00e4r och tonka b\u00f6nor utg\u00f6r huvudingredienserna i denna h\u00e4rliga och gl\u00e4djefyllda doft.<\/p>\n","protected":false},"featured_media":52142,"comment_status":"open","ping_status":"closed","template":"","meta":{"_trash_the_other_posts":false},"product_brand":[],"product_cat":[707,735,999],"product_tag":[3990],"berocket_brand":[1015],"class_list":{"0":"post-52145","1":"product","2":"type-product","3":"status-publish","4":"has-post-thumbnail","6":"product_cat-eau-de-toilette-dam","7":"product_cat-kampanj","8":"product_cat-kampanj-for-henne","9":"product_tag-ralph-lauren-big-pony-pink-for-women-edt","10":"pa_brand-ralph-lauren","11":"pa_variant-100ml","12":"berocket_brand-ralph-lauren","14":"first","15":"outofstock","16":"sale","17":"taxable","18":"shipping-taxable","19":"purchasable","20":"product-type-simple"},"_links":{"self":[{"href":"https:\/\/stylingagenten.com\/sv\/wp-json\/wp\/v2\/product\/52145","targetHints":{"allow":["GET"]}}],"collection":[{"href":"https:\/\/stylingagenten.com\/sv\/wp-json\/wp\/v2\/product"}],"about":[{"href":"https:\/\/stylingagenten.com\/sv\/wp-json\/wp\/v2\/types\/product"}],"replies":[{"embeddable":true,"href":"https:\/\/stylingagenten.com\/sv\/wp-json\/wp\/v2\/comments?post=52145"}],"version-history":[{"count":0,"href":"https:\/\/stylingagenten.com\/sv\/wp-json\/wp\/v2\/product\/52145\/revisions"}],"wp:featuredmedia":[{"embeddable":true,"href":"https:\/\/stylingagenten.com\/sv\/wp-json\/wp\/v2\/media\/52142"}],"wp:attachment":[{"href":"https:\/\/stylingagenten.com\/sv\/wp-json\/wp\/v2\/media?parent=52145"}],"wp:term":[{"taxonomy":"product_brand","embeddable":true,"href":"https:\/\/stylingagenten.com\/sv\/wp-json\/wp\/v2\/product_brand?post=52145"},{"taxonomy":"product_cat","embeddable":true,"href":"https:\/\/stylingagenten.com\/sv\/wp-json\/wp\/v2\/product_cat?post=52145"},{"taxonomy":"product_tag","embeddable":true,"href":"https:\/\/stylingagenten.com\/sv\/wp-json\/wp\/v2\/product_tag?post=52145"},{"taxonomy":"berocket_brand","embeddable":true,"href":"https:\/\/stylingagenten.com\/sv\/wp-json\/wp\/v2\/berocket_brand?post=52145"}],"curies":[{"name":"wp","href":"https:\/\/api.w.org\/{rel}","templated":true}]}}