{"id":51901,"date":"2025-02-25T16:05:04","date_gmt":"2025-02-25T16:05:04","guid":{"rendered":"https:\/\/staging2.stylingagenten.com\/sv\/produkt\/max-factor-creme-puff-55-candle-glow\/"},"modified":"2026-02-16T14:13:59","modified_gmt":"2026-02-16T14:13:59","slug":"max-factor-creme-puff-55-candle-glow","status":"publish","type":"product","link":"https:\/\/stylingagenten.com\/sv\/produkt\/max-factor-creme-puff-55-candle-glow\/","title":{"rendered":"Max Factor Creme Puff 55 Candle Glow"},"content":{"rendered":"<p>Glamor\u00f6s hud \u00e4r l\u00e4tt att uppn\u00e5 med detta puder. Max Factor Creme Puff 55 ger ett lyxigt helt\u00e4ckande resultat. Det \u00e4r perfekt f\u00f6r alla hudtyper och ger ett felfritt resultat med en mjuk, diskret glans tack vare miljoner av ljusreflekterande partiklar.<\/p>\n<p><strong>Anv\u00e4ndning:<\/strong> Tips fr\u00e5n Make-up artisten; Creme Puff kan b\u00e5de anv\u00e4ndas som extra matt variant av vanlig foundation p\u00e5 v\u00e4l genomfuktad hy, eller &#8211; f\u00f6r den som f\u00f6redrar det &#8211; penslad ovanp\u00e5 foundation som ett t\u00e4ckande puder.<\/p>\n","protected":false},"excerpt":{"rendered":"<p>Glamor\u00f6s hud \u00e4r l\u00e4tt att uppn\u00e5 med detta puder. Max Factor Creme Puff 55 ger ett lyxigt helt\u00e4ckande resultat. Det \u00e4r perfekt f\u00f6r alla hudtyper och ger ett felfritt resultat med en mjuk, diskret glans tack vare miljoner av ljusreflekterande partiklar. Anv\u00e4ndning: Tips fr\u00e5n Make-up artisten; Creme Puff kan b\u00e5de anv\u00e4ndas som extra matt variant [&hellip;]<\/p>\n","protected":false},"featured_media":51898,"comment_status":"open","ping_status":"closed","template":"","meta":{"_trash_the_other_posts":false},"product_brand":[],"product_cat":[606],"product_tag":[3582],"berocket_brand":[1013],"class_list":{"0":"post-51901","1":"product","2":"type-product","3":"status-publish","4":"has-post-thumbnail","6":"product_cat-puder","7":"product_tag-max-factor-creme-puff","8":"pa_brand-max-factor","9":"pa_variant-55-candle-glow","10":"berocket_brand-max-factor","12":"first","13":"instock","14":"sale","15":"taxable","16":"shipping-taxable","17":"purchasable","18":"product-type-simple"},"_links":{"self":[{"href":"https:\/\/stylingagenten.com\/sv\/wp-json\/wp\/v2\/product\/51901","targetHints":{"allow":["GET"]}}],"collection":[{"href":"https:\/\/stylingagenten.com\/sv\/wp-json\/wp\/v2\/product"}],"about":[{"href":"https:\/\/stylingagenten.com\/sv\/wp-json\/wp\/v2\/types\/product"}],"replies":[{"embeddable":true,"href":"https:\/\/stylingagenten.com\/sv\/wp-json\/wp\/v2\/comments?post=51901"}],"version-history":[{"count":0,"href":"https:\/\/stylingagenten.com\/sv\/wp-json\/wp\/v2\/product\/51901\/revisions"}],"wp:featuredmedia":[{"embeddable":true,"href":"https:\/\/stylingagenten.com\/sv\/wp-json\/wp\/v2\/media\/51898"}],"wp:attachment":[{"href":"https:\/\/stylingagenten.com\/sv\/wp-json\/wp\/v2\/media?parent=51901"}],"wp:term":[{"taxonomy":"product_brand","embeddable":true,"href":"https:\/\/stylingagenten.com\/sv\/wp-json\/wp\/v2\/product_brand?post=51901"},{"taxonomy":"product_cat","embeddable":true,"href":"https:\/\/stylingagenten.com\/sv\/wp-json\/wp\/v2\/product_cat?post=51901"},{"taxonomy":"product_tag","embeddable":true,"href":"https:\/\/stylingagenten.com\/sv\/wp-json\/wp\/v2\/product_tag?post=51901"},{"taxonomy":"berocket_brand","embeddable":true,"href":"https:\/\/stylingagenten.com\/sv\/wp-json\/wp\/v2\/berocket_brand?post=51901"}],"curies":[{"name":"wp","href":"https:\/\/api.w.org\/{rel}","templated":true}]}}