{"id":51662,"date":"2025-02-25T16:02:30","date_gmt":"2025-02-25T16:02:30","guid":{"rendered":"https:\/\/staging2.stylingagenten.com\/sv\/produkt\/oscar-de-la-renta-rosamor-edt-100ml\/"},"modified":"2026-03-29T15:08:54","modified_gmt":"2026-03-29T15:08:54","slug":"oscar-de-la-renta-rosamor-edt-100ml","status":"publish","type":"product","link":"https:\/\/stylingagenten.com\/sv\/produkt\/oscar-de-la-renta-rosamor-edt-100ml\/","title":{"rendered":"Oscar de la Renta Rosamor Edt 100ml"},"content":{"rendered":"<p>Oscar de la Renta Rosamor Edt \u00e4r en varm och nostalgisk doft inspirerad av spanskans ?rosa? f\u00f6r ros och ?amor? f\u00f6r k\u00e4rlek. Den idiala presenten f\u00f6r den k\u00e4rleksfulla kvinnan.<\/p>\n<p><strong>Doftnoter:<\/strong> mandarin, lilja, ylang-ylang, tuberos, ros, heliotrop, tonkab\u00f6nor, vanilj och mysk<\/p>\n","protected":false},"excerpt":{"rendered":"<p>Oscar de la Renta Rosamor Edt \u00e4r en varm och nostalgisk doft inspirerad av spanskans ?rosa? f\u00f6r ros och ?amor? f\u00f6r k\u00e4rlek. Den idiala presenten f\u00f6r den k\u00e4rleksfulla kvinnan. Doftnoter: mandarin, lilja, ylang-ylang, tuberos, ros, heliotrop, tonkab\u00f6nor, vanilj och mysk<\/p>\n","protected":false},"featured_media":51661,"comment_status":"open","ping_status":"closed","template":"","meta":{"_trash_the_other_posts":false},"product_brand":[],"product_cat":[707,735,999],"product_tag":[],"berocket_brand":[1047],"class_list":{"0":"post-51662","1":"product","2":"type-product","3":"status-publish","4":"has-post-thumbnail","6":"product_cat-eau-de-toilette-dam","7":"product_cat-kampanj","8":"product_cat-kampanj-for-henne","9":"pa_brand-oscar-de-la-renta","10":"berocket_brand-oscar-de-la-renta","12":"first","13":"instock","14":"sale","15":"taxable","16":"shipping-taxable","17":"purchasable","18":"product-type-simple"},"_links":{"self":[{"href":"https:\/\/stylingagenten.com\/sv\/wp-json\/wp\/v2\/product\/51662","targetHints":{"allow":["GET"]}}],"collection":[{"href":"https:\/\/stylingagenten.com\/sv\/wp-json\/wp\/v2\/product"}],"about":[{"href":"https:\/\/stylingagenten.com\/sv\/wp-json\/wp\/v2\/types\/product"}],"replies":[{"embeddable":true,"href":"https:\/\/stylingagenten.com\/sv\/wp-json\/wp\/v2\/comments?post=51662"}],"version-history":[{"count":0,"href":"https:\/\/stylingagenten.com\/sv\/wp-json\/wp\/v2\/product\/51662\/revisions"}],"wp:featuredmedia":[{"embeddable":true,"href":"https:\/\/stylingagenten.com\/sv\/wp-json\/wp\/v2\/media\/51661"}],"wp:attachment":[{"href":"https:\/\/stylingagenten.com\/sv\/wp-json\/wp\/v2\/media?parent=51662"}],"wp:term":[{"taxonomy":"product_brand","embeddable":true,"href":"https:\/\/stylingagenten.com\/sv\/wp-json\/wp\/v2\/product_brand?post=51662"},{"taxonomy":"product_cat","embeddable":true,"href":"https:\/\/stylingagenten.com\/sv\/wp-json\/wp\/v2\/product_cat?post=51662"},{"taxonomy":"product_tag","embeddable":true,"href":"https:\/\/stylingagenten.com\/sv\/wp-json\/wp\/v2\/product_tag?post=51662"},{"taxonomy":"berocket_brand","embeddable":true,"href":"https:\/\/stylingagenten.com\/sv\/wp-json\/wp\/v2\/berocket_brand?post=51662"}],"curies":[{"name":"wp","href":"https:\/\/api.w.org\/{rel}","templated":true}]}}