{"id":51551,"date":"2025-02-25T16:01:56","date_gmt":"2025-02-25T16:01:56","guid":{"rendered":"https:\/\/staging2.stylingagenten.com\/sv\/produkt\/shiseido-expert-sun-protector-face-body-lotion-spf-50\/"},"modified":"2026-04-14T19:48:24","modified_gmt":"2026-04-14T19:48:24","slug":"shiseido-expert-sun-protector-face-body-lotion-spf-50","status":"publish","type":"product","link":"https:\/\/stylingagenten.com\/sv\/produkt\/shiseido-expert-sun-protector-face-body-lotion-spf-50\/","title":{"rendered":"Shiseido Sun Expert Pro Face &amp; Body Lotion SPF50+ 150ml"},"content":{"rendered":"<div>\n<div>\n<p>Denna osynliga, l\u00e4tta och andningsbara lotion, l\u00e4mplig f\u00f6r ansikte och kropp, erbjuder optimalt skydd mot UVA- och UVB-str\u00e5lar. Den har NY SynchroShieldRepair\u2122-teknologi, som st\u00e4rker sitt skyddande lager n\u00e4r det uts\u00e4tts f\u00f6r v\u00e4rme, vatten och svett, och reparerar sig sj\u00e4lv i h\u00e4ndelse av mindre skada p\u00e5 grund av r\u00f6relse eller friktion.<br id=\"isPasted\"><br \/>Kom ih\u00e5g att applicera gener\u00f6st och ofta f\u00f6re och under solexponering, eftersom ingen solskyddsprodukt kan garantera ett fullst\u00e4ndigt och kontinuerligt skydd mot solens str\u00e5lar.<\/p>\n<p>150ml<\/p>\n<\/div>\n<\/div>\n","protected":false},"excerpt":{"rendered":"<p>Denna osynliga, l\u00e4tta och andningsbara lotion, l\u00e4mplig f\u00f6r ansikte och kropp, erbjuder optimalt skydd mot UVA- och UVB-str\u00e5lar. Den har NY SynchroShieldRepair\u2122-teknologi, som st\u00e4rker sitt skyddande lager n\u00e4r det uts\u00e4tts f\u00f6r v\u00e4rme, vatten och svett, och reparerar sig sj\u00e4lv i h\u00e4ndelse av mindre skada p\u00e5 grund av r\u00f6relse eller friktion.Kom ih\u00e5g att applicera gener\u00f6st och [&hellip;]<\/p>\n","protected":false},"featured_media":60554,"comment_status":"open","ping_status":"closed","template":"","meta":{"_trash_the_other_posts":false},"product_brand":[],"product_cat":[573],"product_tag":[],"berocket_brand":[1193],"class_list":{"0":"post-51551","1":"product","2":"type-product","3":"status-publish","4":"has-post-thumbnail","6":"product_cat-solskydd","7":"pa_brand-shiseido","8":"berocket_brand-shiseido","10":"first","11":"instock","12":"sale","13":"taxable","14":"shipping-taxable","15":"purchasable","16":"product-type-simple"},"_links":{"self":[{"href":"https:\/\/stylingagenten.com\/sv\/wp-json\/wp\/v2\/product\/51551","targetHints":{"allow":["GET"]}}],"collection":[{"href":"https:\/\/stylingagenten.com\/sv\/wp-json\/wp\/v2\/product"}],"about":[{"href":"https:\/\/stylingagenten.com\/sv\/wp-json\/wp\/v2\/types\/product"}],"replies":[{"embeddable":true,"href":"https:\/\/stylingagenten.com\/sv\/wp-json\/wp\/v2\/comments?post=51551"}],"version-history":[{"count":1,"href":"https:\/\/stylingagenten.com\/sv\/wp-json\/wp\/v2\/product\/51551\/revisions"}],"predecessor-version":[{"id":4456793219,"href":"https:\/\/stylingagenten.com\/sv\/wp-json\/wp\/v2\/product\/51551\/revisions\/4456793219"}],"wp:featuredmedia":[{"embeddable":true,"href":"https:\/\/stylingagenten.com\/sv\/wp-json\/wp\/v2\/media\/60554"}],"wp:attachment":[{"href":"https:\/\/stylingagenten.com\/sv\/wp-json\/wp\/v2\/media?parent=51551"}],"wp:term":[{"taxonomy":"product_brand","embeddable":true,"href":"https:\/\/stylingagenten.com\/sv\/wp-json\/wp\/v2\/product_brand?post=51551"},{"taxonomy":"product_cat","embeddable":true,"href":"https:\/\/stylingagenten.com\/sv\/wp-json\/wp\/v2\/product_cat?post=51551"},{"taxonomy":"product_tag","embeddable":true,"href":"https:\/\/stylingagenten.com\/sv\/wp-json\/wp\/v2\/product_tag?post=51551"},{"taxonomy":"berocket_brand","embeddable":true,"href":"https:\/\/stylingagenten.com\/sv\/wp-json\/wp\/v2\/berocket_brand?post=51551"}],"curies":[{"name":"wp","href":"https:\/\/api.w.org\/{rel}","templated":true}]}}