{"id":50190,"date":"2025-02-25T15:58:28","date_gmt":"2025-02-25T15:58:28","guid":{"rendered":"https:\/\/staging2.stylingagenten.com\/sv\/produkt\/vera-wang-embrace-body-mist-green-tea-and-pear-blossom-240ml\/"},"modified":"2026-04-08T23:48:51","modified_gmt":"2026-04-08T23:48:51","slug":"vera-wang-embrace-body-mist-green-tea-and-pear-blossom-240ml","status":"publish","type":"product","link":"https:\/\/stylingagenten.com\/sv\/produkt\/vera-wang-embrace-body-mist-green-tea-and-pear-blossom-240ml\/","title":{"rendered":"Vera Wang Embrace Body Mist Green Tea And Pear Blossom 240ml"},"content":{"rendered":"<p>Embrace Green Tea &amp; Pear Blossom av Vera Wang \u00e4r en blommig tr\u00e4ig myskdoft f\u00f6r kvinnor. Toppnoter: P\u00e4ronblom, gr\u00f6nt te och bergamott Hj\u00e4rtnoter: Pion, fresia och apelsinblomma Basnoter: Mysk, Ceder och Sandeltr\u00e4.<\/p>\n","protected":false},"excerpt":{"rendered":"<p>Embrace Green Tea &amp; Pear Blossom av Vera Wang \u00e4r en blommig tr\u00e4ig myskdoft f\u00f6r kvinnor. Toppnoter: P\u00e4ronblom, gr\u00f6nt te och bergamott Hj\u00e4rtnoter: Pion, fresia och apelsinblomma Basnoter: Mysk, Ceder och Sandeltr\u00e4.<\/p>\n","protected":false},"featured_media":50189,"comment_status":"open","ping_status":"closed","template":"","meta":{"_trash_the_other_posts":false},"product_brand":[],"product_cat":[585,735,999],"product_tag":[],"berocket_brand":[1078],"class_list":{"0":"post-50190","1":"product","2":"type-product","3":"status-publish","4":"has-post-thumbnail","6":"product_cat-bodymist-dam","7":"product_cat-kampanj","8":"product_cat-kampanj-for-henne","9":"pa_brand-vera-wang","10":"berocket_brand-vera-wang","12":"first","13":"instock","14":"sale","15":"taxable","16":"shipping-taxable","17":"purchasable","18":"product-type-simple"},"_links":{"self":[{"href":"https:\/\/stylingagenten.com\/sv\/wp-json\/wp\/v2\/product\/50190","targetHints":{"allow":["GET"]}}],"collection":[{"href":"https:\/\/stylingagenten.com\/sv\/wp-json\/wp\/v2\/product"}],"about":[{"href":"https:\/\/stylingagenten.com\/sv\/wp-json\/wp\/v2\/types\/product"}],"replies":[{"embeddable":true,"href":"https:\/\/stylingagenten.com\/sv\/wp-json\/wp\/v2\/comments?post=50190"}],"version-history":[{"count":0,"href":"https:\/\/stylingagenten.com\/sv\/wp-json\/wp\/v2\/product\/50190\/revisions"}],"wp:featuredmedia":[{"embeddable":true,"href":"https:\/\/stylingagenten.com\/sv\/wp-json\/wp\/v2\/media\/50189"}],"wp:attachment":[{"href":"https:\/\/stylingagenten.com\/sv\/wp-json\/wp\/v2\/media?parent=50190"}],"wp:term":[{"taxonomy":"product_brand","embeddable":true,"href":"https:\/\/stylingagenten.com\/sv\/wp-json\/wp\/v2\/product_brand?post=50190"},{"taxonomy":"product_cat","embeddable":true,"href":"https:\/\/stylingagenten.com\/sv\/wp-json\/wp\/v2\/product_cat?post=50190"},{"taxonomy":"product_tag","embeddable":true,"href":"https:\/\/stylingagenten.com\/sv\/wp-json\/wp\/v2\/product_tag?post=50190"},{"taxonomy":"berocket_brand","embeddable":true,"href":"https:\/\/stylingagenten.com\/sv\/wp-json\/wp\/v2\/berocket_brand?post=50190"}],"curies":[{"name":"wp","href":"https:\/\/api.w.org\/{rel}","templated":true}]}}