{"id":50154,"date":"2025-02-25T15:58:20","date_gmt":"2025-02-25T15:58:20","guid":{"rendered":"https:\/\/staging2.stylingagenten.com\/sv\/produkt\/make-up-store-lippencil-the-perfect-pink\/"},"modified":"2026-03-23T08:20:11","modified_gmt":"2026-03-23T08:20:11","slug":"make-up-store-lippencil-the-perfect-pink","status":"publish","type":"product","link":"https:\/\/stylingagenten.com\/sv\/produkt\/make-up-store-lippencil-the-perfect-pink\/","title":{"rendered":"Make Up Store Lippencil The Perfect Pink"},"content":{"rendered":"<p>H\u00f6gpigmenterad l\u00e4ppenna med mjuk konsistens. Applicera runt l\u00e4ppen f\u00f6r att definiera eller \u00f6ver l\u00e4ppen f\u00f6r att ge en fylligare l\u00e4ppf\u00e4rg.<\/p>\n","protected":false},"excerpt":{"rendered":"<p>H\u00f6gpigmenterad l\u00e4ppenna med mjuk konsistens. Applicera runt l\u00e4ppen f\u00f6r att definiera eller \u00f6ver l\u00e4ppen f\u00f6r att ge en fylligare l\u00e4ppf\u00e4rg.<\/p>\n","protected":false},"featured_media":50153,"comment_status":"open","ping_status":"closed","template":"","meta":{"_trash_the_other_posts":false},"product_brand":[],"product_cat":[592],"product_tag":[3389],"berocket_brand":[1271],"class_list":{"0":"post-50154","1":"product","2":"type-product","3":"status-publish","4":"has-post-thumbnail","6":"product_cat-lappenna","7":"product_tag-make-up-store-lippencil","8":"pa_brand-make-up-store","9":"pa_variant-the-perfect-pink","10":"berocket_brand-make-up-store","12":"first","13":"instock","14":"sale","15":"taxable","16":"shipping-taxable","17":"purchasable","18":"product-type-simple"},"_links":{"self":[{"href":"https:\/\/stylingagenten.com\/sv\/wp-json\/wp\/v2\/product\/50154","targetHints":{"allow":["GET"]}}],"collection":[{"href":"https:\/\/stylingagenten.com\/sv\/wp-json\/wp\/v2\/product"}],"about":[{"href":"https:\/\/stylingagenten.com\/sv\/wp-json\/wp\/v2\/types\/product"}],"replies":[{"embeddable":true,"href":"https:\/\/stylingagenten.com\/sv\/wp-json\/wp\/v2\/comments?post=50154"}],"version-history":[{"count":0,"href":"https:\/\/stylingagenten.com\/sv\/wp-json\/wp\/v2\/product\/50154\/revisions"}],"wp:featuredmedia":[{"embeddable":true,"href":"https:\/\/stylingagenten.com\/sv\/wp-json\/wp\/v2\/media\/50153"}],"wp:attachment":[{"href":"https:\/\/stylingagenten.com\/sv\/wp-json\/wp\/v2\/media?parent=50154"}],"wp:term":[{"taxonomy":"product_brand","embeddable":true,"href":"https:\/\/stylingagenten.com\/sv\/wp-json\/wp\/v2\/product_brand?post=50154"},{"taxonomy":"product_cat","embeddable":true,"href":"https:\/\/stylingagenten.com\/sv\/wp-json\/wp\/v2\/product_cat?post=50154"},{"taxonomy":"product_tag","embeddable":true,"href":"https:\/\/stylingagenten.com\/sv\/wp-json\/wp\/v2\/product_tag?post=50154"},{"taxonomy":"berocket_brand","embeddable":true,"href":"https:\/\/stylingagenten.com\/sv\/wp-json\/wp\/v2\/berocket_brand?post=50154"}],"curies":[{"name":"wp","href":"https:\/\/api.w.org\/{rel}","templated":true}]}}