{"id":49938,"date":"2025-02-25T15:57:35","date_gmt":"2025-02-25T15:57:35","guid":{"rendered":"https:\/\/staging2.stylingagenten.com\/sv\/produkt\/beauty-uk-hd-felt-tip-liner-no-1-black-1ml\/"},"modified":"2026-03-29T20:58:42","modified_gmt":"2026-03-29T20:58:42","slug":"beauty-uk-hd-felt-tip-liner-no-1-black-1ml","status":"publish","type":"product","link":"https:\/\/stylingagenten.com\/sv\/produkt\/beauty-uk-hd-felt-tip-liner-no-1-black-1ml\/","title":{"rendered":"Beauty UK HD Felt Tip Liner No.1 Black 1ml"},"content":{"rendered":"<p>Beauty UK HD Filt Liner No.1 Black har en l\u00e5ng och smal filtspets som glider perfekt p\u00e5 huden, s\u00e5 att du kan skapa en mycket definierad look p\u00e5 bara ett \u00f6gonblick.<\/p>\n","protected":false},"excerpt":{"rendered":"<p>Beauty UK HD Filt Liner No.1 Black har en l\u00e5ng och smal filtspets som glider perfekt p\u00e5 huden, s\u00e5 att du kan skapa en mycket definierad look p\u00e5 bara ett \u00f6gonblick.<\/p>\n","protected":false},"featured_media":49937,"comment_status":"open","ping_status":"closed","template":"","meta":{"_trash_the_other_posts":false},"product_brand":[],"product_cat":[568],"product_tag":[2500],"berocket_brand":[1059],"class_list":{"0":"post-49938","1":"product","2":"type-product","3":"status-publish","4":"has-post-thumbnail","6":"product_cat-eyeliner-kajal","7":"product_tag-beauty-uk-hd-felt-tip-liner","8":"pa_brand-beautyuk","9":"pa_variant-no-1-black-1ml","10":"berocket_brand-beautyuk","12":"first","13":"instock","14":"sale","15":"taxable","16":"shipping-taxable","17":"purchasable","18":"product-type-simple"},"_links":{"self":[{"href":"https:\/\/stylingagenten.com\/sv\/wp-json\/wp\/v2\/product\/49938","targetHints":{"allow":["GET"]}}],"collection":[{"href":"https:\/\/stylingagenten.com\/sv\/wp-json\/wp\/v2\/product"}],"about":[{"href":"https:\/\/stylingagenten.com\/sv\/wp-json\/wp\/v2\/types\/product"}],"replies":[{"embeddable":true,"href":"https:\/\/stylingagenten.com\/sv\/wp-json\/wp\/v2\/comments?post=49938"}],"version-history":[{"count":0,"href":"https:\/\/stylingagenten.com\/sv\/wp-json\/wp\/v2\/product\/49938\/revisions"}],"wp:featuredmedia":[{"embeddable":true,"href":"https:\/\/stylingagenten.com\/sv\/wp-json\/wp\/v2\/media\/49937"}],"wp:attachment":[{"href":"https:\/\/stylingagenten.com\/sv\/wp-json\/wp\/v2\/media?parent=49938"}],"wp:term":[{"taxonomy":"product_brand","embeddable":true,"href":"https:\/\/stylingagenten.com\/sv\/wp-json\/wp\/v2\/product_brand?post=49938"},{"taxonomy":"product_cat","embeddable":true,"href":"https:\/\/stylingagenten.com\/sv\/wp-json\/wp\/v2\/product_cat?post=49938"},{"taxonomy":"product_tag","embeddable":true,"href":"https:\/\/stylingagenten.com\/sv\/wp-json\/wp\/v2\/product_tag?post=49938"},{"taxonomy":"berocket_brand","embeddable":true,"href":"https:\/\/stylingagenten.com\/sv\/wp-json\/wp\/v2\/berocket_brand?post=49938"}],"curies":[{"name":"wp","href":"https:\/\/api.w.org\/{rel}","templated":true}]}}