{"id":49899,"date":"2025-02-25T15:57:25","date_gmt":"2025-02-25T15:57:25","guid":{"rendered":"https:\/\/staging2.stylingagenten.com\/sv\/produkt\/american-crew-daily-cleansing-shampoo-450ml\/"},"modified":"2026-04-08T23:08:40","modified_gmt":"2026-04-08T23:08:40","slug":"american-crew-daily-cleansing-shampoo-450ml","status":"publish","type":"product","link":"https:\/\/stylingagenten.com\/sv\/produkt\/american-crew-daily-cleansing-shampoo-450ml\/","title":{"rendered":"American Crew Daily Cleansing Shampoo 450ml"},"content":{"rendered":"<p>American Crew Daily Cleansing Shampoo \u00e4r ett milt reng\u00f6rande schampo som kan anv\u00e4ndas dagligen. Schampot inneh\u00e5ller vitamin B5 som tillf\u00f6r fukt till b\u00e5de h\u00e5r och h\u00e5rbotten. Passar b\u00e4st f\u00f6r m\u00e4n med normal till fet h\u00e5r och h\u00e5rbotten.<\/p>\n","protected":false},"excerpt":{"rendered":"<p>American Crew Daily Cleansing Shampoo \u00e4r ett milt reng\u00f6rande schampo som kan anv\u00e4ndas dagligen. Schampot inneh\u00e5ller vitamin B5 som tillf\u00f6r fukt till b\u00e5de h\u00e5r och h\u00e5rbotten. Passar b\u00e4st f\u00f6r m\u00e4n med normal till fet h\u00e5r och h\u00e5rbotten.<\/p>\n","protected":false},"featured_media":49897,"comment_status":"open","ping_status":"closed","template":"","meta":{"_trash_the_other_posts":false},"product_brand":[],"product_cat":[563],"product_tag":[2360],"berocket_brand":[1071],"class_list":{"0":"post-49899","1":"product","2":"type-product","3":"status-publish","4":"has-post-thumbnail","6":"product_cat-schampo","7":"product_tag-american-crew-daily-cleansing-shampoo","8":"pa_brand-american-crew","9":"pa_variant-450ml","10":"berocket_brand-american-crew","12":"first","13":"instock","14":"sale","15":"taxable","16":"shipping-taxable","17":"purchasable","18":"product-type-simple"},"_links":{"self":[{"href":"https:\/\/stylingagenten.com\/sv\/wp-json\/wp\/v2\/product\/49899","targetHints":{"allow":["GET"]}}],"collection":[{"href":"https:\/\/stylingagenten.com\/sv\/wp-json\/wp\/v2\/product"}],"about":[{"href":"https:\/\/stylingagenten.com\/sv\/wp-json\/wp\/v2\/types\/product"}],"replies":[{"embeddable":true,"href":"https:\/\/stylingagenten.com\/sv\/wp-json\/wp\/v2\/comments?post=49899"}],"version-history":[{"count":0,"href":"https:\/\/stylingagenten.com\/sv\/wp-json\/wp\/v2\/product\/49899\/revisions"}],"wp:featuredmedia":[{"embeddable":true,"href":"https:\/\/stylingagenten.com\/sv\/wp-json\/wp\/v2\/media\/49897"}],"wp:attachment":[{"href":"https:\/\/stylingagenten.com\/sv\/wp-json\/wp\/v2\/media?parent=49899"}],"wp:term":[{"taxonomy":"product_brand","embeddable":true,"href":"https:\/\/stylingagenten.com\/sv\/wp-json\/wp\/v2\/product_brand?post=49899"},{"taxonomy":"product_cat","embeddable":true,"href":"https:\/\/stylingagenten.com\/sv\/wp-json\/wp\/v2\/product_cat?post=49899"},{"taxonomy":"product_tag","embeddable":true,"href":"https:\/\/stylingagenten.com\/sv\/wp-json\/wp\/v2\/product_tag?post=49899"},{"taxonomy":"berocket_brand","embeddable":true,"href":"https:\/\/stylingagenten.com\/sv\/wp-json\/wp\/v2\/berocket_brand?post=49899"}],"curies":[{"name":"wp","href":"https:\/\/api.w.org\/{rel}","templated":true}]}}