{"id":49895,"date":"2025-02-25T15:57:25","date_gmt":"2025-02-25T15:57:25","guid":{"rendered":"https:\/\/staging2.stylingagenten.com\/sv\/produkt\/jean-paul-gaultier-classique-body-lotion-200ml\/"},"modified":"2026-01-21T12:53:49","modified_gmt":"2026-01-21T12:53:49","slug":"jean-paul-gaultier-classique-body-lotion-200ml","status":"publish","type":"product","link":"https:\/\/stylingagenten.com\/sv\/produkt\/jean-paul-gaultier-classique-body-lotion-200ml\/","title":{"rendered":"Jean Paul Gaultier Classique Body Lotion 200ml"},"content":{"rendered":"<p>En l\u00e4tt, sm\u00e4ltande lotion som f\u00f6rsk\u00f6nar och dofts\u00e4tter huden i Jean Paul Gaultiers f\u00f6rf\u00f6riska Classique &#8211; en orientalisk doft fylld med rosa ros, apesinblomma ingef\u00e4ra och vanilj. Appliceras l\u00e4tt och absorberas fort, samtidigt som huden blir mjuk och l\u00e4tt parfymerad.<\/p>\n","protected":false},"excerpt":{"rendered":"<p>En l\u00e4tt, sm\u00e4ltande lotion som f\u00f6rsk\u00f6nar och dofts\u00e4tter huden i Jean Paul Gaultiers f\u00f6rf\u00f6riska Classique &#8211; en orientalisk doft fylld med rosa ros, apesinblomma ingef\u00e4ra och vanilj. Appliceras l\u00e4tt och absorberas fort, samtidigt som huden blir mjuk och l\u00e4tt parfymerad.<\/p>\n","protected":false},"featured_media":49893,"comment_status":"open","ping_status":"closed","template":"","meta":{"_trash_the_other_posts":false},"product_brand":[],"product_cat":[572],"product_tag":[],"berocket_brand":[1353],"class_list":{"0":"post-49895","1":"product","2":"type-product","3":"status-publish","4":"has-post-thumbnail","6":"product_cat-bodylotion","7":"pa_brand-jean-paul-gaultier","8":"berocket_brand-jean-paul-gaultier","10":"first","11":"instock","12":"sale","13":"taxable","14":"shipping-taxable","15":"purchasable","16":"product-type-simple"},"_links":{"self":[{"href":"https:\/\/stylingagenten.com\/sv\/wp-json\/wp\/v2\/product\/49895","targetHints":{"allow":["GET"]}}],"collection":[{"href":"https:\/\/stylingagenten.com\/sv\/wp-json\/wp\/v2\/product"}],"about":[{"href":"https:\/\/stylingagenten.com\/sv\/wp-json\/wp\/v2\/types\/product"}],"replies":[{"embeddable":true,"href":"https:\/\/stylingagenten.com\/sv\/wp-json\/wp\/v2\/comments?post=49895"}],"version-history":[{"count":0,"href":"https:\/\/stylingagenten.com\/sv\/wp-json\/wp\/v2\/product\/49895\/revisions"}],"wp:featuredmedia":[{"embeddable":true,"href":"https:\/\/stylingagenten.com\/sv\/wp-json\/wp\/v2\/media\/49893"}],"wp:attachment":[{"href":"https:\/\/stylingagenten.com\/sv\/wp-json\/wp\/v2\/media?parent=49895"}],"wp:term":[{"taxonomy":"product_brand","embeddable":true,"href":"https:\/\/stylingagenten.com\/sv\/wp-json\/wp\/v2\/product_brand?post=49895"},{"taxonomy":"product_cat","embeddable":true,"href":"https:\/\/stylingagenten.com\/sv\/wp-json\/wp\/v2\/product_cat?post=49895"},{"taxonomy":"product_tag","embeddable":true,"href":"https:\/\/stylingagenten.com\/sv\/wp-json\/wp\/v2\/product_tag?post=49895"},{"taxonomy":"berocket_brand","embeddable":true,"href":"https:\/\/stylingagenten.com\/sv\/wp-json\/wp\/v2\/berocket_brand?post=49895"}],"curies":[{"name":"wp","href":"https:\/\/api.w.org\/{rel}","templated":true}]}}