{"id":49863,"date":"2025-02-25T15:57:18","date_gmt":"2025-02-25T15:57:18","guid":{"rendered":"https:\/\/staging2.stylingagenten.com\/sv\/produkt\/guerlain-samsara-edt-30ml\/"},"modified":"2025-11-18T14:05:42","modified_gmt":"2025-11-18T14:05:42","slug":"guerlain-samsara-edt-30ml","status":"publish","type":"product","link":"https:\/\/stylingagenten.com\/sv\/produkt\/guerlain-samsara-edt-30ml\/","title":{"rendered":"Guerlain Samsara Edt 30ml"},"content":{"rendered":"<p>Guerlain Samsara Edt \u00e4r en sofistikerad och sensuell doft som passar alla tillf\u00e4llen.<\/p>\n<p>Doftnoter: bergamott, citron, ylang-ylang, persika, jasmin, iris, viol, ros, sandeltr\u00e4, vanilj, tonkab\u00f6na och mysk.<\/p>\n","protected":false},"excerpt":{"rendered":"<p>Guerlain Samsara Edt \u00e4r en sofistikerad och sensuell doft som passar alla tillf\u00e4llen. Doftnoter: bergamott, citron, ylang-ylang, persika, jasmin, iris, viol, ros, sandeltr\u00e4, vanilj, tonkab\u00f6na och mysk.<\/p>\n","protected":false},"featured_media":49861,"comment_status":"open","ping_status":"closed","template":"","meta":{"_trash_the_other_posts":false},"product_brand":[],"product_cat":[707],"product_tag":[3001],"berocket_brand":[1330],"class_list":{"0":"post-49863","1":"product","2":"type-product","3":"status-publish","4":"has-post-thumbnail","6":"product_cat-eau-de-toilette-dam","7":"product_tag-guerlain-samsara-edt","8":"pa_brand-guerlain","9":"pa_variant-30ml","10":"berocket_brand-guerlain","12":"first","13":"outofstock","14":"sale","15":"taxable","16":"shipping-taxable","17":"purchasable","18":"product-type-simple"},"_links":{"self":[{"href":"https:\/\/stylingagenten.com\/sv\/wp-json\/wp\/v2\/product\/49863","targetHints":{"allow":["GET"]}}],"collection":[{"href":"https:\/\/stylingagenten.com\/sv\/wp-json\/wp\/v2\/product"}],"about":[{"href":"https:\/\/stylingagenten.com\/sv\/wp-json\/wp\/v2\/types\/product"}],"replies":[{"embeddable":true,"href":"https:\/\/stylingagenten.com\/sv\/wp-json\/wp\/v2\/comments?post=49863"}],"version-history":[{"count":0,"href":"https:\/\/stylingagenten.com\/sv\/wp-json\/wp\/v2\/product\/49863\/revisions"}],"wp:featuredmedia":[{"embeddable":true,"href":"https:\/\/stylingagenten.com\/sv\/wp-json\/wp\/v2\/media\/49861"}],"wp:attachment":[{"href":"https:\/\/stylingagenten.com\/sv\/wp-json\/wp\/v2\/media?parent=49863"}],"wp:term":[{"taxonomy":"product_brand","embeddable":true,"href":"https:\/\/stylingagenten.com\/sv\/wp-json\/wp\/v2\/product_brand?post=49863"},{"taxonomy":"product_cat","embeddable":true,"href":"https:\/\/stylingagenten.com\/sv\/wp-json\/wp\/v2\/product_cat?post=49863"},{"taxonomy":"product_tag","embeddable":true,"href":"https:\/\/stylingagenten.com\/sv\/wp-json\/wp\/v2\/product_tag?post=49863"},{"taxonomy":"berocket_brand","embeddable":true,"href":"https:\/\/stylingagenten.com\/sv\/wp-json\/wp\/v2\/berocket_brand?post=49863"}],"curies":[{"name":"wp","href":"https:\/\/api.w.org\/{rel}","templated":true}]}}