{"id":49694,"date":"2025-02-25T15:56:38","date_gmt":"2025-02-25T15:56:38","guid":{"rendered":"https:\/\/staging2.stylingagenten.com\/sv\/produkt\/colour-bomb-extreme-white-platinum-250ml\/"},"modified":"2026-03-11T21:45:11","modified_gmt":"2026-03-11T21:45:11","slug":"colour-bomb-extreme-white-platinum-250ml","status":"publish","type":"product","link":"https:\/\/stylingagenten.com\/sv\/produkt\/colour-bomb-extreme-white-platinum-250ml\/","title":{"rendered":"Colour Bomb Extreme White Platinum 250ml"},"content":{"rendered":"<p>Color Bomb by Maverick \u2013 Extreme White Platinum <\/p>\n<p>F\u00e4rgbalsam med direkt effekt som fr\u00e4schar upp din h\u00e5rf\u00e4rg och ger det en ny fr\u00e4sch lyster och f\u00e5r h\u00e5ret att k\u00e4nnas mjuk och smidigt. <br \/>F\u00e4rgresultatet beror p\u00e5 din befintliga h\u00e5rf\u00e4rg och h\u00e5rets kvalit\u00e9. F\u00f6r f\u00e4rgat h\u00e5r. <\/p>\n<p>B\u00f6r ej anv\u00e4ndas i h\u00e5rbotten. <br \/>F\u00e4rgen h\u00e5ller i \u00e5tta till tio tv\u00e4ttar, men bleks efter hand. <br \/>Anv\u00e4nd handskar vid applicering. <br \/>Sk\u00f6lj av vid kontakt med hud. <br \/>Inneh\u00e5ller inte peroxider som bleker h\u00e5ret. <br \/>De olika f\u00e4rgerna kan blandas med varandra. <br \/>Colour Bomb inneh\u00e5ller ingredienser som \u00e5terfuktar h\u00e5ret och ger det n\u00e4ring, precis som ett vanligt balsam. <\/p>\n","protected":false},"excerpt":{"rendered":"<p>Color Bomb by Maverick \u2013 Extreme White Platinum F\u00e4rgbalsam med direkt effekt som fr\u00e4schar upp din h\u00e5rf\u00e4rg och ger det en ny fr\u00e4sch lyster och f\u00e5r h\u00e5ret att k\u00e4nnas mjuk och smidigt. F\u00e4rgresultatet beror p\u00e5 din befintliga h\u00e5rf\u00e4rg och h\u00e5rets kvalit\u00e9. F\u00f6r f\u00e4rgat h\u00e5r. B\u00f6r ej anv\u00e4ndas i h\u00e5rbotten. F\u00e4rgen h\u00e5ller i \u00e5tta till tio [&hellip;]<\/p>\n","protected":false},"featured_media":49693,"comment_status":"open","ping_status":"closed","template":"","meta":{"_trash_the_other_posts":false},"product_brand":[],"product_cat":[602],"product_tag":[2757],"berocket_brand":[1180],"class_list":{"0":"post-49694","1":"product","2":"type-product","3":"status-publish","4":"has-post-thumbnail","6":"product_cat-fargbomb","7":"product_tag-colour-bomb-250ml","8":"pa_brand-color-bomb","9":"pa_variant-extreme-white-platinum","10":"berocket_brand-colour-bomb","12":"first","13":"instock","14":"sale","15":"taxable","16":"shipping-taxable","17":"purchasable","18":"product-type-simple"},"_links":{"self":[{"href":"https:\/\/stylingagenten.com\/sv\/wp-json\/wp\/v2\/product\/49694","targetHints":{"allow":["GET"]}}],"collection":[{"href":"https:\/\/stylingagenten.com\/sv\/wp-json\/wp\/v2\/product"}],"about":[{"href":"https:\/\/stylingagenten.com\/sv\/wp-json\/wp\/v2\/types\/product"}],"replies":[{"embeddable":true,"href":"https:\/\/stylingagenten.com\/sv\/wp-json\/wp\/v2\/comments?post=49694"}],"version-history":[{"count":0,"href":"https:\/\/stylingagenten.com\/sv\/wp-json\/wp\/v2\/product\/49694\/revisions"}],"wp:featuredmedia":[{"embeddable":true,"href":"https:\/\/stylingagenten.com\/sv\/wp-json\/wp\/v2\/media\/49693"}],"wp:attachment":[{"href":"https:\/\/stylingagenten.com\/sv\/wp-json\/wp\/v2\/media?parent=49694"}],"wp:term":[{"taxonomy":"product_brand","embeddable":true,"href":"https:\/\/stylingagenten.com\/sv\/wp-json\/wp\/v2\/product_brand?post=49694"},{"taxonomy":"product_cat","embeddable":true,"href":"https:\/\/stylingagenten.com\/sv\/wp-json\/wp\/v2\/product_cat?post=49694"},{"taxonomy":"product_tag","embeddable":true,"href":"https:\/\/stylingagenten.com\/sv\/wp-json\/wp\/v2\/product_tag?post=49694"},{"taxonomy":"berocket_brand","embeddable":true,"href":"https:\/\/stylingagenten.com\/sv\/wp-json\/wp\/v2\/berocket_brand?post=49694"}],"curies":[{"name":"wp","href":"https:\/\/api.w.org\/{rel}","templated":true}]}}