{"id":49647,"date":"2025-02-25T15:56:24","date_gmt":"2025-02-25T15:56:24","guid":{"rendered":"https:\/\/staging2.stylingagenten.com\/sv\/produkt\/paco-rabanne-dangerous-me-edp-62ml\/"},"modified":"2026-03-22T14:07:36","modified_gmt":"2026-03-22T14:07:36","slug":"paco-rabanne-dangerous-me-edp-62ml","status":"publish","type":"product","link":"https:\/\/stylingagenten.com\/sv\/produkt\/paco-rabanne-dangerous-me-edp-62ml\/","title":{"rendered":"Paco Rabanne Dangerous Me Edp 62ml"},"content":{"rendered":"<p>Dangerous Me.<br \/>Fr\u00e4ck, minnesv\u00e4rd, outpl\u00e5nlig, en dofttatuering etsad p\u00e5 huden. Parfymen av bl\u00e4ck och vanilj, berikad med gr\u00e5 amber, ingef\u00e4ra och cedertr\u00e4. Socker och krydda med en m\u00f6rk, tr\u00e4ig twist.<\/p>\n","protected":false},"excerpt":{"rendered":"<p>Dangerous Me.Fr\u00e4ck, minnesv\u00e4rd, outpl\u00e5nlig, en dofttatuering etsad p\u00e5 huden. Parfymen av bl\u00e4ck och vanilj, berikad med gr\u00e5 amber, ingef\u00e4ra och cedertr\u00e4. Socker och krydda med en m\u00f6rk, tr\u00e4ig twist.<\/p>\n","protected":false},"featured_media":49645,"comment_status":"open","ping_status":"closed","template":"","meta":{"_trash_the_other_posts":false},"product_brand":[],"product_cat":[708,735,1000,1006,713],"product_tag":[],"berocket_brand":[1048],"class_list":{"0":"post-49647","1":"product","2":"type-product","3":"status-publish","4":"has-post-thumbnail","6":"product_cat-eau-de-parfum-herr","7":"product_cat-kampanj","8":"product_cat-kampanj-for-honom","9":"product_cat-kampanjpris","10":"product_cat-parfym-unisex","11":"pa_brand-paco-rabanne","12":"berocket_brand-paco-rabanne","14":"first","15":"instock","16":"sale","17":"taxable","18":"shipping-taxable","19":"purchasable","20":"product-type-simple"},"_links":{"self":[{"href":"https:\/\/stylingagenten.com\/sv\/wp-json\/wp\/v2\/product\/49647","targetHints":{"allow":["GET"]}}],"collection":[{"href":"https:\/\/stylingagenten.com\/sv\/wp-json\/wp\/v2\/product"}],"about":[{"href":"https:\/\/stylingagenten.com\/sv\/wp-json\/wp\/v2\/types\/product"}],"replies":[{"embeddable":true,"href":"https:\/\/stylingagenten.com\/sv\/wp-json\/wp\/v2\/comments?post=49647"}],"version-history":[{"count":0,"href":"https:\/\/stylingagenten.com\/sv\/wp-json\/wp\/v2\/product\/49647\/revisions"}],"wp:featuredmedia":[{"embeddable":true,"href":"https:\/\/stylingagenten.com\/sv\/wp-json\/wp\/v2\/media\/49645"}],"wp:attachment":[{"href":"https:\/\/stylingagenten.com\/sv\/wp-json\/wp\/v2\/media?parent=49647"}],"wp:term":[{"taxonomy":"product_brand","embeddable":true,"href":"https:\/\/stylingagenten.com\/sv\/wp-json\/wp\/v2\/product_brand?post=49647"},{"taxonomy":"product_cat","embeddable":true,"href":"https:\/\/stylingagenten.com\/sv\/wp-json\/wp\/v2\/product_cat?post=49647"},{"taxonomy":"product_tag","embeddable":true,"href":"https:\/\/stylingagenten.com\/sv\/wp-json\/wp\/v2\/product_tag?post=49647"},{"taxonomy":"berocket_brand","embeddable":true,"href":"https:\/\/stylingagenten.com\/sv\/wp-json\/wp\/v2\/berocket_brand?post=49647"}],"curies":[{"name":"wp","href":"https:\/\/api.w.org\/{rel}","templated":true}]}}