{"id":49634,"date":"2025-02-25T15:56:20","date_gmt":"2025-02-25T15:56:20","guid":{"rendered":"https:\/\/staging2.stylingagenten.com\/sv\/produkt\/paco-rabanne-erotic-me-edp-62ml\/"},"modified":"2026-03-11T22:06:54","modified_gmt":"2026-03-11T22:06:54","slug":"paco-rabanne-erotic-me-edp-62ml","status":"publish","type":"product","link":"https:\/\/stylingagenten.com\/sv\/produkt\/paco-rabanne-erotic-me-edp-62ml\/","title":{"rendered":"Paco Rabanne Erotic Me Edp 62ml"},"content":{"rendered":"<p>Erotic Me. Inspirerad av Barbella, den legendariska filmen med Jane Fonda.<br \/>Sensuella sinnen av l\u00e4der och hud-mot-hud.<br \/>Ett mj\u00f6lkigt ackord skapar sp\u00e4nning med r\u00f6kelse f\u00f6r erotiska m\u00f6ten.<br \/>Persiko-blommig osmanthus lyfter det mjuka l\u00e4dret.<\/p>\n","protected":false},"excerpt":{"rendered":"<p>Erotic Me. Inspirerad av Barbella, den legendariska filmen med Jane Fonda.Sensuella sinnen av l\u00e4der och hud-mot-hud.Ett mj\u00f6lkigt ackord skapar sp\u00e4nning med r\u00f6kelse f\u00f6r erotiska m\u00f6ten.Persiko-blommig osmanthus lyfter det mjuka l\u00e4dret.<\/p>\n","protected":false},"featured_media":49632,"comment_status":"open","ping_status":"closed","template":"","meta":{"_trash_the_other_posts":false},"product_brand":[],"product_cat":[708,735,1000,1006,713],"product_tag":[],"berocket_brand":[1048],"class_list":{"0":"post-49634","1":"product","2":"type-product","3":"status-publish","4":"has-post-thumbnail","6":"product_cat-eau-de-parfum-herr","7":"product_cat-kampanj","8":"product_cat-kampanj-for-honom","9":"product_cat-kampanjpris","10":"product_cat-parfym-unisex","11":"pa_brand-paco-rabanne","12":"berocket_brand-paco-rabanne","14":"first","15":"instock","16":"sale","17":"taxable","18":"shipping-taxable","19":"purchasable","20":"product-type-simple"},"_links":{"self":[{"href":"https:\/\/stylingagenten.com\/sv\/wp-json\/wp\/v2\/product\/49634","targetHints":{"allow":["GET"]}}],"collection":[{"href":"https:\/\/stylingagenten.com\/sv\/wp-json\/wp\/v2\/product"}],"about":[{"href":"https:\/\/stylingagenten.com\/sv\/wp-json\/wp\/v2\/types\/product"}],"replies":[{"embeddable":true,"href":"https:\/\/stylingagenten.com\/sv\/wp-json\/wp\/v2\/comments?post=49634"}],"version-history":[{"count":0,"href":"https:\/\/stylingagenten.com\/sv\/wp-json\/wp\/v2\/product\/49634\/revisions"}],"wp:featuredmedia":[{"embeddable":true,"href":"https:\/\/stylingagenten.com\/sv\/wp-json\/wp\/v2\/media\/49632"}],"wp:attachment":[{"href":"https:\/\/stylingagenten.com\/sv\/wp-json\/wp\/v2\/media?parent=49634"}],"wp:term":[{"taxonomy":"product_brand","embeddable":true,"href":"https:\/\/stylingagenten.com\/sv\/wp-json\/wp\/v2\/product_brand?post=49634"},{"taxonomy":"product_cat","embeddable":true,"href":"https:\/\/stylingagenten.com\/sv\/wp-json\/wp\/v2\/product_cat?post=49634"},{"taxonomy":"product_tag","embeddable":true,"href":"https:\/\/stylingagenten.com\/sv\/wp-json\/wp\/v2\/product_tag?post=49634"},{"taxonomy":"berocket_brand","embeddable":true,"href":"https:\/\/stylingagenten.com\/sv\/wp-json\/wp\/v2\/berocket_brand?post=49634"}],"curies":[{"name":"wp","href":"https:\/\/api.w.org\/{rel}","templated":true}]}}