{"id":49595,"date":"2025-02-25T15:56:07","date_gmt":"2025-02-25T15:56:07","guid":{"rendered":"https:\/\/staging2.stylingagenten.com\/sv\/produkt\/joico-hydrasplash-hydrating-shampoo-300ml\/"},"modified":"2026-04-12T22:08:26","modified_gmt":"2026-04-12T22:08:26","slug":"joico-hydrasplash-hydrating-shampoo-300ml","status":"publish","type":"product","link":"https:\/\/stylingagenten.com\/sv\/produkt\/joico-hydrasplash-hydrating-shampoo-300ml\/","title":{"rendered":"Joico Hydrasplash Hydrating Shampoo 300ml"},"content":{"rendered":"<p>HydraSplash Hydrating Shampoo<br \/>Ett rikt l\u00f6ddrande schampo som l\u00e4mnar en lyxig k\u00e4nsla i h\u00e5ret.<\/p>\n<p>D\u00c4RF\u00d6R KOMMER DU \u00c4LSKA DEN:<br \/>Reng\u00f6r noggrant utan att ta bort h\u00e5rets naturliga fukt<br \/>H\u00e5ret k\u00e4nns mjukt och \u00e5terfuktat<br \/>Tynger inte ner<br \/>Optimal f\u00f6r hela familjen<\/p>\n<p>ANV\u00c4NDNING<br \/>Applicera i fuktigt h\u00e5r. L\u00f6ddra. Sk\u00f6lj noggrant. F\u00f6lj upp med HydraSplash Conditioner eller HydraSplash Masque och avsluta med HydraSplash Replenishing Leave-In.<\/p>\n","protected":false},"excerpt":{"rendered":"<p>HydraSplash Hydrating ShampooEtt rikt l\u00f6ddrande schampo som l\u00e4mnar en lyxig k\u00e4nsla i h\u00e5ret. D\u00c4RF\u00d6R KOMMER DU \u00c4LSKA DEN:Reng\u00f6r noggrant utan att ta bort h\u00e5rets naturliga fuktH\u00e5ret k\u00e4nns mjukt och \u00e5terfuktatTynger inte nerOptimal f\u00f6r hela familjen ANV\u00c4NDNINGApplicera i fuktigt h\u00e5r. L\u00f6ddra. Sk\u00f6lj noggrant. F\u00f6lj upp med HydraSplash Conditioner eller HydraSplash Masque och avsluta med HydraSplash Replenishing [&hellip;]<\/p>\n","protected":false},"featured_media":49594,"comment_status":"open","ping_status":"closed","template":"","meta":{"_trash_the_other_posts":false},"product_brand":[],"product_cat":[563,1003],"product_tag":[3125],"berocket_brand":[1372],"class_list":{"0":"post-49595","1":"product","2":"type-product","3":"status-publish","4":"has-post-thumbnail","6":"product_cat-schampo","7":"product_cat-toppsaljare","8":"product_tag-joico-hydrasplash-hydrating-shampoo","9":"pa_brand-joico","10":"pa_variant-300ml","11":"berocket_brand-joico","13":"first","14":"instock","15":"sale","16":"taxable","17":"shipping-taxable","18":"purchasable","19":"product-type-simple"},"_links":{"self":[{"href":"https:\/\/stylingagenten.com\/sv\/wp-json\/wp\/v2\/product\/49595","targetHints":{"allow":["GET"]}}],"collection":[{"href":"https:\/\/stylingagenten.com\/sv\/wp-json\/wp\/v2\/product"}],"about":[{"href":"https:\/\/stylingagenten.com\/sv\/wp-json\/wp\/v2\/types\/product"}],"replies":[{"embeddable":true,"href":"https:\/\/stylingagenten.com\/sv\/wp-json\/wp\/v2\/comments?post=49595"}],"version-history":[{"count":0,"href":"https:\/\/stylingagenten.com\/sv\/wp-json\/wp\/v2\/product\/49595\/revisions"}],"wp:featuredmedia":[{"embeddable":true,"href":"https:\/\/stylingagenten.com\/sv\/wp-json\/wp\/v2\/media\/49594"}],"wp:attachment":[{"href":"https:\/\/stylingagenten.com\/sv\/wp-json\/wp\/v2\/media?parent=49595"}],"wp:term":[{"taxonomy":"product_brand","embeddable":true,"href":"https:\/\/stylingagenten.com\/sv\/wp-json\/wp\/v2\/product_brand?post=49595"},{"taxonomy":"product_cat","embeddable":true,"href":"https:\/\/stylingagenten.com\/sv\/wp-json\/wp\/v2\/product_cat?post=49595"},{"taxonomy":"product_tag","embeddable":true,"href":"https:\/\/stylingagenten.com\/sv\/wp-json\/wp\/v2\/product_tag?post=49595"},{"taxonomy":"berocket_brand","embeddable":true,"href":"https:\/\/stylingagenten.com\/sv\/wp-json\/wp\/v2\/berocket_brand?post=49595"}],"curies":[{"name":"wp","href":"https:\/\/api.w.org\/{rel}","templated":true}]}}