{"id":49585,"date":"2025-02-25T15:56:03","date_gmt":"2025-02-25T15:56:03","guid":{"rendered":"https:\/\/staging2.stylingagenten.com\/sv\/produkt\/joico-k-pak-reconstructing-shampoo-300ml\/"},"modified":"2026-04-01T13:48:30","modified_gmt":"2026-04-01T13:48:30","slug":"joico-k-pak-reconstructing-shampoo-300ml","status":"publish","type":"product","link":"https:\/\/stylingagenten.com\/sv\/produkt\/joico-k-pak-reconstructing-shampoo-300ml\/","title":{"rendered":"Joico K-Pak Reconstructing Shampoo 300ml"},"content":{"rendered":"<p>K-PAK Reconstructing Shampoo<br \/>\u00c5teruppbyggande schampo f\u00f6r skadat h\u00e5r. Utvecklad med keratin och extrakt fr\u00e5n guavafrukt som reparerar de skadade delarna i h\u00e5ret. Perfekt f\u00f6r skadat, por\u00f6st eller kemiskt behandlat h\u00e5r. F\u00f6rb\u00e4ttrar omedelbart h\u00e5rets elasticitet, styrka och glans.<\/p>\n","protected":false},"excerpt":{"rendered":"<p>K-PAK Reconstructing Shampoo\u00c5teruppbyggande schampo f\u00f6r skadat h\u00e5r. Utvecklad med keratin och extrakt fr\u00e5n guavafrukt som reparerar de skadade delarna i h\u00e5ret. Perfekt f\u00f6r skadat, por\u00f6st eller kemiskt behandlat h\u00e5r. F\u00f6rb\u00e4ttrar omedelbart h\u00e5rets elasticitet, styrka och glans.<\/p>\n","protected":false},"featured_media":49584,"comment_status":"open","ping_status":"closed","template":"","meta":{"_trash_the_other_posts":false},"product_brand":[],"product_cat":[563,1003],"product_tag":[3134],"berocket_brand":[1372],"class_list":{"0":"post-49585","1":"product","2":"type-product","3":"status-publish","4":"has-post-thumbnail","6":"product_cat-schampo","7":"product_cat-toppsaljare","8":"product_tag-joico-k-pak-reconstructing-shampoo","9":"pa_brand-joico","10":"pa_variant-300ml","11":"berocket_brand-joico","13":"first","14":"outofstock","15":"sale","16":"taxable","17":"shipping-taxable","18":"purchasable","19":"product-type-simple"},"_links":{"self":[{"href":"https:\/\/stylingagenten.com\/sv\/wp-json\/wp\/v2\/product\/49585","targetHints":{"allow":["GET"]}}],"collection":[{"href":"https:\/\/stylingagenten.com\/sv\/wp-json\/wp\/v2\/product"}],"about":[{"href":"https:\/\/stylingagenten.com\/sv\/wp-json\/wp\/v2\/types\/product"}],"replies":[{"embeddable":true,"href":"https:\/\/stylingagenten.com\/sv\/wp-json\/wp\/v2\/comments?post=49585"}],"version-history":[{"count":0,"href":"https:\/\/stylingagenten.com\/sv\/wp-json\/wp\/v2\/product\/49585\/revisions"}],"wp:featuredmedia":[{"embeddable":true,"href":"https:\/\/stylingagenten.com\/sv\/wp-json\/wp\/v2\/media\/49584"}],"wp:attachment":[{"href":"https:\/\/stylingagenten.com\/sv\/wp-json\/wp\/v2\/media?parent=49585"}],"wp:term":[{"taxonomy":"product_brand","embeddable":true,"href":"https:\/\/stylingagenten.com\/sv\/wp-json\/wp\/v2\/product_brand?post=49585"},{"taxonomy":"product_cat","embeddable":true,"href":"https:\/\/stylingagenten.com\/sv\/wp-json\/wp\/v2\/product_cat?post=49585"},{"taxonomy":"product_tag","embeddable":true,"href":"https:\/\/stylingagenten.com\/sv\/wp-json\/wp\/v2\/product_tag?post=49585"},{"taxonomy":"berocket_brand","embeddable":true,"href":"https:\/\/stylingagenten.com\/sv\/wp-json\/wp\/v2\/berocket_brand?post=49585"}],"curies":[{"name":"wp","href":"https:\/\/api.w.org\/{rel}","templated":true}]}}