{"id":49583,"date":"2025-02-25T15:56:02","date_gmt":"2025-02-25T15:56:02","guid":{"rendered":"https:\/\/staging2.stylingagenten.com\/sv\/produkt\/nyx-prof-makeup-rocker-chic-palette-tainted-love\/"},"modified":"2026-04-11T17:58:27","modified_gmt":"2026-04-11T17:58:27","slug":"nyx-prof-makeup-rocker-chic-palette-tainted-love","status":"publish","type":"product","link":"https:\/\/stylingagenten.com\/sv\/produkt\/nyx-prof-makeup-rocker-chic-palette-tainted-love\/","title":{"rendered":"NYX PROF. MAKEUP Rocker Chic Palette &#8211; Tainted Love"},"content":{"rendered":"<p>Med NYX PROFESSIONAL MAKEUP Rocker Chic Palette &#8211; Tainted Love kan du g\u00e5 fram till mikrofonen och h\u00e4nf\u00f6ra publiken med dina dj\u00e4rva toner. NYX PROFESSIONAL MAKEUP Rocker Chic Palette &#8211; Tainted Love inneh\u00e5ller fem livliga \u00f6gonskuggor som du anv\u00e4nda f\u00f6r att f\u00f6rvandla varje mjuk look till en dramatisk s\u00e5dan. Med denna palett \u00e4r du redo f\u00f6r vilket gig som helst.<\/p>\n","protected":false},"excerpt":{"rendered":"<p>Med NYX PROFESSIONAL MAKEUP Rocker Chic Palette &#8211; Tainted Love kan du g\u00e5 fram till mikrofonen och h\u00e4nf\u00f6ra publiken med dina dj\u00e4rva toner. NYX PROFESSIONAL MAKEUP Rocker Chic Palette &#8211; Tainted Love inneh\u00e5ller fem livliga \u00f6gonskuggor som du anv\u00e4nda f\u00f6r att f\u00f6rvandla varje mjuk look till en dramatisk s\u00e5dan. Med denna palett \u00e4r du redo [&hellip;]<\/p>\n","protected":false},"featured_media":49582,"comment_status":"open","ping_status":"closed","template":"","meta":{"_trash_the_other_posts":false},"product_brand":[],"product_cat":[581],"product_tag":[3821],"berocket_brand":[1025],"class_list":{"0":"post-49583","1":"product","2":"type-product","3":"status-publish","4":"has-post-thumbnail","6":"product_cat-ogonskugga","7":"product_tag-nyx-prof-makeup-rocker-chic-palette","8":"pa_brand-nyx","9":"pa_variant-tainted-love","10":"berocket_brand-nyx","12":"first","13":"instock","14":"sale","15":"taxable","16":"shipping-taxable","17":"purchasable","18":"product-type-simple"},"_links":{"self":[{"href":"https:\/\/stylingagenten.com\/sv\/wp-json\/wp\/v2\/product\/49583","targetHints":{"allow":["GET"]}}],"collection":[{"href":"https:\/\/stylingagenten.com\/sv\/wp-json\/wp\/v2\/product"}],"about":[{"href":"https:\/\/stylingagenten.com\/sv\/wp-json\/wp\/v2\/types\/product"}],"replies":[{"embeddable":true,"href":"https:\/\/stylingagenten.com\/sv\/wp-json\/wp\/v2\/comments?post=49583"}],"version-history":[{"count":0,"href":"https:\/\/stylingagenten.com\/sv\/wp-json\/wp\/v2\/product\/49583\/revisions"}],"wp:featuredmedia":[{"embeddable":true,"href":"https:\/\/stylingagenten.com\/sv\/wp-json\/wp\/v2\/media\/49582"}],"wp:attachment":[{"href":"https:\/\/stylingagenten.com\/sv\/wp-json\/wp\/v2\/media?parent=49583"}],"wp:term":[{"taxonomy":"product_brand","embeddable":true,"href":"https:\/\/stylingagenten.com\/sv\/wp-json\/wp\/v2\/product_brand?post=49583"},{"taxonomy":"product_cat","embeddable":true,"href":"https:\/\/stylingagenten.com\/sv\/wp-json\/wp\/v2\/product_cat?post=49583"},{"taxonomy":"product_tag","embeddable":true,"href":"https:\/\/stylingagenten.com\/sv\/wp-json\/wp\/v2\/product_tag?post=49583"},{"taxonomy":"berocket_brand","embeddable":true,"href":"https:\/\/stylingagenten.com\/sv\/wp-json\/wp\/v2\/berocket_brand?post=49583"}],"curies":[{"name":"wp","href":"https:\/\/api.w.org\/{rel}","templated":true}]}}