{"id":49577,"date":"2025-02-25T15:56:00","date_gmt":"2025-02-25T15:56:00","guid":{"rendered":"https:\/\/staging2.stylingagenten.com\/sv\/produkt\/nyx-prof-makeup-soft-matte-lip-cream-london\/"},"modified":"2025-12-18T21:54:57","modified_gmt":"2025-12-18T21:54:57","slug":"nyx-prof-makeup-soft-matte-lip-cream-london","status":"publish","type":"product","link":"https:\/\/stylingagenten.com\/sv\/produkt\/nyx-prof-makeup-soft-matte-lip-cream-london\/","title":{"rendered":"NYX PROF. MAKEUP Soft Matte Lip Cream London"},"content":{"rendered":"<p>NYX PROFESSIONAL MAKEUP Soft Matte Lip Cream London &#8211; Det \u00e4r varken ett l\u00e4ppstift eller ett l\u00e4ppglans, det \u00e4r en l\u00e4ppstiftskr\u00e4m! Med en silkeslen konsistens och med mjuka matta f\u00e4rger kommer dessa l\u00e5ngvariga l\u00e4ppkr\u00e4mer att h\u00e5lla dina l\u00e4ppar \u00e5terfuktade och f\u00e4rgglada hela dagen. Inneh\u00e5ll: 6,5g<\/p>\n","protected":false},"excerpt":{"rendered":"<p>NYX PROFESSIONAL MAKEUP Soft Matte Lip Cream London &#8211; Det \u00e4r varken ett l\u00e4ppstift eller ett l\u00e4ppglans, det \u00e4r en l\u00e4ppstiftskr\u00e4m! Med en silkeslen konsistens och med mjuka matta f\u00e4rger kommer dessa l\u00e5ngvariga l\u00e4ppkr\u00e4mer att h\u00e5lla dina l\u00e4ppar \u00e5terfuktade och f\u00e4rgglada hela dagen. Inneh\u00e5ll: 6,5g<\/p>\n","protected":false},"featured_media":49575,"comment_status":"open","ping_status":"closed","template":"","meta":{"_trash_the_other_posts":false},"product_brand":[],"product_cat":[607],"product_tag":[3826],"berocket_brand":[1025],"class_list":{"0":"post-49577","1":"product","2":"type-product","3":"status-publish","4":"has-post-thumbnail","6":"product_cat-lappstift","7":"product_tag-nyx-prof-makeup-soft-matte-lip-cream","8":"pa_brand-nyx","9":"pa_variant-london","10":"berocket_brand-nyx","12":"first","13":"instock","14":"sale","15":"taxable","16":"shipping-taxable","17":"purchasable","18":"product-type-simple"},"_links":{"self":[{"href":"https:\/\/stylingagenten.com\/sv\/wp-json\/wp\/v2\/product\/49577","targetHints":{"allow":["GET"]}}],"collection":[{"href":"https:\/\/stylingagenten.com\/sv\/wp-json\/wp\/v2\/product"}],"about":[{"href":"https:\/\/stylingagenten.com\/sv\/wp-json\/wp\/v2\/types\/product"}],"replies":[{"embeddable":true,"href":"https:\/\/stylingagenten.com\/sv\/wp-json\/wp\/v2\/comments?post=49577"}],"version-history":[{"count":0,"href":"https:\/\/stylingagenten.com\/sv\/wp-json\/wp\/v2\/product\/49577\/revisions"}],"wp:featuredmedia":[{"embeddable":true,"href":"https:\/\/stylingagenten.com\/sv\/wp-json\/wp\/v2\/media\/49575"}],"wp:attachment":[{"href":"https:\/\/stylingagenten.com\/sv\/wp-json\/wp\/v2\/media?parent=49577"}],"wp:term":[{"taxonomy":"product_brand","embeddable":true,"href":"https:\/\/stylingagenten.com\/sv\/wp-json\/wp\/v2\/product_brand?post=49577"},{"taxonomy":"product_cat","embeddable":true,"href":"https:\/\/stylingagenten.com\/sv\/wp-json\/wp\/v2\/product_cat?post=49577"},{"taxonomy":"product_tag","embeddable":true,"href":"https:\/\/stylingagenten.com\/sv\/wp-json\/wp\/v2\/product_tag?post=49577"},{"taxonomy":"berocket_brand","embeddable":true,"href":"https:\/\/stylingagenten.com\/sv\/wp-json\/wp\/v2\/berocket_brand?post=49577"}],"curies":[{"name":"wp","href":"https:\/\/api.w.org\/{rel}","templated":true}]}}