{"id":49536,"date":"2025-02-25T15:55:47","date_gmt":"2025-02-25T15:55:47","guid":{"rendered":"https:\/\/staging2.stylingagenten.com\/sv\/produkt\/rco-gemstone-color-conditioner-251ml\/"},"modified":"2026-03-11T21:51:12","modified_gmt":"2026-03-11T21:51:12","slug":"rco-gemstone-color-conditioner-251ml","status":"publish","type":"product","link":"https:\/\/stylingagenten.com\/sv\/produkt\/rco-gemstone-color-conditioner-251ml\/","title":{"rendered":"R+Co Gemstone Color Conditioner 251ml"},"content":{"rendered":"<p>L\u00e5t dig gl\u00e4nsa med GEMSTONE, ett n\u00e4ringsgivande schampo och balsam f\u00f6r f\u00e4rgbehandlade h\u00e5r. Inneh\u00e5ller f\u00e4rgskyddskomplex som hj\u00e4lper dig bevara och f\u00f6rl\u00e4nga f\u00e4rgens lyster i h\u00e5ret. Balanserar \u00e4ven h\u00e5rbotten, t\u00e4mjer friss och sluter kluvna h\u00e5rtoppar.<\/p>\n<p>Bra f\u00f6r: Bevarar h\u00e5rf\u00e4rgens livsl\u00e4ngd i upp till tio tv\u00e4ttar.<br \/>G\u00f6r s\u00e5 h\u00e4r: F\u00f6rdela schampot genom h\u00e5ret. Sk\u00f6lj. F\u00f6lj upp med R+Co GEMSTONE Color Conditioner.<br \/>DOFT: Relative Paradise.<\/p>\n<p>Huvudingredienser:<br \/>ChromoHance Complex: bevarar f\u00e4rgens livsl\u00e4ngd och lyster ger mjukhet, fukt, glans och reparerar h\u00e5ret.<br \/>Litchiextrakt: f\u00f6rb\u00e4ttrar styrkan och \u00e4ven elasticiteten i h\u00e5ret samt ger m\u00e4rkbar glans. Skyddar mot yttre milj\u00f6p\u00e5verkan.<br \/>Orkafr\u00f6extrakt: ger fukt till h\u00e5r och h\u00e5rbotten. Fr\u00e4mjar f\u00f6r en optimal h\u00e5rbottenmilj\u00f6. Mjukg\u00f6r h\u00e5rstr\u00e5na och l\u00e4mnar h\u00e5ret glansigt, mjukt och frissfritt.<br \/>Vitamin E: mjukg\u00f6r p\u00e5 djupet, tillf\u00f6r lyster och glans. Naturligt rik p\u00e5 antioxidanter som skyddar h\u00e5ret mot yttre milj\u00f6p\u00e5verkan samt mot uttorkning av h\u00e5r och h\u00e5rbotten.<br \/>Extrakt fr\u00e5n solrosgroddar: ett naturligt plantderivat med fuktgivande egenskaper. Tar bort friss och ger omedelbar glans och mjukhet till h\u00e5ret.<\/p>\n","protected":false},"excerpt":{"rendered":"<p>L\u00e5t dig gl\u00e4nsa med GEMSTONE, ett n\u00e4ringsgivande schampo och balsam f\u00f6r f\u00e4rgbehandlade h\u00e5r. Inneh\u00e5ller f\u00e4rgskyddskomplex som hj\u00e4lper dig bevara och f\u00f6rl\u00e4nga f\u00e4rgens lyster i h\u00e5ret. Balanserar \u00e4ven h\u00e5rbotten, t\u00e4mjer friss och sluter kluvna h\u00e5rtoppar. Bra f\u00f6r: Bevarar h\u00e5rf\u00e4rgens livsl\u00e4ngd i upp till tio tv\u00e4ttar.G\u00f6r s\u00e5 h\u00e4r: F\u00f6rdela schampot genom h\u00e5ret. Sk\u00f6lj. F\u00f6lj upp med R+Co [&hellip;]<\/p>\n","protected":false},"featured_media":49534,"comment_status":"open","ping_status":"closed","template":"","meta":{"_trash_the_other_posts":false},"product_brand":[],"product_cat":[587],"product_tag":[],"berocket_brand":[1373],"class_list":{"0":"post-49536","1":"product","2":"type-product","3":"status-publish","4":"has-post-thumbnail","6":"product_cat-balsam","7":"pa_brand-rco","8":"berocket_brand-rco","10":"first","11":"instock","12":"sale","13":"taxable","14":"shipping-taxable","15":"purchasable","16":"product-type-simple"},"_links":{"self":[{"href":"https:\/\/stylingagenten.com\/sv\/wp-json\/wp\/v2\/product\/49536","targetHints":{"allow":["GET"]}}],"collection":[{"href":"https:\/\/stylingagenten.com\/sv\/wp-json\/wp\/v2\/product"}],"about":[{"href":"https:\/\/stylingagenten.com\/sv\/wp-json\/wp\/v2\/types\/product"}],"replies":[{"embeddable":true,"href":"https:\/\/stylingagenten.com\/sv\/wp-json\/wp\/v2\/comments?post=49536"}],"version-history":[{"count":0,"href":"https:\/\/stylingagenten.com\/sv\/wp-json\/wp\/v2\/product\/49536\/revisions"}],"wp:featuredmedia":[{"embeddable":true,"href":"https:\/\/stylingagenten.com\/sv\/wp-json\/wp\/v2\/media\/49534"}],"wp:attachment":[{"href":"https:\/\/stylingagenten.com\/sv\/wp-json\/wp\/v2\/media?parent=49536"}],"wp:term":[{"taxonomy":"product_brand","embeddable":true,"href":"https:\/\/stylingagenten.com\/sv\/wp-json\/wp\/v2\/product_brand?post=49536"},{"taxonomy":"product_cat","embeddable":true,"href":"https:\/\/stylingagenten.com\/sv\/wp-json\/wp\/v2\/product_cat?post=49536"},{"taxonomy":"product_tag","embeddable":true,"href":"https:\/\/stylingagenten.com\/sv\/wp-json\/wp\/v2\/product_tag?post=49536"},{"taxonomy":"berocket_brand","embeddable":true,"href":"https:\/\/stylingagenten.com\/sv\/wp-json\/wp\/v2\/berocket_brand?post=49536"}],"curies":[{"name":"wp","href":"https:\/\/api.w.org\/{rel}","templated":true}]}}