{"id":49520,"date":"2025-02-25T15:55:43","date_gmt":"2025-02-25T15:55:43","guid":{"rendered":"https:\/\/staging2.stylingagenten.com\/sv\/produkt\/k18-leave-in-molecular-repair-hair-mask-150ml\/"},"modified":"2026-03-17T15:38:18","modified_gmt":"2026-03-17T15:38:18","slug":"k18-leave-in-molecular-repair-hair-mask-150ml","status":"publish","type":"product","link":"https:\/\/stylingagenten.com\/sv\/produkt\/k18-leave-in-molecular-repair-hair-mask-150ml\/","title":{"rendered":"K18 Leave-In Molecular Repair Hair Mask 150ml"},"content":{"rendered":"<p>Denna \u00e5terst\u00e4llande, intensiva behandling reparerar, st\u00e4rker och f\u00f6rb\u00e4ttrar h\u00e5rets elasticitet p\u00e5 4 minuter, samtidigt som h\u00e5ret blir mjukare och l\u00e4ttare att kamma.<\/p>\n<p>K18Peptide\u2122 \u00e4r molekylen och genombrottet h\u00e5rindustrin v\u00e4ntat p\u00e5! Kliniskt bevisat att \u00e5terst\u00e4lla skador p\u00e5 h\u00e5ret p\u00e5 endast fyra minuter.<\/p>\n<p>K18Peptide\u2122 \u00e5terst\u00e4ller h\u00e5r som har skadats av kemiska behandlingar, v\u00e4rmeverktyg, UV-str\u00e5lar, h\u00e5rtv\u00e4ttar till dess ursprungliga &amp; ungdomliga tillst\u00e5nd! Patenterade K18 \u00e4r en best\u00e5ende l\u00f6sning, detta \u00e4r den f\u00f6rsta produkten som anv\u00e4nder biomimetik f\u00f6r att \u00e5terst\u00e4lla keratinkedjorna i h\u00e5ret.<\/p>\n<p>K18 skapar mjukt, frissfritt, starkt h\u00e5r med flexibilitet som k\u00e4nns som nytt.<\/p>\n<p>Anv\u00e4ndning:<br \/>1. Schamponera h\u00e5ret med ett djupreng\u00f6rande shampoo och sk\u00f6lj. Anv\u00e4nd INTE balsam.<br \/>Handdukstorka h\u00e5ret.<\/p>\n<p>2. B\u00f6rja med 1 pumptag K18 Mask och applicera mer efter behov beroende p\u00e5 h\u00e5rl\u00e4ngd, tjocklek och h\u00e5rkvalitet. Arbeta in j\u00e4mnt i h\u00e5ret, ett pumptag \u00e5t g\u00e5ngen, fr\u00e5n botten till topparna. \u00d6verdosera ej.<\/p>\n<p>Kort h\u00e5r: 1-2 pumptag<br \/>Axell\u00e5ngt h\u00e5r: 1-3 pumptag<br \/>L\u00e5ngt h\u00e5r: 2-4 pumptag<br \/>Antalet pumptag beror p\u00e5 om du har fint\/tunt, mediumtjockt eller tjockt\/grovt h\u00e5r.<\/p>\n<p>3. L\u00e5t verka i 4 minuter. Sk\u00f6lj INTE ur.<br \/>4. Styla h\u00e5ret.<\/p>\n<p>Anv\u00e4nd K18 Mask de f\u00f6ljande 4-6 h\u00e5rtv\u00e4ttarna och sedan var 3:e till var 6:e tv\u00e4tt efter behov.<\/p>\n","protected":false},"excerpt":{"rendered":"<p>Denna \u00e5terst\u00e4llande, intensiva behandling reparerar, st\u00e4rker och f\u00f6rb\u00e4ttrar h\u00e5rets elasticitet p\u00e5 4 minuter, samtidigt som h\u00e5ret blir mjukare och l\u00e4ttare att kamma. K18Peptide\u2122 \u00e4r molekylen och genombrottet h\u00e5rindustrin v\u00e4ntat p\u00e5! Kliniskt bevisat att \u00e5terst\u00e4lla skador p\u00e5 h\u00e5ret p\u00e5 endast fyra minuter. K18Peptide\u2122 \u00e5terst\u00e4ller h\u00e5r som har skadats av kemiska behandlingar, v\u00e4rmeverktyg, UV-str\u00e5lar, h\u00e5rtv\u00e4ttar till dess [&hellip;]<\/p>\n","protected":false},"featured_media":49517,"comment_status":"open","ping_status":"closed","template":"","meta":{"_trash_the_other_posts":false},"product_brand":[],"product_cat":[620],"product_tag":[3162],"berocket_brand":[1370],"class_list":{"0":"post-49520","1":"product","2":"type-product","3":"status-publish","4":"has-post-thumbnail","6":"product_cat-harinpackning","7":"product_tag-k18-leave-in-molecular-repair-hair-mask","8":"pa_brand-k18","9":"pa_variant-150ml","10":"berocket_brand-k18","12":"first","13":"outofstock","14":"sale","15":"taxable","16":"shipping-taxable","17":"purchasable","18":"product-type-simple"},"_links":{"self":[{"href":"https:\/\/stylingagenten.com\/sv\/wp-json\/wp\/v2\/product\/49520","targetHints":{"allow":["GET"]}}],"collection":[{"href":"https:\/\/stylingagenten.com\/sv\/wp-json\/wp\/v2\/product"}],"about":[{"href":"https:\/\/stylingagenten.com\/sv\/wp-json\/wp\/v2\/types\/product"}],"replies":[{"embeddable":true,"href":"https:\/\/stylingagenten.com\/sv\/wp-json\/wp\/v2\/comments?post=49520"}],"version-history":[{"count":0,"href":"https:\/\/stylingagenten.com\/sv\/wp-json\/wp\/v2\/product\/49520\/revisions"}],"wp:featuredmedia":[{"embeddable":true,"href":"https:\/\/stylingagenten.com\/sv\/wp-json\/wp\/v2\/media\/49517"}],"wp:attachment":[{"href":"https:\/\/stylingagenten.com\/sv\/wp-json\/wp\/v2\/media?parent=49520"}],"wp:term":[{"taxonomy":"product_brand","embeddable":true,"href":"https:\/\/stylingagenten.com\/sv\/wp-json\/wp\/v2\/product_brand?post=49520"},{"taxonomy":"product_cat","embeddable":true,"href":"https:\/\/stylingagenten.com\/sv\/wp-json\/wp\/v2\/product_cat?post=49520"},{"taxonomy":"product_tag","embeddable":true,"href":"https:\/\/stylingagenten.com\/sv\/wp-json\/wp\/v2\/product_tag?post=49520"},{"taxonomy":"berocket_brand","embeddable":true,"href":"https:\/\/stylingagenten.com\/sv\/wp-json\/wp\/v2\/berocket_brand?post=49520"}],"curies":[{"name":"wp","href":"https:\/\/api.w.org\/{rel}","templated":true}]}}