{"id":49494,"date":"2025-02-25T15:55:34","date_gmt":"2025-02-25T15:55:34","guid":{"rendered":"https:\/\/staging2.stylingagenten.com\/sv\/produkt\/max-factor-colour-elixir-honey-lacquer-lip-gloss-35-blooming-berry\/"},"modified":"2026-04-03T23:18:25","modified_gmt":"2026-04-03T23:18:25","slug":"max-factor-colour-elixir-honey-lacquer-lip-gloss-35-blooming-berry","status":"publish","type":"product","link":"https:\/\/stylingagenten.com\/sv\/produkt\/max-factor-colour-elixir-honey-lacquer-lip-gloss-35-blooming-berry\/","title":{"rendered":"Max Factor Colour Elixir Honey Lacquer Lip Gloss &#8211; 35 Blooming Berry"},"content":{"rendered":"<p>Colour Elixir Honey Lacquer fr\u00e5n Max Factor \u00e4r ett 3 i 1 flytande l\u00e4ppstift med en h\u00e4rlig konsistens som honung. Den ger f\u00e4rg som ett l\u00e4ppstift, k\u00e4nns mjukt som ett balm och ger glans som ett lipgloss. Finns i flera f\u00e4rger.<\/p>\n<p>\u2022Flytande l\u00e4ppstift<br \/>\u2022Ger f\u00e4rg som ett l\u00e4ppstift<br \/>\u2022K\u00e4nns mjukt som ett balm<br \/>\u2022Ger glans som ett lipgloss<\/p>\n","protected":false},"excerpt":{"rendered":"<p>Colour Elixir Honey Lacquer fr\u00e5n Max Factor \u00e4r ett 3 i 1 flytande l\u00e4ppstift med en h\u00e4rlig konsistens som honung. Den ger f\u00e4rg som ett l\u00e4ppstift, k\u00e4nns mjukt som ett balm och ger glans som ett lipgloss. Finns i flera f\u00e4rger. \u2022Flytande l\u00e4ppstift\u2022Ger f\u00e4rg som ett l\u00e4ppstift\u2022K\u00e4nns mjukt som ett balm\u2022Ger glans som ett lipgloss<\/p>\n","protected":false},"featured_media":49487,"comment_status":"open","ping_status":"closed","template":"","meta":{"_trash_the_other_posts":false},"product_brand":[],"product_cat":[599],"product_tag":[3575],"berocket_brand":[1013],"class_list":{"0":"post-49494","1":"product","2":"type-product","3":"status-publish","4":"has-post-thumbnail","6":"product_cat-lappglans","7":"product_tag-max-factor-colour-elixir-honey-lacquer-lip-gloss","8":"pa_brand-max-factor","9":"pa_variant-35-blooming-berry","10":"berocket_brand-max-factor","12":"first","13":"instock","14":"sale","15":"taxable","16":"shipping-taxable","17":"purchasable","18":"product-type-simple"},"_links":{"self":[{"href":"https:\/\/stylingagenten.com\/sv\/wp-json\/wp\/v2\/product\/49494","targetHints":{"allow":["GET"]}}],"collection":[{"href":"https:\/\/stylingagenten.com\/sv\/wp-json\/wp\/v2\/product"}],"about":[{"href":"https:\/\/stylingagenten.com\/sv\/wp-json\/wp\/v2\/types\/product"}],"replies":[{"embeddable":true,"href":"https:\/\/stylingagenten.com\/sv\/wp-json\/wp\/v2\/comments?post=49494"}],"version-history":[{"count":0,"href":"https:\/\/stylingagenten.com\/sv\/wp-json\/wp\/v2\/product\/49494\/revisions"}],"wp:featuredmedia":[{"embeddable":true,"href":"https:\/\/stylingagenten.com\/sv\/wp-json\/wp\/v2\/media\/49487"}],"wp:attachment":[{"href":"https:\/\/stylingagenten.com\/sv\/wp-json\/wp\/v2\/media?parent=49494"}],"wp:term":[{"taxonomy":"product_brand","embeddable":true,"href":"https:\/\/stylingagenten.com\/sv\/wp-json\/wp\/v2\/product_brand?post=49494"},{"taxonomy":"product_cat","embeddable":true,"href":"https:\/\/stylingagenten.com\/sv\/wp-json\/wp\/v2\/product_cat?post=49494"},{"taxonomy":"product_tag","embeddable":true,"href":"https:\/\/stylingagenten.com\/sv\/wp-json\/wp\/v2\/product_tag?post=49494"},{"taxonomy":"berocket_brand","embeddable":true,"href":"https:\/\/stylingagenten.com\/sv\/wp-json\/wp\/v2\/berocket_brand?post=49494"}],"curies":[{"name":"wp","href":"https:\/\/api.w.org\/{rel}","templated":true}]}}