{"id":49493,"date":"2025-02-25T15:55:34","date_gmt":"2025-02-25T15:55:34","guid":{"rendered":"https:\/\/staging2.stylingagenten.com\/sv\/produkt\/ida-warg-plumping-conditioner-pro-size-500ml\/"},"modified":"2026-03-31T19:48:28","modified_gmt":"2026-03-31T19:48:28","slug":"ida-warg-plumping-conditioner-pro-size-500ml","status":"publish","type":"product","link":"https:\/\/stylingagenten.com\/sv\/produkt\/ida-warg-plumping-conditioner-pro-size-500ml\/","title":{"rendered":"Ida Warg Plumping Conditioner Pro Size 500ml"},"content":{"rendered":"<p>Plumping Conditioner i pro size ger h\u00e5ret extra volym, fyllighet och t\u00e4thet. Adderar och beh\u00e5ller fukt djupt inne i h\u00e5rstr\u00e5et med hj\u00e4lp av hydrolyserade veteproteiner. Peptider \u00e5teruppbygger skador p\u00e5 h\u00e5rets inre struktur och ger en fylligare k\u00e4nsla. Anv\u00e4ndningtillsammans med Plumping Shampoo f\u00f6r att uppn\u00e5 b\u00e4sta resultat.<\/p>\n<p>En h\u00e4rligt pirrig och uppfriskande doft med inslag av citrus, enb\u00e4r och p\u00e4ron<br \/>100% vegansk &amp; Cruelty-free<br \/>Fri fr\u00e5n parabener och sulfater<\/p>\n","protected":false},"excerpt":{"rendered":"<p>Plumping Conditioner i pro size ger h\u00e5ret extra volym, fyllighet och t\u00e4thet. Adderar och beh\u00e5ller fukt djupt inne i h\u00e5rstr\u00e5et med hj\u00e4lp av hydrolyserade veteproteiner. Peptider \u00e5teruppbygger skador p\u00e5 h\u00e5rets inre struktur och ger en fylligare k\u00e4nsla. Anv\u00e4ndningtillsammans med Plumping Shampoo f\u00f6r att uppn\u00e5 b\u00e4sta resultat. En h\u00e4rligt pirrig och uppfriskande doft med inslag av [&hellip;]<\/p>\n","protected":false},"featured_media":49488,"comment_status":"open","ping_status":"closed","template":"","meta":{"_trash_the_other_posts":false},"product_brand":[],"product_cat":[587],"product_tag":[3065],"berocket_brand":[1346],"class_list":{"0":"post-49493","1":"product","2":"type-product","3":"status-publish","4":"has-post-thumbnail","6":"product_cat-balsam","7":"product_tag-ida-warg-plumping-conditioner","8":"pa_brand-ida-warg","9":"pa_variant-500ml","10":"berocket_brand-ida-warg","12":"first","13":"instock","14":"sale","15":"taxable","16":"shipping-taxable","17":"purchasable","18":"product-type-simple"},"_links":{"self":[{"href":"https:\/\/stylingagenten.com\/sv\/wp-json\/wp\/v2\/product\/49493","targetHints":{"allow":["GET"]}}],"collection":[{"href":"https:\/\/stylingagenten.com\/sv\/wp-json\/wp\/v2\/product"}],"about":[{"href":"https:\/\/stylingagenten.com\/sv\/wp-json\/wp\/v2\/types\/product"}],"replies":[{"embeddable":true,"href":"https:\/\/stylingagenten.com\/sv\/wp-json\/wp\/v2\/comments?post=49493"}],"version-history":[{"count":0,"href":"https:\/\/stylingagenten.com\/sv\/wp-json\/wp\/v2\/product\/49493\/revisions"}],"wp:featuredmedia":[{"embeddable":true,"href":"https:\/\/stylingagenten.com\/sv\/wp-json\/wp\/v2\/media\/49488"}],"wp:attachment":[{"href":"https:\/\/stylingagenten.com\/sv\/wp-json\/wp\/v2\/media?parent=49493"}],"wp:term":[{"taxonomy":"product_brand","embeddable":true,"href":"https:\/\/stylingagenten.com\/sv\/wp-json\/wp\/v2\/product_brand?post=49493"},{"taxonomy":"product_cat","embeddable":true,"href":"https:\/\/stylingagenten.com\/sv\/wp-json\/wp\/v2\/product_cat?post=49493"},{"taxonomy":"product_tag","embeddable":true,"href":"https:\/\/stylingagenten.com\/sv\/wp-json\/wp\/v2\/product_tag?post=49493"},{"taxonomy":"berocket_brand","embeddable":true,"href":"https:\/\/stylingagenten.com\/sv\/wp-json\/wp\/v2\/berocket_brand?post=49493"}],"curies":[{"name":"wp","href":"https:\/\/api.w.org\/{rel}","templated":true}]}}