{"id":49428,"date":"2025-02-25T15:55:17","date_gmt":"2025-02-25T15:55:17","guid":{"rendered":"https:\/\/staging2.stylingagenten.com\/sv\/produkt\/shiseido-synchro-skin-radiant-lifting-foundation-130-30ml\/"},"modified":"2026-04-14T21:08:34","modified_gmt":"2026-04-14T21:08:34","slug":"shiseido-synchro-skin-radiant-lifting-foundation-130-30ml","status":"publish","type":"product","link":"https:\/\/stylingagenten.com\/sv\/produkt\/shiseido-synchro-skin-radiant-lifting-foundation-130-30ml\/","title":{"rendered":"Shiseido Synchro Skin Radiant Lifting Foundation 130 30ml"},"content":{"rendered":"<div>Shiseido Synchro Skin Radiant Lifting Foundation \u00e4r en medium-till-full, byggbar t\u00e4ckande foundation med innovativ ljusjusterande teknologi som tar itu med de 3 stora hindren som hindrar hudens lyster: fina linjer och rynkor, oj\u00e4mn hudton och f\u00f6rlust av fukt.<br \/>En kombination av genomskinliga p\u00e4rlor, str\u00e5lande mikrokristaller och avancerade optiska filter balanserar och anpassar sig till alla omgivande ljusf\u00f6rh\u00e5llanden, medan en exklusiv blandning av fuktighetsbevarande \u00e4mnen binder fukt till huden f\u00f6r 24-timmars \u00e5terfuktning. Inneh\u00e5ller mandarin peeling-extrakt f\u00f6r att st\u00f6dja hudens lyster. Denna foundation erbjuder omedelbara resultat och varaktig lyster. Skyddar med SPF30.<\/div>\n","protected":false},"excerpt":{"rendered":"<p>Shiseido Synchro Skin Radiant Lifting Foundation \u00e4r en medium-till-full, byggbar t\u00e4ckande foundation med innovativ ljusjusterande teknologi som tar itu med de 3 stora hindren som hindrar hudens lyster: fina linjer och rynkor, oj\u00e4mn hudton och f\u00f6rlust av fukt.En kombination av genomskinliga p\u00e4rlor, str\u00e5lande mikrokristaller och avancerade optiska filter balanserar och anpassar sig till alla omgivande [&hellip;]<\/p>\n","protected":false},"featured_media":49422,"comment_status":"open","ping_status":"closed","template":"","meta":{"_trash_the_other_posts":false},"product_brand":[],"product_cat":[579],"product_tag":[4153],"berocket_brand":[1193],"class_list":{"0":"post-49428","1":"product","2":"type-product","3":"status-publish","4":"has-post-thumbnail","6":"product_cat-foundation","7":"product_tag-shiseido-synchro-skin-radiant-lifting-foundation-30ml","8":"pa_brand-shiseido","9":"pa_variant-4968","10":"berocket_brand-shiseido","12":"first","13":"instock","14":"sale","15":"taxable","16":"shipping-taxable","17":"purchasable","18":"product-type-simple"},"_links":{"self":[{"href":"https:\/\/stylingagenten.com\/sv\/wp-json\/wp\/v2\/product\/49428","targetHints":{"allow":["GET"]}}],"collection":[{"href":"https:\/\/stylingagenten.com\/sv\/wp-json\/wp\/v2\/product"}],"about":[{"href":"https:\/\/stylingagenten.com\/sv\/wp-json\/wp\/v2\/types\/product"}],"replies":[{"embeddable":true,"href":"https:\/\/stylingagenten.com\/sv\/wp-json\/wp\/v2\/comments?post=49428"}],"version-history":[{"count":0,"href":"https:\/\/stylingagenten.com\/sv\/wp-json\/wp\/v2\/product\/49428\/revisions"}],"wp:featuredmedia":[{"embeddable":true,"href":"https:\/\/stylingagenten.com\/sv\/wp-json\/wp\/v2\/media\/49422"}],"wp:attachment":[{"href":"https:\/\/stylingagenten.com\/sv\/wp-json\/wp\/v2\/media?parent=49428"}],"wp:term":[{"taxonomy":"product_brand","embeddable":true,"href":"https:\/\/stylingagenten.com\/sv\/wp-json\/wp\/v2\/product_brand?post=49428"},{"taxonomy":"product_cat","embeddable":true,"href":"https:\/\/stylingagenten.com\/sv\/wp-json\/wp\/v2\/product_cat?post=49428"},{"taxonomy":"product_tag","embeddable":true,"href":"https:\/\/stylingagenten.com\/sv\/wp-json\/wp\/v2\/product_tag?post=49428"},{"taxonomy":"berocket_brand","embeddable":true,"href":"https:\/\/stylingagenten.com\/sv\/wp-json\/wp\/v2\/berocket_brand?post=49428"}],"curies":[{"name":"wp","href":"https:\/\/api.w.org\/{rel}","templated":true}]}}