{"id":49418,"date":"2025-02-25T15:55:13","date_gmt":"2025-02-25T15:55:13","guid":{"rendered":"https:\/\/staging2.stylingagenten.com\/sv\/produkt\/2-pack-elizabeth-arden-green-tea-cream-deodorant-40ml\/"},"modified":"2026-03-28T21:38:42","modified_gmt":"2026-03-28T21:38:42","slug":"2-pack-elizabeth-arden-green-tea-cream-deodorant-40ml","status":"publish","type":"product","link":"https:\/\/stylingagenten.com\/sv\/produkt\/2-pack-elizabeth-arden-green-tea-cream-deodorant-40ml\/","title":{"rendered":"2-pack Elizabeth Arden Green Tea Cream Deodorant 40ml"},"content":{"rendered":"<p>Elizabeth Arden Green Tea Cream Deodorant \u00e4r en h\u00e4rligt fr\u00e4sch kr\u00e4mdeodorant, berikad med gr\u00f6nt te f\u00f6r en ren, fr\u00e4sch k\u00e4nsla. Deodoranten har en upplyftande doft som ger energi och piggar upp dina sinnen. <\/p>\n","protected":false},"excerpt":{"rendered":"<p>Elizabeth Arden Green Tea Cream Deodorant \u00e4r en h\u00e4rligt fr\u00e4sch kr\u00e4mdeodorant, berikad med gr\u00f6nt te f\u00f6r en ren, fr\u00e4sch k\u00e4nsla. Deodoranten har en upplyftande doft som ger energi och piggar upp dina sinnen.<\/p>\n","protected":false},"featured_media":49416,"comment_status":"open","ping_status":"closed","template":"","meta":{"_trash_the_other_posts":false},"product_brand":[],"product_cat":[759,670,735,999,1000],"product_tag":[],"berocket_brand":[1303],"class_list":{"0":"post-49418","1":"product","2":"type-product","3":"status-publish","4":"has-post-thumbnail","6":"product_cat-elizabeth-arden-green-tea","7":"product_cat-flerpack-deodorant","8":"product_cat-kampanj","9":"product_cat-kampanj-for-henne","10":"product_cat-kampanj-for-honom","11":"pa_brand-elizabeth-arden","12":"berocket_brand-elizabeth-arden","14":"first","15":"outofstock","16":"sale","17":"taxable","18":"shipping-taxable","19":"purchasable","20":"product-type-simple"},"_links":{"self":[{"href":"https:\/\/stylingagenten.com\/sv\/wp-json\/wp\/v2\/product\/49418","targetHints":{"allow":["GET"]}}],"collection":[{"href":"https:\/\/stylingagenten.com\/sv\/wp-json\/wp\/v2\/product"}],"about":[{"href":"https:\/\/stylingagenten.com\/sv\/wp-json\/wp\/v2\/types\/product"}],"replies":[{"embeddable":true,"href":"https:\/\/stylingagenten.com\/sv\/wp-json\/wp\/v2\/comments?post=49418"}],"version-history":[{"count":0,"href":"https:\/\/stylingagenten.com\/sv\/wp-json\/wp\/v2\/product\/49418\/revisions"}],"wp:featuredmedia":[{"embeddable":true,"href":"https:\/\/stylingagenten.com\/sv\/wp-json\/wp\/v2\/media\/49416"}],"wp:attachment":[{"href":"https:\/\/stylingagenten.com\/sv\/wp-json\/wp\/v2\/media?parent=49418"}],"wp:term":[{"taxonomy":"product_brand","embeddable":true,"href":"https:\/\/stylingagenten.com\/sv\/wp-json\/wp\/v2\/product_brand?post=49418"},{"taxonomy":"product_cat","embeddable":true,"href":"https:\/\/stylingagenten.com\/sv\/wp-json\/wp\/v2\/product_cat?post=49418"},{"taxonomy":"product_tag","embeddable":true,"href":"https:\/\/stylingagenten.com\/sv\/wp-json\/wp\/v2\/product_tag?post=49418"},{"taxonomy":"berocket_brand","embeddable":true,"href":"https:\/\/stylingagenten.com\/sv\/wp-json\/wp\/v2\/berocket_brand?post=49418"}],"curies":[{"name":"wp","href":"https:\/\/api.w.org\/{rel}","templated":true}]}}