{"id":49407,"date":"2025-02-25T15:55:09","date_gmt":"2025-02-25T15:55:09","guid":{"rendered":"https:\/\/staging2.stylingagenten.com\/sv\/produkt\/2-pack-zmile-cosmetics-makeup-box-everybodys-darling\/"},"modified":"2026-01-30T18:56:31","modified_gmt":"2026-01-30T18:56:31","slug":"2-pack-zmile-cosmetics-makeup-box-everybodys-darling","status":"publish","type":"product","link":"https:\/\/stylingagenten.com\/sv\/produkt\/2-pack-zmile-cosmetics-makeup-box-everybodys-darling\/","title":{"rendered":"2-pack Zmile Cosmetics Makeup Box Everybody&#8217;s Darling"},"content":{"rendered":"<p>Ett makeupkit inneh\u00e5llande det mesta du beh\u00f6ver f\u00f6r en lyckad och varierad sminkning som \u00e4r snyggt f\u00f6rpackat i en aluminiumv\u00e4ska.<\/p>\n<p>Kitet inneh\u00e5ller:<br \/>32 fina shimmerskuggor i jordn\u00e4ra f\u00e4rger, 2 rouge, 4 l\u00e4ppstift varav ett vackert skimrande, 4 fina nagellack, 3 kajalpennor och en l\u00e4ppenna. Till detta f\u00e5r du \u00e4ven 4 olika applikatorer, en liten nagelfil och en fin ask att b\u00e4ra med dig dina favoritskuggor i.<br \/>Passar perfekt som present till ton\u00e5rsdottern.<br \/>Storlek p\u00e5 aluminiumv\u00e4ska: 25x9x16cm<\/p>\n","protected":false},"excerpt":{"rendered":"<p>Ett makeupkit inneh\u00e5llande det mesta du beh\u00f6ver f\u00f6r en lyckad och varierad sminkning som \u00e4r snyggt f\u00f6rpackat i en aluminiumv\u00e4ska. Kitet inneh\u00e5ller:32 fina shimmerskuggor i jordn\u00e4ra f\u00e4rger, 2 rouge, 4 l\u00e4ppstift varav ett vackert skimrande, 4 fina nagellack, 3 kajalpennor och en l\u00e4ppenna. Till detta f\u00e5r du \u00e4ven 4 olika applikatorer, en liten nagelfil och [&hellip;]<\/p>\n","protected":false},"featured_media":49406,"comment_status":"open","ping_status":"closed","template":"","meta":{"_trash_the_other_posts":false},"product_brand":[],"product_cat":[664,637],"product_tag":[],"berocket_brand":[1179],"class_list":{"0":"post-49407","1":"product","2":"type-product","3":"status-publish","4":"has-post-thumbnail","6":"product_cat-giftset-smink","7":"product_cat-smink","8":"pa_brand-zmile-cosmetics","9":"berocket_brand-zmile-cosmetics","11":"first","12":"instock","13":"sale","14":"taxable","15":"shipping-taxable","16":"purchasable","17":"product-type-simple"},"_links":{"self":[{"href":"https:\/\/stylingagenten.com\/sv\/wp-json\/wp\/v2\/product\/49407","targetHints":{"allow":["GET"]}}],"collection":[{"href":"https:\/\/stylingagenten.com\/sv\/wp-json\/wp\/v2\/product"}],"about":[{"href":"https:\/\/stylingagenten.com\/sv\/wp-json\/wp\/v2\/types\/product"}],"replies":[{"embeddable":true,"href":"https:\/\/stylingagenten.com\/sv\/wp-json\/wp\/v2\/comments?post=49407"}],"version-history":[{"count":0,"href":"https:\/\/stylingagenten.com\/sv\/wp-json\/wp\/v2\/product\/49407\/revisions"}],"wp:featuredmedia":[{"embeddable":true,"href":"https:\/\/stylingagenten.com\/sv\/wp-json\/wp\/v2\/media\/49406"}],"wp:attachment":[{"href":"https:\/\/stylingagenten.com\/sv\/wp-json\/wp\/v2\/media?parent=49407"}],"wp:term":[{"taxonomy":"product_brand","embeddable":true,"href":"https:\/\/stylingagenten.com\/sv\/wp-json\/wp\/v2\/product_brand?post=49407"},{"taxonomy":"product_cat","embeddable":true,"href":"https:\/\/stylingagenten.com\/sv\/wp-json\/wp\/v2\/product_cat?post=49407"},{"taxonomy":"product_tag","embeddable":true,"href":"https:\/\/stylingagenten.com\/sv\/wp-json\/wp\/v2\/product_tag?post=49407"},{"taxonomy":"berocket_brand","embeddable":true,"href":"https:\/\/stylingagenten.com\/sv\/wp-json\/wp\/v2\/berocket_brand?post=49407"}],"curies":[{"name":"wp","href":"https:\/\/api.w.org\/{rel}","templated":true}]}}