{"id":49396,"date":"2025-02-25T15:55:05","date_gmt":"2025-02-25T15:55:05","guid":{"rendered":"https:\/\/staging2.stylingagenten.com\/sv\/produkt\/3-pack-hugo-boss-bottled-deo-spray-150ml\/"},"modified":"2026-04-14T11:01:23","modified_gmt":"2026-04-14T11:01:23","slug":"3-pack-hugo-boss-bottled-deo-spray-150ml","status":"publish","type":"product","link":"https:\/\/stylingagenten.com\/sv\/produkt\/3-pack-hugo-boss-bottled-deo-spray-150ml\/","title":{"rendered":"3-pack Hugo Boss Bottled Deo Spray 150ml"},"content":{"rendered":"<p>Hugo Boss Bottle \u00e4r en frisk och sensuell doft med en mix av \u00e4pple, kryddor och sensuella tr\u00e4noter. En riktig klassiker f\u00f6r den moderna mannen.<\/p>\n<p>Doftnoter: bergamott, \u00e4pple, kanel, tagetes, kryddnejlika, cedertr\u00e4, sandelstr\u00e4, patchouli, amber, vetiver &amp; olivtr\u00e4.<\/p>\n","protected":false},"excerpt":{"rendered":"<p>Hugo Boss Bottle \u00e4r en frisk och sensuell doft med en mix av \u00e4pple, kryddor och sensuella tr\u00e4noter. En riktig klassiker f\u00f6r den moderna mannen. Doftnoter: bergamott, \u00e4pple, kanel, tagetes, kryddnejlika, cedertr\u00e4, sandelstr\u00e4, patchouli, amber, vetiver &amp; olivtr\u00e4.<\/p>\n","protected":false},"featured_media":49394,"comment_status":"open","ping_status":"closed","template":"","meta":{"_trash_the_other_posts":false},"product_brand":[],"product_cat":[670,735,1000],"product_tag":[],"berocket_brand":[1339],"class_list":{"0":"post-49396","1":"product","2":"type-product","3":"status-publish","4":"has-post-thumbnail","6":"product_cat-flerpack-deodorant","7":"product_cat-kampanj","8":"product_cat-kampanj-for-honom","9":"pa_brand-hugo-boss","10":"berocket_brand-hugo-boss","12":"first","13":"instock","14":"sale","15":"taxable","16":"shipping-taxable","17":"purchasable","18":"product-type-simple"},"_links":{"self":[{"href":"https:\/\/stylingagenten.com\/sv\/wp-json\/wp\/v2\/product\/49396","targetHints":{"allow":["GET"]}}],"collection":[{"href":"https:\/\/stylingagenten.com\/sv\/wp-json\/wp\/v2\/product"}],"about":[{"href":"https:\/\/stylingagenten.com\/sv\/wp-json\/wp\/v2\/types\/product"}],"replies":[{"embeddable":true,"href":"https:\/\/stylingagenten.com\/sv\/wp-json\/wp\/v2\/comments?post=49396"}],"version-history":[{"count":0,"href":"https:\/\/stylingagenten.com\/sv\/wp-json\/wp\/v2\/product\/49396\/revisions"}],"wp:featuredmedia":[{"embeddable":true,"href":"https:\/\/stylingagenten.com\/sv\/wp-json\/wp\/v2\/media\/49394"}],"wp:attachment":[{"href":"https:\/\/stylingagenten.com\/sv\/wp-json\/wp\/v2\/media?parent=49396"}],"wp:term":[{"taxonomy":"product_brand","embeddable":true,"href":"https:\/\/stylingagenten.com\/sv\/wp-json\/wp\/v2\/product_brand?post=49396"},{"taxonomy":"product_cat","embeddable":true,"href":"https:\/\/stylingagenten.com\/sv\/wp-json\/wp\/v2\/product_cat?post=49396"},{"taxonomy":"product_tag","embeddable":true,"href":"https:\/\/stylingagenten.com\/sv\/wp-json\/wp\/v2\/product_tag?post=49396"},{"taxonomy":"berocket_brand","embeddable":true,"href":"https:\/\/stylingagenten.com\/sv\/wp-json\/wp\/v2\/berocket_brand?post=49396"}],"curies":[{"name":"wp","href":"https:\/\/api.w.org\/{rel}","templated":true}]}}