{"id":49267,"date":"2025-02-25T15:54:16","date_gmt":"2025-02-25T15:54:16","guid":{"rendered":"https:\/\/staging2.stylingagenten.com\/sv\/produkt\/nyx-prof-makeup-pro-lip-brush\/"},"modified":"2025-12-18T21:54:57","modified_gmt":"2025-12-18T21:54:57","slug":"nyx-prof-makeup-pro-lip-brush","status":"publish","type":"product","link":"https:\/\/stylingagenten.com\/sv\/produkt\/nyx-prof-makeup-pro-lip-brush\/","title":{"rendered":"NYX PROF. MAKEUP Pro Lip Brush"},"content":{"rendered":"<p>Varf\u00f6r inte anv\u00e4nda samma utrustning som proffsen och s\u00e4tt din egen professionella pr\u00e4gel p\u00e5 varje ny look?<\/p>\n<p>NYX PROFESSIONAL MAKEUP Pro Lip Brush \u00e4r en spetsig l\u00e4ppborste f\u00f6r precis och vacker applicering. Tillverkad av syntetiska fibrer.<\/p>\n","protected":false},"excerpt":{"rendered":"<p>Varf\u00f6r inte anv\u00e4nda samma utrustning som proffsen och s\u00e4tt din egen professionella pr\u00e4gel p\u00e5 varje ny look? NYX PROFESSIONAL MAKEUP Pro Lip Brush \u00e4r en spetsig l\u00e4ppborste f\u00f6r precis och vacker applicering. Tillverkad av syntetiska fibrer.<\/p>\n","protected":false},"featured_media":49266,"comment_status":"open","ping_status":"closed","template":"","meta":{"_trash_the_other_posts":false},"product_brand":[],"product_cat":[675],"product_tag":[3820],"berocket_brand":[1025],"class_list":{"0":"post-49267","1":"product","2":"type-product","3":"status-publish","4":"has-post-thumbnail","6":"product_cat-sminkborstar-bas","7":"product_tag-nyx-prof-makeup-pro-brush","8":"pa_brand-nyx","9":"pa_variant-lip","10":"berocket_brand-nyx","12":"first","13":"instock","14":"taxable","15":"shipping-taxable","16":"purchasable","17":"product-type-simple"},"_links":{"self":[{"href":"https:\/\/stylingagenten.com\/sv\/wp-json\/wp\/v2\/product\/49267","targetHints":{"allow":["GET"]}}],"collection":[{"href":"https:\/\/stylingagenten.com\/sv\/wp-json\/wp\/v2\/product"}],"about":[{"href":"https:\/\/stylingagenten.com\/sv\/wp-json\/wp\/v2\/types\/product"}],"replies":[{"embeddable":true,"href":"https:\/\/stylingagenten.com\/sv\/wp-json\/wp\/v2\/comments?post=49267"}],"version-history":[{"count":0,"href":"https:\/\/stylingagenten.com\/sv\/wp-json\/wp\/v2\/product\/49267\/revisions"}],"wp:featuredmedia":[{"embeddable":true,"href":"https:\/\/stylingagenten.com\/sv\/wp-json\/wp\/v2\/media\/49266"}],"wp:attachment":[{"href":"https:\/\/stylingagenten.com\/sv\/wp-json\/wp\/v2\/media?parent=49267"}],"wp:term":[{"taxonomy":"product_brand","embeddable":true,"href":"https:\/\/stylingagenten.com\/sv\/wp-json\/wp\/v2\/product_brand?post=49267"},{"taxonomy":"product_cat","embeddable":true,"href":"https:\/\/stylingagenten.com\/sv\/wp-json\/wp\/v2\/product_cat?post=49267"},{"taxonomy":"product_tag","embeddable":true,"href":"https:\/\/stylingagenten.com\/sv\/wp-json\/wp\/v2\/product_tag?post=49267"},{"taxonomy":"berocket_brand","embeddable":true,"href":"https:\/\/stylingagenten.com\/sv\/wp-json\/wp\/v2\/berocket_brand?post=49267"}],"curies":[{"name":"wp","href":"https:\/\/api.w.org\/{rel}","templated":true}]}}