{"id":49243,"date":"2025-02-25T15:54:00","date_gmt":"2025-02-25T15:54:00","guid":{"rendered":"https:\/\/staging2.stylingagenten.com\/sv\/produkt\/2-pack-fudge-matte-hed-extra-85g\/"},"modified":"2026-04-02T13:57:45","modified_gmt":"2026-04-02T13:57:45","slug":"2-pack-fudge-matte-hed-extra-85g","status":"publish","type":"product","link":"https:\/\/stylingagenten.com\/sv\/produkt\/2-pack-fudge-matte-hed-extra-85g\/","title":{"rendered":"2-pack Fudge Matte Hed Extra 85g"},"content":{"rendered":"<p>Fudge Matte Hed Extra \u00e4r en matt strukturpasta med fast stadga. Den ger struktur och formar h\u00e5ret med en extra matt finish. Fudge Matte Hed Extra ger volym och sl\u00e4t h\u00e5ryta samtidigt som den ger kontroll med hj\u00e4lp av Chinaclay och organiska vaxer. Organiska v\u00e5rdande \u00e4mnen f\u00f6rhindrar fuktf\u00f6rlust och bevarar h\u00e5rets naturliga kvalitet. Mild doft av gurka och melon.<\/p>\n","protected":false},"excerpt":{"rendered":"<p>Fudge Matte Hed Extra \u00e4r en matt strukturpasta med fast stadga. Den ger struktur och formar h\u00e5ret med en extra matt finish. Fudge Matte Hed Extra ger volym och sl\u00e4t h\u00e5ryta samtidigt som den ger kontroll med hj\u00e4lp av Chinaclay och organiska vaxer. Organiska v\u00e5rdande \u00e4mnen f\u00f6rhindrar fuktf\u00f6rlust och bevarar h\u00e5rets naturliga kvalitet. Mild doft [&hellip;]<\/p>\n","protected":false},"featured_media":49242,"comment_status":"open","ping_status":"closed","template":"","meta":{"_trash_the_other_posts":false},"product_brand":[],"product_cat":[671],"product_tag":[],"berocket_brand":[1319],"class_list":{"0":"post-49243","1":"product","2":"type-product","3":"status-publish","4":"has-post-thumbnail","6":"product_cat-flerpack-vax","7":"pa_brand-fudge","8":"berocket_brand-fudge","10":"first","11":"instock","12":"sale","13":"taxable","14":"shipping-taxable","15":"purchasable","16":"product-type-simple"},"_links":{"self":[{"href":"https:\/\/stylingagenten.com\/sv\/wp-json\/wp\/v2\/product\/49243","targetHints":{"allow":["GET"]}}],"collection":[{"href":"https:\/\/stylingagenten.com\/sv\/wp-json\/wp\/v2\/product"}],"about":[{"href":"https:\/\/stylingagenten.com\/sv\/wp-json\/wp\/v2\/types\/product"}],"replies":[{"embeddable":true,"href":"https:\/\/stylingagenten.com\/sv\/wp-json\/wp\/v2\/comments?post=49243"}],"version-history":[{"count":0,"href":"https:\/\/stylingagenten.com\/sv\/wp-json\/wp\/v2\/product\/49243\/revisions"}],"wp:featuredmedia":[{"embeddable":true,"href":"https:\/\/stylingagenten.com\/sv\/wp-json\/wp\/v2\/media\/49242"}],"wp:attachment":[{"href":"https:\/\/stylingagenten.com\/sv\/wp-json\/wp\/v2\/media?parent=49243"}],"wp:term":[{"taxonomy":"product_brand","embeddable":true,"href":"https:\/\/stylingagenten.com\/sv\/wp-json\/wp\/v2\/product_brand?post=49243"},{"taxonomy":"product_cat","embeddable":true,"href":"https:\/\/stylingagenten.com\/sv\/wp-json\/wp\/v2\/product_cat?post=49243"},{"taxonomy":"product_tag","embeddable":true,"href":"https:\/\/stylingagenten.com\/sv\/wp-json\/wp\/v2\/product_tag?post=49243"},{"taxonomy":"berocket_brand","embeddable":true,"href":"https:\/\/stylingagenten.com\/sv\/wp-json\/wp\/v2\/berocket_brand?post=49243"}],"curies":[{"name":"wp","href":"https:\/\/api.w.org\/{rel}","templated":true}]}}