{"id":49190,"date":"2025-02-25T15:53:26","date_gmt":"2025-02-25T15:53:26","guid":{"rendered":"https:\/\/staging2.stylingagenten.com\/sv\/produkt\/gres-cabotine-edt-100ml\/"},"modified":"2026-04-10T07:08:50","modified_gmt":"2026-04-10T07:08:50","slug":"gres-cabotine-edt-100ml","status":"publish","type":"product","link":"https:\/\/stylingagenten.com\/sv\/produkt\/gres-cabotine-edt-100ml\/","title":{"rendered":"Gres Cabotine Edt 100ml"},"content":{"rendered":"<p>Cabotine, EdT fr\u00e5n Parfums Gres \u00e4r en popul\u00e4r doftklassiker fr\u00e5n 90-talet som med sin f\u00f6rf\u00f6riska elegans har burits av kvinnor i decennier. Doften \u00e4r ljuvligt blommig och l\u00e4tt i sin karakt\u00e4r.  Doftfamilj \u2013 Blommig Toppnoter: Svartvinb\u00e4rsskott, p\u00e4ron, plommon, apelsinblomma, tangerin och koriander Hj\u00e4rtnoter: Ros, ilang-ilang, tuberos, Ginger Lily, hyacint, heliotrop, fresia, viol och iris Basnoter: Cedertr\u00e4d, vanilj, tonkab\u00f6na, sibetolja, mysk och ambra<\/p>\n","protected":false},"excerpt":{"rendered":"<p>Cabotine, EdT fr\u00e5n Parfums Gres \u00e4r en popul\u00e4r doftklassiker fr\u00e5n 90-talet som med sin f\u00f6rf\u00f6riska elegans har burits av kvinnor i decennier. Doften \u00e4r ljuvligt blommig och l\u00e4tt i sin karakt\u00e4r. Doftfamilj \u2013 Blommig Toppnoter: Svartvinb\u00e4rsskott, p\u00e4ron, plommon, apelsinblomma, tangerin och koriander Hj\u00e4rtnoter: Ros, ilang-ilang, tuberos, Ginger Lily, hyacint, heliotrop, fresia, viol och iris Basnoter: [&hellip;]<\/p>\n","protected":false},"featured_media":49188,"comment_status":"open","ping_status":"closed","template":"","meta":{"_trash_the_other_posts":false},"product_brand":[],"product_cat":[707,735,999,1006],"product_tag":[],"berocket_brand":[1104],"class_list":{"0":"post-49190","1":"product","2":"type-product","3":"status-publish","4":"has-post-thumbnail","6":"product_cat-eau-de-toilette-dam","7":"product_cat-kampanj","8":"product_cat-kampanj-for-henne","9":"product_cat-kampanjpris","10":"pa_brand-parfums-gres","11":"berocket_brand-parfums-gres","13":"first","14":"instock","15":"sale","16":"taxable","17":"shipping-taxable","18":"purchasable","19":"product-type-simple"},"_links":{"self":[{"href":"https:\/\/stylingagenten.com\/sv\/wp-json\/wp\/v2\/product\/49190","targetHints":{"allow":["GET"]}}],"collection":[{"href":"https:\/\/stylingagenten.com\/sv\/wp-json\/wp\/v2\/product"}],"about":[{"href":"https:\/\/stylingagenten.com\/sv\/wp-json\/wp\/v2\/types\/product"}],"replies":[{"embeddable":true,"href":"https:\/\/stylingagenten.com\/sv\/wp-json\/wp\/v2\/comments?post=49190"}],"version-history":[{"count":0,"href":"https:\/\/stylingagenten.com\/sv\/wp-json\/wp\/v2\/product\/49190\/revisions"}],"wp:featuredmedia":[{"embeddable":true,"href":"https:\/\/stylingagenten.com\/sv\/wp-json\/wp\/v2\/media\/49188"}],"wp:attachment":[{"href":"https:\/\/stylingagenten.com\/sv\/wp-json\/wp\/v2\/media?parent=49190"}],"wp:term":[{"taxonomy":"product_brand","embeddable":true,"href":"https:\/\/stylingagenten.com\/sv\/wp-json\/wp\/v2\/product_brand?post=49190"},{"taxonomy":"product_cat","embeddable":true,"href":"https:\/\/stylingagenten.com\/sv\/wp-json\/wp\/v2\/product_cat?post=49190"},{"taxonomy":"product_tag","embeddable":true,"href":"https:\/\/stylingagenten.com\/sv\/wp-json\/wp\/v2\/product_tag?post=49190"},{"taxonomy":"berocket_brand","embeddable":true,"href":"https:\/\/stylingagenten.com\/sv\/wp-json\/wp\/v2\/berocket_brand?post=49190"}],"curies":[{"name":"wp","href":"https:\/\/api.w.org\/{rel}","templated":true}]}}