{"id":49087,"date":"2025-02-25T15:52:22","date_gmt":"2025-02-25T15:52:22","guid":{"rendered":"https:\/\/staging2.stylingagenten.com\/sv\/produkt\/maria-nila-creator-fix-100ml\/"},"modified":"2026-03-17T15:37:48","modified_gmt":"2026-03-17T15:37:48","slug":"maria-nila-creator-fix-100ml","status":"publish","type":"product","link":"https:\/\/stylingagenten.com\/sv\/produkt\/maria-nila-creator-fix-100ml\/","title":{"rendered":"Maria Nila Creator Fix 100ml"},"content":{"rendered":"<p>Ett vax som formar, stylar och binder ditt h\u00e5r med ett matt resultat. Anv\u00e4nds i torrt h\u00e5r. F\u00f6r kort till l\u00e5ngt h\u00e5r. Hold 6 av 6<\/p>\n","protected":false},"excerpt":{"rendered":"<p>Ett vax som formar, stylar och binder ditt h\u00e5r med ett matt resultat. Anv\u00e4nds i torrt h\u00e5r. F\u00f6r kort till l\u00e5ngt h\u00e5r. Hold 6 av 6<\/p>\n","protected":false},"featured_media":49085,"comment_status":"open","ping_status":"closed","template":"","meta":{"_trash_the_other_posts":false},"product_brand":[],"product_cat":[700],"product_tag":[],"berocket_brand":[1388],"class_list":{"0":"post-49087","1":"product","2":"type-product","3":"status-publish","4":"has-post-thumbnail","6":"product_cat-vax","7":"pa_brand-maria-nila","8":"berocket_brand-maria-nila","10":"first","11":"instock","12":"taxable","13":"shipping-taxable","14":"purchasable","15":"product-type-simple"},"_links":{"self":[{"href":"https:\/\/stylingagenten.com\/sv\/wp-json\/wp\/v2\/product\/49087","targetHints":{"allow":["GET"]}}],"collection":[{"href":"https:\/\/stylingagenten.com\/sv\/wp-json\/wp\/v2\/product"}],"about":[{"href":"https:\/\/stylingagenten.com\/sv\/wp-json\/wp\/v2\/types\/product"}],"replies":[{"embeddable":true,"href":"https:\/\/stylingagenten.com\/sv\/wp-json\/wp\/v2\/comments?post=49087"}],"version-history":[{"count":0,"href":"https:\/\/stylingagenten.com\/sv\/wp-json\/wp\/v2\/product\/49087\/revisions"}],"wp:featuredmedia":[{"embeddable":true,"href":"https:\/\/stylingagenten.com\/sv\/wp-json\/wp\/v2\/media\/49085"}],"wp:attachment":[{"href":"https:\/\/stylingagenten.com\/sv\/wp-json\/wp\/v2\/media?parent=49087"}],"wp:term":[{"taxonomy":"product_brand","embeddable":true,"href":"https:\/\/stylingagenten.com\/sv\/wp-json\/wp\/v2\/product_brand?post=49087"},{"taxonomy":"product_cat","embeddable":true,"href":"https:\/\/stylingagenten.com\/sv\/wp-json\/wp\/v2\/product_cat?post=49087"},{"taxonomy":"product_tag","embeddable":true,"href":"https:\/\/stylingagenten.com\/sv\/wp-json\/wp\/v2\/product_tag?post=49087"},{"taxonomy":"berocket_brand","embeddable":true,"href":"https:\/\/stylingagenten.com\/sv\/wp-json\/wp\/v2\/berocket_brand?post=49087"}],"curies":[{"name":"wp","href":"https:\/\/api.w.org\/{rel}","templated":true}]}}