{"id":49075,"date":"2025-02-25T15:52:21","date_gmt":"2025-02-25T15:52:21","guid":{"rendered":"https:\/\/staging2.stylingagenten.com\/sv\/produkt\/maria-nila-head-hair-heal-masque-250ml\/"},"modified":"2026-03-11T22:03:08","modified_gmt":"2026-03-11T22:03:08","slug":"maria-nila-head-hair-heal-masque-250ml","status":"publish","type":"product","link":"https:\/\/stylingagenten.com\/sv\/produkt\/maria-nila-head-hair-heal-masque-250ml\/","title":{"rendered":"Maria Nila Head &amp; Hair Heal Masque 250ml"},"content":{"rendered":"<p>En lugnande och h\u00e5rv\u00e4xtstimulerande h\u00e5rinpackning med naturligt aloe vera-extrakt och Piroctone Olamine som f\u00f6rebygger mj\u00e4ll och behandlar problem med h\u00e5rbotten. \u00c5terfuktar och ger balans med sina lugnande och l\u00e4kande ingredienser samtidigt som Apigenin och peptider stimulerar h\u00e5rs\u00e4ckarna. Head &amp; Hair Heal Masque har en allergenfri parfym som \u00e4r utvecklad f\u00f6r extra k\u00e4nslig hud och har en blommig doft av vit jasmin, galbanum och lindblomma. F\u00e4rgbevarande Colour Guard Complex skyddar ditt h\u00e5r mot UV-str\u00e5lning och fria radikaler.<\/p>\n","protected":false},"excerpt":{"rendered":"<p>En lugnande och h\u00e5rv\u00e4xtstimulerande h\u00e5rinpackning med naturligt aloe vera-extrakt och Piroctone Olamine som f\u00f6rebygger mj\u00e4ll och behandlar problem med h\u00e5rbotten. \u00c5terfuktar och ger balans med sina lugnande och l\u00e4kande ingredienser samtidigt som Apigenin och peptider stimulerar h\u00e5rs\u00e4ckarna. Head &amp; Hair Heal Masque har en allergenfri parfym som \u00e4r utvecklad f\u00f6r extra k\u00e4nslig hud och har [&hellip;]<\/p>\n","protected":false},"featured_media":49068,"comment_status":"open","ping_status":"closed","template":"","meta":{"_trash_the_other_posts":false},"product_brand":[],"product_cat":[620],"product_tag":[],"berocket_brand":[1388],"class_list":{"0":"post-49075","1":"product","2":"type-product","3":"status-publish","4":"has-post-thumbnail","6":"product_cat-harinpackning","7":"pa_brand-maria-nila","8":"berocket_brand-maria-nila","10":"first","11":"instock","12":"taxable","13":"shipping-taxable","14":"purchasable","15":"product-type-simple"},"_links":{"self":[{"href":"https:\/\/stylingagenten.com\/sv\/wp-json\/wp\/v2\/product\/49075","targetHints":{"allow":["GET"]}}],"collection":[{"href":"https:\/\/stylingagenten.com\/sv\/wp-json\/wp\/v2\/product"}],"about":[{"href":"https:\/\/stylingagenten.com\/sv\/wp-json\/wp\/v2\/types\/product"}],"replies":[{"embeddable":true,"href":"https:\/\/stylingagenten.com\/sv\/wp-json\/wp\/v2\/comments?post=49075"}],"version-history":[{"count":0,"href":"https:\/\/stylingagenten.com\/sv\/wp-json\/wp\/v2\/product\/49075\/revisions"}],"wp:featuredmedia":[{"embeddable":true,"href":"https:\/\/stylingagenten.com\/sv\/wp-json\/wp\/v2\/media\/49068"}],"wp:attachment":[{"href":"https:\/\/stylingagenten.com\/sv\/wp-json\/wp\/v2\/media?parent=49075"}],"wp:term":[{"taxonomy":"product_brand","embeddable":true,"href":"https:\/\/stylingagenten.com\/sv\/wp-json\/wp\/v2\/product_brand?post=49075"},{"taxonomy":"product_cat","embeddable":true,"href":"https:\/\/stylingagenten.com\/sv\/wp-json\/wp\/v2\/product_cat?post=49075"},{"taxonomy":"product_tag","embeddable":true,"href":"https:\/\/stylingagenten.com\/sv\/wp-json\/wp\/v2\/product_tag?post=49075"},{"taxonomy":"berocket_brand","embeddable":true,"href":"https:\/\/stylingagenten.com\/sv\/wp-json\/wp\/v2\/berocket_brand?post=49075"}],"curies":[{"name":"wp","href":"https:\/\/api.w.org\/{rel}","templated":true}]}}