{"id":49074,"date":"2025-02-25T15:52:21","date_gmt":"2025-02-25T15:52:21","guid":{"rendered":"https:\/\/staging2.stylingagenten.com\/sv\/produkt\/replay-signature-for-man-edt-100ml\/"},"modified":"2026-02-19T06:36:28","modified_gmt":"2026-02-19T06:36:28","slug":"replay-signature-for-man-edt-100ml","status":"publish","type":"product","link":"https:\/\/stylingagenten.com\/sv\/produkt\/replay-signature-for-man-edt-100ml\/","title":{"rendered":"Replay Signature For Man Edt 100ml"},"content":{"rendered":"<p>Med sin innovativa design str\u00e4var Replay Signature efter att \u00f6verf\u00f6ra andan fr\u00e5n Replay modekollektion till parfymv\u00e4rlden. Den institutionella formen p\u00e5 flaskan f\u00f6rst\u00e4rks av reliefer p\u00e5 b\u00e5da sidorna. Kamouflagemotivet pryder hela flaskan och g\u00f6r den mycket i\u00f6gonfallande. Doften \u00e4r den nya pulserande sensualiteten f\u00f6r m\u00e4n. Den f\u00f6rf\u00f6r omedelbart med sin karakteristiska f\u00f6rsta not av ros\u00e9peppar, bekr\u00e4ftad av frisk bergamott och varm kanel. Aromatiskt mintigt geranium och stark muskotn\u00f6t utvecklar en kraftfull maskulin kryddig blandning, harmoniserad av balsamisk ros och torrt cedertr\u00e4. Basen \u00e4r gjord av \u00e4dla tr\u00e4slag, vilket ger styrka och v\u00e4rme till doften tillsammans med delikata toner av amber-mysk.<\/p>\n<p>Toppnoter: Kanel, Ros\u00e9peppar, Bergamott<br \/>Hj\u00e4rtnoter: Cederttr\u00e4, Muskotn\u00f6t, Ros, Geranium, Mynta<br \/>Basnoter: \u00c4dla Tr\u00e4slag<\/p>\n","protected":false},"excerpt":{"rendered":"<p>Med sin innovativa design str\u00e4var Replay Signature efter att \u00f6verf\u00f6ra andan fr\u00e5n Replay modekollektion till parfymv\u00e4rlden. Den institutionella formen p\u00e5 flaskan f\u00f6rst\u00e4rks av reliefer p\u00e5 b\u00e5da sidorna. Kamouflagemotivet pryder hela flaskan och g\u00f6r den mycket i\u00f6gonfallande. Doften \u00e4r den nya pulserande sensualiteten f\u00f6r m\u00e4n. Den f\u00f6rf\u00f6r omedelbart med sin karakteristiska f\u00f6rsta not av ros\u00e9peppar, bekr\u00e4ftad [&hellip;]<\/p>\n","protected":false},"featured_media":49067,"comment_status":"open","ping_status":"closed","template":"","meta":{"_trash_the_other_posts":false},"product_brand":[],"product_cat":[709,735,1000],"product_tag":[4049],"berocket_brand":[1120],"class_list":{"0":"post-49074","1":"product","2":"type-product","3":"status-publish","4":"has-post-thumbnail","6":"product_cat-eau-de-toilette-herr","7":"product_cat-kampanj","8":"product_cat-kampanj-for-honom","9":"product_tag-replay-signature-for-man-edt","10":"pa_brand-replay","11":"pa_variant-100ml","12":"berocket_brand-replay","14":"first","15":"instock","16":"sale","17":"taxable","18":"shipping-taxable","19":"purchasable","20":"product-type-simple"},"_links":{"self":[{"href":"https:\/\/stylingagenten.com\/sv\/wp-json\/wp\/v2\/product\/49074","targetHints":{"allow":["GET"]}}],"collection":[{"href":"https:\/\/stylingagenten.com\/sv\/wp-json\/wp\/v2\/product"}],"about":[{"href":"https:\/\/stylingagenten.com\/sv\/wp-json\/wp\/v2\/types\/product"}],"replies":[{"embeddable":true,"href":"https:\/\/stylingagenten.com\/sv\/wp-json\/wp\/v2\/comments?post=49074"}],"version-history":[{"count":0,"href":"https:\/\/stylingagenten.com\/sv\/wp-json\/wp\/v2\/product\/49074\/revisions"}],"wp:featuredmedia":[{"embeddable":true,"href":"https:\/\/stylingagenten.com\/sv\/wp-json\/wp\/v2\/media\/49067"}],"wp:attachment":[{"href":"https:\/\/stylingagenten.com\/sv\/wp-json\/wp\/v2\/media?parent=49074"}],"wp:term":[{"taxonomy":"product_brand","embeddable":true,"href":"https:\/\/stylingagenten.com\/sv\/wp-json\/wp\/v2\/product_brand?post=49074"},{"taxonomy":"product_cat","embeddable":true,"href":"https:\/\/stylingagenten.com\/sv\/wp-json\/wp\/v2\/product_cat?post=49074"},{"taxonomy":"product_tag","embeddable":true,"href":"https:\/\/stylingagenten.com\/sv\/wp-json\/wp\/v2\/product_tag?post=49074"},{"taxonomy":"berocket_brand","embeddable":true,"href":"https:\/\/stylingagenten.com\/sv\/wp-json\/wp\/v2\/berocket_brand?post=49074"}],"curies":[{"name":"wp","href":"https:\/\/api.w.org\/{rel}","templated":true}]}}