{"id":49044,"date":"2025-02-25T15:52:15","date_gmt":"2025-02-25T15:52:15","guid":{"rendered":"https:\/\/staging2.stylingagenten.com\/sv\/produkt\/remington-your-style-dryer-kit\/"},"modified":"2026-03-11T22:04:28","modified_gmt":"2026-03-11T22:04:28","slug":"remington-your-style-dryer-kit","status":"publish","type":"product","link":"https:\/\/stylingagenten.com\/sv\/produkt\/remington-your-style-dryer-kit\/","title":{"rendered":"Remington Your Style Dryer Kit"},"content":{"rendered":"<p>Your Style Dryer Kit D5219<br \/>Skapa din personliga stil!<br \/>Your Style Dryer Kit hj\u00e4lper dig att skapa din egen stil och ger dig komplett stylingfrihet.<br \/>Vilken stil du \u00e4n best\u00e4mmer dig f\u00f6r s\u00e5 finns det ett tillbeh\u00f6r som \u00e4r till god hj\u00e4lp. F\u00f6r en lyxig sl\u00e4t och f\u00f6nad finish ska du v\u00e4lja Koncentrator. Om du har naturligt lockigt eller v\u00e5gigt h\u00e5r kan du anv\u00e4nda Diffuser f\u00f6r att f\u00f6rst\u00e4rka och forma frisyren. Och vill du ha en volym p\u00e5 h\u00e5ret som f\u00e5r folk att sp\u00e4rra upp \u00f6gonen, s\u00e5 v\u00e4lj den innovativa Root Boost.<\/p>\n<p>Flygigt och statiskt h\u00e5r bek\u00e4mpas med hj\u00e4lp av den smarta joniska conditioning som g\u00f6r h\u00e5ret sl\u00e4tt och gl\u00e4nsande. Med en professionell och kraftfull motor p\u00e5 2 300W, inst\u00e4llningar f\u00f6r v\u00e4rme och hastighet, s\u00e5 f\u00e5r du lika bra kontroll \u00f6ver f\u00f6ningen som om den utf\u00f6rdes p\u00e5 en salong.<\/p>\n<p>H\u00e5rtork med h\u00f6g prestanda och tillbeh\u00f6r f\u00f6r olika h\u00e5rstilar<br \/>Kraftfull motor p\u00e5 2300W och f\u00f6n 85 km\/t<br \/>Joniserings generator \u2013 90 % fler joner* tar bort statisk elektricitet och g\u00f6r h\u00e5ret mjukt och gl\u00e4nsande<br \/>3 inst\u00e4llningar f\u00f6r v\u00e4rme \/ 2 f\u00f6r hastighet<br \/>Cool shot-knapp f\u00f6r att fixera frisyren efter f\u00f6ning<br \/>Tystg\u00e5ende<br \/>Gallret p\u00e5 baksidan kan l\u00f6sg\u00f6ras f\u00f6r reng\u00f6ring<br \/>Upph\u00e4ngnings\u00f6gla<br \/>Vikt: ca. 435g<\/p>\n<p>Dryer Kit inneh\u00e5ller: Concentrator, som samlar luftstr\u00f6mmen f\u00f6r lyxig styling<br \/>Diffuser, som sprider luftstr\u00f6mmen och skapar naturliga lockar<br \/>Root Boost f\u00f6r mer volym.<\/p>\n","protected":false},"excerpt":{"rendered":"<p>Your Style Dryer Kit D5219Skapa din personliga stil!Your Style Dryer Kit hj\u00e4lper dig att skapa din egen stil och ger dig komplett stylingfrihet.Vilken stil du \u00e4n best\u00e4mmer dig f\u00f6r s\u00e5 finns det ett tillbeh\u00f6r som \u00e4r till god hj\u00e4lp. F\u00f6r en lyxig sl\u00e4t och f\u00f6nad finish ska du v\u00e4lja Koncentrator. Om du har naturligt lockigt [&hellip;]<\/p>\n","protected":false},"featured_media":49040,"comment_status":"open","ping_status":"closed","template":"","meta":{"_trash_the_other_posts":false},"product_brand":[],"product_cat":[612],"product_tag":[],"berocket_brand":[1272],"class_list":{"0":"post-49044","1":"product","2":"type-product","3":"status-publish","4":"has-post-thumbnail","6":"product_cat-harfon","7":"pa_brand-remington","8":"berocket_brand-remington","10":"first","11":"instock","12":"taxable","13":"shipping-taxable","14":"purchasable","15":"product-type-simple"},"_links":{"self":[{"href":"https:\/\/stylingagenten.com\/sv\/wp-json\/wp\/v2\/product\/49044","targetHints":{"allow":["GET"]}}],"collection":[{"href":"https:\/\/stylingagenten.com\/sv\/wp-json\/wp\/v2\/product"}],"about":[{"href":"https:\/\/stylingagenten.com\/sv\/wp-json\/wp\/v2\/types\/product"}],"replies":[{"embeddable":true,"href":"https:\/\/stylingagenten.com\/sv\/wp-json\/wp\/v2\/comments?post=49044"}],"version-history":[{"count":0,"href":"https:\/\/stylingagenten.com\/sv\/wp-json\/wp\/v2\/product\/49044\/revisions"}],"wp:featuredmedia":[{"embeddable":true,"href":"https:\/\/stylingagenten.com\/sv\/wp-json\/wp\/v2\/media\/49040"}],"wp:attachment":[{"href":"https:\/\/stylingagenten.com\/sv\/wp-json\/wp\/v2\/media?parent=49044"}],"wp:term":[{"taxonomy":"product_brand","embeddable":true,"href":"https:\/\/stylingagenten.com\/sv\/wp-json\/wp\/v2\/product_brand?post=49044"},{"taxonomy":"product_cat","embeddable":true,"href":"https:\/\/stylingagenten.com\/sv\/wp-json\/wp\/v2\/product_cat?post=49044"},{"taxonomy":"product_tag","embeddable":true,"href":"https:\/\/stylingagenten.com\/sv\/wp-json\/wp\/v2\/product_tag?post=49044"},{"taxonomy":"berocket_brand","embeddable":true,"href":"https:\/\/stylingagenten.com\/sv\/wp-json\/wp\/v2\/berocket_brand?post=49044"}],"curies":[{"name":"wp","href":"https:\/\/api.w.org\/{rel}","templated":true}]}}