{"id":49038,"date":"2025-02-25T15:52:15","date_gmt":"2025-02-25T15:52:15","guid":{"rendered":"https:\/\/staging2.stylingagenten.com\/sv\/produkt\/remington-thermacare-pro-2200\/"},"modified":"2026-04-14T10:18:32","modified_gmt":"2026-04-14T10:18:32","slug":"remington-thermacare-pro-2200","status":"publish","type":"product","link":"https:\/\/stylingagenten.com\/sv\/produkt\/remington-thermacare-pro-2200\/","title":{"rendered":"Remington Thermacare PRO 2200"},"content":{"rendered":"<p>THERMACARE PRO 2200 DRYER<br \/>For a cool, collected you<\/p>\n<p>Med Thermacare Pro 2200 kan du torka ditt h\u00e5r snabbt men med mindre v\u00e4rme* f\u00f6r att erbjuda de skydd du beh\u00f6ver f\u00f6r att undvika on\u00f6digt slitage, utan att kompromissa med prestandan.<br \/>Den eleganta mattsvarta h\u00e5rf\u00f6nen har en prestanda p\u00e5 2200W men med mindre v\u00e4rme f\u00f6r att ge extra skydd till h\u00e5ret. Det keramiska gallret ger en j\u00e4mn och stabil v\u00e4rmef\u00f6rdelning och med den joniska konditioneringen motverar du statisk elektricitet och f\u00e5r ett j\u00e4mnt och sl\u00e4tt resultat. Det bakre gallret \u00e4r avtagbart och l\u00e4tt att reng\u00f6ra och g\u00f6r det enklare \u00e4n n\u00e5gonsin att underh\u00e5lla.<br \/>Med 3 v\u00e4rmel\u00e4gen och 2 hastigheter kan du anpassa den efter ditt behov. Avsluta stylingen med kalluft f\u00f6r att s\u00e4kerst\u00e4lla att din frisyr h\u00e5ller f\u00f6r allt dagen kan ha att erbjuda.<\/p>\n<p>Funktioner<br \/>\u20222200W prestanda \/ 80km\/h luftfl\u00f6de<br \/>\u2022Kraftfull men mild 2000W h\u00e5rf\u00f6n med samma torkhastighet som en 2200 Watts h\u00e5rf\u00f6n men med mer skydd*.<br \/>\u2022Keramisk grill med antistatisk grill<br \/>\u2022Smalt f\u00f6nmunstycke<br \/>\u2022Justerbar inst\u00e4llning: 3 v\u00e4rmel\u00e4gen \/ 2 hastigheter<br \/>\u2022Kalluftsfunkion<br \/>\u2022Upph\u00e4ngnings\u00f6gla<br \/>\u2022L\u00f6stagbart galler f\u00f6r enkel reng\u00f6ring<br \/>\u20222 \u00e5rs garanti +1 \u00e5r vid registrering online<\/p>\n<p>*J\u00e4mf\u00f6rt med en standard Remington 2200W h\u00e5rf\u00f6n<\/p>\n","protected":false},"excerpt":{"rendered":"<p>THERMACARE PRO 2200 DRYERFor a cool, collected you Med Thermacare Pro 2200 kan du torka ditt h\u00e5r snabbt men med mindre v\u00e4rme* f\u00f6r att erbjuda de skydd du beh\u00f6ver f\u00f6r att undvika on\u00f6digt slitage, utan att kompromissa med prestandan.Den eleganta mattsvarta h\u00e5rf\u00f6nen har en prestanda p\u00e5 2200W men med mindre v\u00e4rme f\u00f6r att ge extra [&hellip;]<\/p>\n","protected":false},"featured_media":49033,"comment_status":"open","ping_status":"closed","template":"","meta":{"_trash_the_other_posts":false},"product_brand":[],"product_cat":[612],"product_tag":[],"berocket_brand":[1272],"class_list":{"0":"post-49038","1":"product","2":"type-product","3":"status-publish","4":"has-post-thumbnail","6":"product_cat-harfon","7":"pa_brand-remington","8":"berocket_brand-remington","10":"first","11":"instock","12":"taxable","13":"shipping-taxable","14":"purchasable","15":"product-type-simple"},"_links":{"self":[{"href":"https:\/\/stylingagenten.com\/sv\/wp-json\/wp\/v2\/product\/49038","targetHints":{"allow":["GET"]}}],"collection":[{"href":"https:\/\/stylingagenten.com\/sv\/wp-json\/wp\/v2\/product"}],"about":[{"href":"https:\/\/stylingagenten.com\/sv\/wp-json\/wp\/v2\/types\/product"}],"replies":[{"embeddable":true,"href":"https:\/\/stylingagenten.com\/sv\/wp-json\/wp\/v2\/comments?post=49038"}],"version-history":[{"count":0,"href":"https:\/\/stylingagenten.com\/sv\/wp-json\/wp\/v2\/product\/49038\/revisions"}],"wp:featuredmedia":[{"embeddable":true,"href":"https:\/\/stylingagenten.com\/sv\/wp-json\/wp\/v2\/media\/49033"}],"wp:attachment":[{"href":"https:\/\/stylingagenten.com\/sv\/wp-json\/wp\/v2\/media?parent=49038"}],"wp:term":[{"taxonomy":"product_brand","embeddable":true,"href":"https:\/\/stylingagenten.com\/sv\/wp-json\/wp\/v2\/product_brand?post=49038"},{"taxonomy":"product_cat","embeddable":true,"href":"https:\/\/stylingagenten.com\/sv\/wp-json\/wp\/v2\/product_cat?post=49038"},{"taxonomy":"product_tag","embeddable":true,"href":"https:\/\/stylingagenten.com\/sv\/wp-json\/wp\/v2\/product_tag?post=49038"},{"taxonomy":"berocket_brand","embeddable":true,"href":"https:\/\/stylingagenten.com\/sv\/wp-json\/wp\/v2\/berocket_brand?post=49038"}],"curies":[{"name":"wp","href":"https:\/\/api.w.org\/{rel}","templated":true}]}}