{"id":49023,"date":"2025-02-25T15:52:12","date_gmt":"2025-02-25T15:52:12","guid":{"rendered":"https:\/\/staging2.stylingagenten.com\/sv\/produkt\/joico-blonde-life-violet-shampoo-1000ml\/"},"modified":"2026-04-10T10:28:23","modified_gmt":"2026-04-10T10:28:23","slug":"joico-blonde-life-violet-shampoo-1000ml","status":"publish","type":"product","link":"https:\/\/stylingagenten.com\/sv\/produkt\/joico-blonde-life-violet-shampoo-1000ml\/","title":{"rendered":"Joico Blonde Life Violet Shampoo 1000ml"},"content":{"rendered":"<p>Bevara dina kalla toner med Blonde Life Violet Shampoo. Ett rikt l\u00f6ddrande, sulfatfritt schampo som omedelbart neutraliserar o\u00f6nskade varma och gula toner, s\u00e5 att blonda h\u00e5r bevaras kalla.<\/p>\n<p>D\u00c4RF\u00d6R KOMMER DU \u00c4LSKA DEN:<br \/>Sulfatfri<br \/>Rikt l\u00f6dder som skonsamt reng\u00f6r h\u00e5ret<br \/>L\u00e4tt f\u00f6rh\u00f6jt pH-v\u00e4rde g\u00f6r att f\u00e4rgpigmenten l\u00e4ttare tr\u00e4nger in i h\u00e5ret<br \/>Neutraliserar o\u00f6nskade varma och gula toner<br \/>Motverkar att gula toner uppst\u00e5r<br \/>Bevarar kalla och klara toner i kalla, blonda f\u00e4rger<br \/>V\u00e5rdar och skyddar<\/p>\n<p>ANV\u00c4NDNING<br \/>Applicera i v\u00e5tt h\u00e5r. L\u00f6ddra. L\u00e5t verka i 1-3 minuter. Sk\u00f6lj och f\u00f6lj upp med Blonde Life Violet Conditioner f\u00f6r optimalt resultat och f\u00f6r att f\u00f6rsegla de kalla pigmenten.<br \/>Anv\u00e4nd 2-3 g\u00e5nger i veckan f\u00f6r att bibeh\u00e5lla kalla toner.<\/p>\n","protected":false},"excerpt":{"rendered":"<p>Bevara dina kalla toner med Blonde Life Violet Shampoo. Ett rikt l\u00f6ddrande, sulfatfritt schampo som omedelbart neutraliserar o\u00f6nskade varma och gula toner, s\u00e5 att blonda h\u00e5r bevaras kalla. D\u00c4RF\u00d6R KOMMER DU \u00c4LSKA DEN:SulfatfriRikt l\u00f6dder som skonsamt reng\u00f6r h\u00e5retL\u00e4tt f\u00f6rh\u00f6jt pH-v\u00e4rde g\u00f6r att f\u00e4rgpigmenten l\u00e4ttare tr\u00e4nger in i h\u00e5retNeutraliserar o\u00f6nskade varma och gula tonerMotverkar att gula [&hellip;]<\/p>\n","protected":false},"featured_media":49022,"comment_status":"open","ping_status":"closed","template":"","meta":{"_trash_the_other_posts":false},"product_brand":[],"product_cat":[563,1004,1003],"product_tag":[3119],"berocket_brand":[1372],"class_list":{"0":"post-49023","1":"product","2":"type-product","3":"status-publish","4":"has-post-thumbnail","6":"product_cat-schampo","7":"product_cat-silverschampo","8":"product_cat-toppsaljare","9":"product_tag-joico-blonde-life-violet-shampoo","10":"pa_brand-joico","11":"pa_variant-1000ml","12":"berocket_brand-joico","14":"first","15":"outofstock","16":"sale","17":"taxable","18":"shipping-taxable","19":"purchasable","20":"product-type-simple"},"_links":{"self":[{"href":"https:\/\/stylingagenten.com\/sv\/wp-json\/wp\/v2\/product\/49023","targetHints":{"allow":["GET"]}}],"collection":[{"href":"https:\/\/stylingagenten.com\/sv\/wp-json\/wp\/v2\/product"}],"about":[{"href":"https:\/\/stylingagenten.com\/sv\/wp-json\/wp\/v2\/types\/product"}],"replies":[{"embeddable":true,"href":"https:\/\/stylingagenten.com\/sv\/wp-json\/wp\/v2\/comments?post=49023"}],"version-history":[{"count":0,"href":"https:\/\/stylingagenten.com\/sv\/wp-json\/wp\/v2\/product\/49023\/revisions"}],"wp:featuredmedia":[{"embeddable":true,"href":"https:\/\/stylingagenten.com\/sv\/wp-json\/wp\/v2\/media\/49022"}],"wp:attachment":[{"href":"https:\/\/stylingagenten.com\/sv\/wp-json\/wp\/v2\/media?parent=49023"}],"wp:term":[{"taxonomy":"product_brand","embeddable":true,"href":"https:\/\/stylingagenten.com\/sv\/wp-json\/wp\/v2\/product_brand?post=49023"},{"taxonomy":"product_cat","embeddable":true,"href":"https:\/\/stylingagenten.com\/sv\/wp-json\/wp\/v2\/product_cat?post=49023"},{"taxonomy":"product_tag","embeddable":true,"href":"https:\/\/stylingagenten.com\/sv\/wp-json\/wp\/v2\/product_tag?post=49023"},{"taxonomy":"berocket_brand","embeddable":true,"href":"https:\/\/stylingagenten.com\/sv\/wp-json\/wp\/v2\/berocket_brand?post=49023"}],"curies":[{"name":"wp","href":"https:\/\/api.w.org\/{rel}","templated":true}]}}